{"id":17517,"date":"2023-11-17T11:53:09","date_gmt":"2023-11-17T11:53:09","guid":{"rendered":"https:\/\/akcharcosmetics.com\/?post_type=product&#038;p=17517"},"modified":"2025-06-02T05:27:13","modified_gmt":"2025-06-02T05:27:13","slug":"cascara-sagrada","status":"publish","type":"product","link":"https:\/\/akcharcosmetics.com\/fr\/produit\/cascara-sagrada\/","title":{"rendered":"Cascara Sagrada"},"content":{"rendered":"<p><b>Les avantages et bienfaits de compl\u00e9ment alimentaire Cascara Sagrada?\u00a0<\/b><\/p>\n<p><span style=\"font-weight: 400;\">Soutien Digestif : Le Cascara Sagrada est reconnu pour son potentiel \u00e0 favoriser une digestion saine en soulageant la constipation occasionnelle.\u00a0<\/span><\/p>\n<p><span style=\"font-weight: 400;\">Soulagement en Douceur : Il offre un soulagement en douceur et naturel, sans les effets ind\u00e9sirables de certains laxatifs.<\/span><\/p>\n<p><span style=\"font-weight: 400;\">Bien-\u00eatre Intestinal : Le Cascara Sagrada contribue au confort intestinal et \u00e0 la r\u00e9gularit\u00e9 des selles.\u00a0<\/span><\/p>\n<p><span style=\"font-weight: 400;\">Soutien \u00e0 la D\u00e9toxification : Il aide \u00e0 \u00e9liminer les d\u00e9chets et les toxines du corps.\u00a0<\/span><\/p>\n<p><span style=\"font-weight: 400;\">Antioxydant Naturel : Le Cascara Sagrada est riche en antioxydants qui aident \u00e0 prot\u00e9ger les cellules du corps.\u00a0<\/span><\/p>\n<p><span style=\"font-weight: 400;\">Facile \u00e0 Int\u00e9grer : Les capsules de Cascara Sagrada sont faciles \u00e0 avaler et peuvent \u00eatre int\u00e9gr\u00e9es ais\u00e9ment \u00e0 votre routine quotidienne de bien-\u00eatre.\u00a0<\/span><\/p>\n<p><span style=\"font-weight: 400;\">Qualit\u00e9 et S\u00e9curit\u00e9 : Notre produit est fabriqu\u00e9 dans une installation certifi\u00e9e ONSSA , ISO pour garantir la qualit\u00e9, la puret\u00e9 et la s\u00e9curit\u00e9.\u00a0<\/span><\/p>\n<p><span style=\"font-weight: 400;\">Le Cascara Sagrada est une solution naturelle pour am\u00e9liorer votre sant\u00e9 digestive et le confort intestinal. Optez pour le Cascara Sagrada et offrez \u00e0 votre syst\u00e8me digestif un soutien naturel.\u00a0<\/span><\/p>\n","protected":false},"excerpt":{"rendered":"<p><span style=\"font-weight: 400;\">D\u00e9couvrez les bienfaits naturels et apaisants de notre compl\u00e9ment alimentaire \u00e0 base de Cascara Sagrada, une plante traditionnellement utilis\u00e9e pour soutenir la sant\u00e9 digestive et le confort intestinal. Le Cascara Sagrada est une source naturelle de soulagement pour favoriser une digestion saine.\u00a0<\/span><\/p>\n","protected":false},"featured_media":17521,"comment_status":"open","ping_status":"closed","template":"","meta":[],"product_brand":[],"product_cat":[201],"product_tag":[],"class_list":{"0":"post-17517","1":"product","2":"type-product","3":"status-publish","4":"has-post-thumbnail","6":"product_cat-complements-alimentaires","8":"first","9":"instock","10":"taxable","11":"shipping-taxable","12":"purchasable","13":"product-type-variable"},"_links":{"self":[{"href":"https:\/\/akcharcosmetics.com\/fr\/wp-json\/wp\/v2\/product\/17517","targetHints":{"allow":["GET"]}}],"collection":[{"href":"https:\/\/akcharcosmetics.com\/fr\/wp-json\/wp\/v2\/product"}],"about":[{"href":"https:\/\/akcharcosmetics.com\/fr\/wp-json\/wp\/v2\/types\/product"}],"replies":[{"embeddable":true,"href":"https:\/\/akcharcosmetics.com\/fr\/wp-json\/wp\/v2\/comments?post=17517"}],"version-history":[{"count":0,"href":"https:\/\/akcharcosmetics.com\/fr\/wp-json\/wp\/v2\/product\/17517\/revisions"}],"wp:featuredmedia":[{"embeddable":true,"href":"https:\/\/akcharcosmetics.com\/fr\/wp-json\/wp\/v2\/media\/17521"}],"wp:attachment":[{"href":"https:\/\/akcharcosmetics.com\/fr\/wp-json\/wp\/v2\/media?parent=17517"}],"wp:term":[{"taxonomy":"product_brand","embeddable":true,"href":"https:\/\/akcharcosmetics.com\/fr\/wp-json\/wp\/v2\/product_brand?post=17517"},{"taxonomy":"product_cat","embeddable":true,"href":"https:\/\/akcharcosmetics.com\/fr\/wp-json\/wp\/v2\/product_cat?post=17517"},{"taxonomy":"product_tag","embeddable":true,"href":"https:\/\/akcharcosmetics.com\/fr\/wp-json\/wp\/v2\/product_tag?post=17517"}],"curies":[{"name":"wp","href":"https:\/\/api.w.org\/{rel}","templated":true}]}}