{"id":17487,"date":"2023-11-17T11:42:14","date_gmt":"2023-11-17T11:42:14","guid":{"rendered":"https:\/\/akcharcosmetics.com\/?post_type=product&#038;p=17487"},"modified":"2024-12-17T14:04:17","modified_gmt":"2024-12-17T14:04:17","slug":"black-walnut-hulls","status":"publish","type":"product","link":"https:\/\/akcharcosmetics.com\/fr\/produit\/black-walnut-hulls\/","title":{"rendered":"Black Walnut Hulls"},"content":{"rendered":"<p><b>Les avantages et les bienfaits de compl\u00e9ment alimentaire de Coque de noyer noir?\u00a0<\/b><\/p>\n<p><span style=\"font-weight: 400;\">Soutien Digestif : Les coques de noyer noir peuvent favoriser une digestion saine en soutenant l&rsquo;\u00e9quilibre du microbiome intestinal.<\/span><\/p>\n<p><span style=\"font-weight: 400;\">D\u00e9toxification Naturelle : Elles sont reconnues pour leur potentiel \u00e0 \u00e9liminer les parasites intestinaux et \u00e0 d\u00e9toxifier le corps.\u00a0<\/span><\/p>\n<p><span style=\"font-weight: 400;\">Antioxydant Naturel : Les coques de noyer noir sont riches en antioxydants qui aident \u00e0 prot\u00e9ger les cellules du corps contre les dommages oxydatifs.\u00a0<\/span><\/p>\n<p><span style=\"font-weight: 400;\">Soutien Immunitaire : Les nutriments contenus dans les coques de noyer noir renforcent le syst\u00e8me immunitaire pour une meilleure r\u00e9sistance aux infections.\u00a0<\/span><\/p>\n<p><span style=\"font-weight: 400;\">Soutien au Bien-\u00eatre Digestif : Elles favorisent un ventre plat et un bien-\u00eatre intestinal.\u00a0<\/span><\/p>\n<p><span style=\"font-weight: 400;\">Facile \u00e0 Int\u00e9grer : Les capsules de coques de noyer noir sont faciles \u00e0 avaler et peuvent \u00eatre int\u00e9gr\u00e9es ais\u00e9ment \u00e0 votre routine quotidienne de bien-\u00eatre.\u00a0<\/span><\/p>\n<p><span style=\"font-weight: 400;\">Qualit\u00e9 et S\u00e9curit\u00e9 : Notre produit est fabriqu\u00e9 dans une installation certifi\u00e9e ONSSA , ISO pour garantir la qualit\u00e9, la puret\u00e9 et la s\u00e9curit\u00e9.\u00a0<\/span><\/p>\n<p><span style=\"font-weight: 400;\">Les coques de noyer noir sont une solution naturelle pour am\u00e9liorer votre sant\u00e9 digestive et soutenir la d\u00e9toxification de votre corps. Optez pour les coques de noyer noir et offrez \u00e0 votre corps un moyen naturel de se sentir mieux.\u00a0<\/span><\/p>\n","protected":false},"excerpt":{"rendered":"<p><span style=\"font-weight: 400;\">D\u00e9couvrez les bienfaits naturels et purifiants de notre compl\u00e9ment alimentaire \u00e0 base de coques de noyer noir. Les coques de noyer noir sont connues depuis des si\u00e8cles pour leurs propri\u00e9t\u00e9s b\u00e9n\u00e9fiques pour la sant\u00e9, notamment en mati\u00e8re de soutien digestif et de d\u00e9toxification.\u00a0<\/span><\/p>\n","protected":false},"featured_media":17494,"comment_status":"open","ping_status":"closed","template":"","meta":[],"product_brand":[],"product_cat":[201],"product_tag":[],"class_list":{"0":"post-17487","1":"product","2":"type-product","3":"status-publish","4":"has-post-thumbnail","6":"product_cat-complements-alimentaires","8":"first","9":"instock","10":"taxable","11":"shipping-taxable","12":"purchasable","13":"product-type-variable"},"_links":{"self":[{"href":"https:\/\/akcharcosmetics.com\/fr\/wp-json\/wp\/v2\/product\/17487","targetHints":{"allow":["GET"]}}],"collection":[{"href":"https:\/\/akcharcosmetics.com\/fr\/wp-json\/wp\/v2\/product"}],"about":[{"href":"https:\/\/akcharcosmetics.com\/fr\/wp-json\/wp\/v2\/types\/product"}],"replies":[{"embeddable":true,"href":"https:\/\/akcharcosmetics.com\/fr\/wp-json\/wp\/v2\/comments?post=17487"}],"version-history":[{"count":0,"href":"https:\/\/akcharcosmetics.com\/fr\/wp-json\/wp\/v2\/product\/17487\/revisions"}],"wp:featuredmedia":[{"embeddable":true,"href":"https:\/\/akcharcosmetics.com\/fr\/wp-json\/wp\/v2\/media\/17494"}],"wp:attachment":[{"href":"https:\/\/akcharcosmetics.com\/fr\/wp-json\/wp\/v2\/media?parent=17487"}],"wp:term":[{"taxonomy":"product_brand","embeddable":true,"href":"https:\/\/akcharcosmetics.com\/fr\/wp-json\/wp\/v2\/product_brand?post=17487"},{"taxonomy":"product_cat","embeddable":true,"href":"https:\/\/akcharcosmetics.com\/fr\/wp-json\/wp\/v2\/product_cat?post=17487"},{"taxonomy":"product_tag","embeddable":true,"href":"https:\/\/akcharcosmetics.com\/fr\/wp-json\/wp\/v2\/product_tag?post=17487"}],"curies":[{"name":"wp","href":"https:\/\/api.w.org\/{rel}","templated":true}]}}