{"id":17472,"date":"2023-11-17T11:36:58","date_gmt":"2023-11-17T11:36:58","guid":{"rendered":"https:\/\/akcharcosmetics.com\/?post_type=product&#038;p=17472"},"modified":"2024-12-17T14:04:18","modified_gmt":"2024-12-17T14:04:18","slug":"black-cohosh","status":"publish","type":"product","link":"https:\/\/akcharcosmetics.com\/fr\/produit\/black-cohosh\/","title":{"rendered":"Black Cohosh"},"content":{"rendered":"<p><span style=\"font-weight: 400;\">Il favorise le fonctionnement normal du syst\u00e8me hormonal f\u00e9minin en soulageant les sautes d&rsquo;humeur, les bouff\u00e9es de chaleur et autres sympt\u00f4mes li\u00e9s \u00e0 la m\u00e9nopause. Cela englobe autant les inconforts physiques que mentaux. Veuillez noter qu&rsquo;il ne convient pas \u00e0 une utilisation pendant la grossesse ou l&rsquo;allaitement. Le Cimicifuga est une source naturelle de r\u00e9confort pour les femmes \u00e0 diff\u00e9rentes \u00e9tapes de leur vie.\u00a0<\/span><\/p>\n<p><b>Les avantages et bienfaits de compl\u00e9ment alimentaire Black Cohosh?<\/b><\/p>\n<p>&nbsp;<\/p>\n<p><span style=\"font-weight: 400;\">&#8211; <\/span><b>Soutien Hormonal : <\/b><span style=\"font-weight: 400;\">Le Black Cohosh est reconnu pour son potentiel \u00e0 soutenir l&rsquo;\u00e9quilibre hormonal, soulageant ainsi les sympt\u00f4mes associ\u00e9s \u00e0 la m\u00e9nopause et au cycle menstruel.\u00a0<\/span><\/p>\n<p><span style=\"font-weight: 400;\">&#8211; <\/span><b>Soulagement des Bouff\u00e9es de Chaleur : <\/b><span style=\"font-weight: 400;\">Il aide \u00e0 r\u00e9duire les bouff\u00e9es de chaleur et les sympt\u00f4mes de la m\u00e9nopause, favorisant le confort et le bien-\u00eatre.\u00a0<\/span><\/p>\n<p><span style=\"font-weight: 400;\">&#8211; <\/span><b>Soutien au Syst\u00e8me Reproducteur : <\/b><span style=\"font-weight: 400;\">Le Black Cohosh favorise la sant\u00e9 du syst\u00e8me reproducteur f\u00e9minin.\u00a0<\/span><\/p>\n<p><span style=\"font-weight: 400;\">&#8211; <\/span><b>Bien-\u00eatre Mental : <\/b><span style=\"font-weight: 400;\">Il contribue \u00e0 une humeur \u00e9quilibr\u00e9e et \u00e0 la r\u00e9duction de l&rsquo;irritabilit\u00e9.\u00a0<\/span><\/p>\n<p><span style=\"font-weight: 400;\">&#8211; <\/span><b>Soutien Musculo-Squelettique : <\/b><span style=\"font-weight: 400;\">Le Black Cohosh aide \u00e0 soulager les douleurs musculaires et articulaires.\u00a0<\/span><\/p>\n<p><span style=\"font-weight: 400;\">&#8211; <\/span><b>Facile \u00e0 Int\u00e9grer : <\/b><span style=\"font-weight: 400;\">Les capsules de Black Cohosh sont faciles \u00e0 avaler et peuvent \u00eatre int\u00e9gr\u00e9es ais\u00e9ment \u00e0 votre routine quotidienne de bien-\u00eatre.\u00a0<\/span><\/p>\n<p><span style=\"font-weight: 400;\">&#8211; <\/span><b>Qualit\u00e9 et S\u00e9curit\u00e9 : <\/b><span style=\"font-weight: 400;\">Notre produit est fabriqu\u00e9 dans une installation certifi\u00e9e ONSSA , ISO pour garantir la qualit\u00e9, la puret\u00e9 et la s\u00e9curit\u00e9.\u00a0<\/span><\/p>\n<p><span style=\"font-weight: 400;\">Le Black Cohosh d\u2019Akchar est une solution naturelle pour soutenir la sant\u00e9 f\u00e9minine et le bien-\u00eatre hormonal. Optez pour le Black Cohosh et menez une vie confortable.\u00a0<\/span><\/p>\n","protected":false},"excerpt":{"rendered":"<p><span style=\"font-weight: 400;\">D\u00e9couvrez les propri\u00e9t\u00e9s apaisantes et \u00e9quilibrantes de notre compl\u00e9ment alimentaire \u00e0 base de Cimicifuga (ou Act\u00e9e \u00e0 Grappes Noires), une plante traditionnelle employ\u00e9e depuis des si\u00e8cles pour soutenir la sant\u00e9 des femmes et le bien-\u00eatre hormonal.\u00a0<\/span><\/p>\n","protected":false},"featured_media":17479,"comment_status":"open","ping_status":"closed","template":"","meta":[],"product_brand":[],"product_cat":[201],"product_tag":[],"class_list":{"0":"post-17472","1":"product","2":"type-product","3":"status-publish","4":"has-post-thumbnail","6":"product_cat-complements-alimentaires","8":"first","9":"instock","10":"taxable","11":"shipping-taxable","12":"purchasable","13":"product-type-variable"},"_links":{"self":[{"href":"https:\/\/akcharcosmetics.com\/fr\/wp-json\/wp\/v2\/product\/17472","targetHints":{"allow":["GET"]}}],"collection":[{"href":"https:\/\/akcharcosmetics.com\/fr\/wp-json\/wp\/v2\/product"}],"about":[{"href":"https:\/\/akcharcosmetics.com\/fr\/wp-json\/wp\/v2\/types\/product"}],"replies":[{"embeddable":true,"href":"https:\/\/akcharcosmetics.com\/fr\/wp-json\/wp\/v2\/comments?post=17472"}],"version-history":[{"count":0,"href":"https:\/\/akcharcosmetics.com\/fr\/wp-json\/wp\/v2\/product\/17472\/revisions"}],"wp:featuredmedia":[{"embeddable":true,"href":"https:\/\/akcharcosmetics.com\/fr\/wp-json\/wp\/v2\/media\/17479"}],"wp:attachment":[{"href":"https:\/\/akcharcosmetics.com\/fr\/wp-json\/wp\/v2\/media?parent=17472"}],"wp:term":[{"taxonomy":"product_brand","embeddable":true,"href":"https:\/\/akcharcosmetics.com\/fr\/wp-json\/wp\/v2\/product_brand?post=17472"},{"taxonomy":"product_cat","embeddable":true,"href":"https:\/\/akcharcosmetics.com\/fr\/wp-json\/wp\/v2\/product_cat?post=17472"},{"taxonomy":"product_tag","embeddable":true,"href":"https:\/\/akcharcosmetics.com\/fr\/wp-json\/wp\/v2\/product_tag?post=17472"}],"curies":[{"name":"wp","href":"https:\/\/api.w.org\/{rel}","templated":true}]}}