{"id":17441,"date":"2023-11-17T11:27:07","date_gmt":"2023-11-17T11:27:07","guid":{"rendered":"https:\/\/akcharcosmetics.com\/?post_type=product&#038;p=17441"},"modified":"2025-09-12T09:36:51","modified_gmt":"2025-09-12T09:36:51","slug":"bacopa","status":"publish","type":"product","link":"https:\/\/akcharcosmetics.com\/fr\/produit\/bacopa\/","title":{"rendered":"Bacopa"},"content":{"rendered":"<p><b>Les avantages et les bienfaits du compl\u00e9ment alimentaire Bacopa?<\/b><b>\u00a0<\/b><\/p>\n<p><span style=\"font-weight: 400;\">&#8211; <\/span><b>Am\u00e9lioration de la Clart\u00e9 Mentale : <\/b><span style=\"font-weight: 400;\">Le Bacopa est reconnu pour son potentiel<\/span> <span style=\"font-weight: 400;\">\u00e0 am\u00e9liorer la clart\u00e9 mentale, la concentration, et la m\u00e9moire.<\/span><span style=\"font-weight: 400;\">\u00a0<\/span><\/p>\n<p><span style=\"font-weight: 400;\">&#8211; <\/span><b>Soutien \u00e0 la Gestion du Stress : <\/b><span style=\"font-weight: 400;\">Il<\/span> <span style=\"font-weight: 400;\">aide \u00e0 r\u00e9duire le stress et l&rsquo;anxi\u00e9t\u00e9,<\/span> <span style=\"font-weight: 400;\">favorisant ainsi une sant\u00e9 mentale \u00e9quilibr\u00e9e.<\/span><\/p>\n<p><span style=\"font-weight: 400;\">&#8211; <\/span><b>Soutien Cognitif : <\/b><span style=\"font-weight: 400;\">Le Bacopa favorise la sant\u00e9 cognitive, y compris la<\/span> <span style=\"font-weight: 400;\">m\u00e9moire et les fonctions cognitives.<\/span><span style=\"font-weight: 400;\">\u00a0<\/span><\/p>\n<p><span style=\"font-weight: 400;\">&#8211; <\/span><b>Soutien \u00e0 l&rsquo;Apprentissage : <\/b><span style=\"font-weight: 400;\">Il<\/span> <span style=\"font-weight: 400;\">am\u00e9liore la capacit\u00e9 d&rsquo;apprentissage et la<\/span> <span style=\"font-weight: 400;\">r\u00e9tention des informations.<\/span><span style=\"font-weight: 400;\">\u00a0<\/span><\/p>\n<p><span style=\"font-weight: 400;\">&#8211; <\/span><b>Soutien \u00e0 la Qualit\u00e9 du Sommeil : <\/b><span style=\"font-weight: 400;\">Le Bacopa contribue \u00e0 un sommeil de<\/span> <span style=\"font-weight: 400;\">meilleure qualit\u00e9, favorisant ainsi une r\u00e9cup\u00e9ration ad\u00e9quate.<\/span><span style=\"font-weight: 400;\">\u00a0<\/span><\/p>\n<p><span style=\"font-weight: 400;\">&#8211; <\/span><b>Facile \u00e0 Int\u00e9grer : <\/b><span style=\"font-weight: 400;\">Les capsules de Bacopa sont faciles \u00e0 avaler et peuvent<\/span> <span style=\"font-weight: 400;\">\u00eatre int\u00e9gr\u00e9es ais\u00e9ment \u00e0 votre routine quotidienne de bien-\u00eatre.<\/span><span style=\"font-weight: 400;\">\u00a0<\/span><\/p>\n<p><span style=\"font-weight: 400;\">&#8211; <\/span><b>Qualit\u00e9 et S\u00e9curit\u00e9 : <\/b><span style=\"font-weight: 400;\">Notre produit est fabriqu\u00e9 dans une installation certifi\u00e9e<\/span> <span style=\"font-weight: 400;\">ONSSA , ISO pour garantir la qualit\u00e9, la puret\u00e9 et la s\u00e9curit\u00e9.<\/span><span style=\"font-weight: 400;\">\u00a0<\/span><\/p>\n<p><span style=\"font-weight: 400;\">Le Bacopa d\u2019Akchar est une solution naturelle pour am\u00e9liorer votre sant\u00e9 mentale, votre clart\u00e9<\/span> <span style=\"font-weight: 400;\">mentale et votre bien-\u00eatre cognitif. Optez pour le Bacopa et offrez \u00e0 votre esprit le<\/span> <span style=\"font-weight: 400;\">soutien dont il a besoin pour une vie plus \u00e9quilibr\u00e9e.<\/span><\/p>\n","protected":false},"excerpt":{"rendered":"<p><span style=\"font-weight: 400;\">La Bacopa est utilis\u00e9e depuis des si\u00e8cles par les herboristes ayurv\u00e9diques. Des<\/span> <span style=\"font-weight: 400;\">\u00e9tudes scientifiques r\u00e9centes indiquent que la bacopa peut favoriser la sant\u00e9 du<\/span> <span style=\"font-weight: 400;\">syst\u00e8me nerveux en soutenant les syst\u00e8mes de protection anti radicalaires du<\/span> <span style=\"font-weight: 400;\">cerveau.<\/span><span style=\"font-weight: 400;\">\u00a0<\/span><\/p>\n","protected":false},"featured_media":17445,"comment_status":"open","ping_status":"closed","template":"","meta":[],"product_brand":[],"product_cat":[201],"product_tag":[],"class_list":{"0":"post-17441","1":"product","2":"type-product","3":"status-publish","4":"has-post-thumbnail","6":"product_cat-complements-alimentaires","8":"first","9":"instock","10":"taxable","11":"shipping-taxable","12":"purchasable","13":"product-type-variable"},"_links":{"self":[{"href":"https:\/\/akcharcosmetics.com\/fr\/wp-json\/wp\/v2\/product\/17441","targetHints":{"allow":["GET"]}}],"collection":[{"href":"https:\/\/akcharcosmetics.com\/fr\/wp-json\/wp\/v2\/product"}],"about":[{"href":"https:\/\/akcharcosmetics.com\/fr\/wp-json\/wp\/v2\/types\/product"}],"replies":[{"embeddable":true,"href":"https:\/\/akcharcosmetics.com\/fr\/wp-json\/wp\/v2\/comments?post=17441"}],"version-history":[{"count":0,"href":"https:\/\/akcharcosmetics.com\/fr\/wp-json\/wp\/v2\/product\/17441\/revisions"}],"wp:featuredmedia":[{"embeddable":true,"href":"https:\/\/akcharcosmetics.com\/fr\/wp-json\/wp\/v2\/media\/17445"}],"wp:attachment":[{"href":"https:\/\/akcharcosmetics.com\/fr\/wp-json\/wp\/v2\/media?parent=17441"}],"wp:term":[{"taxonomy":"product_brand","embeddable":true,"href":"https:\/\/akcharcosmetics.com\/fr\/wp-json\/wp\/v2\/product_brand?post=17441"},{"taxonomy":"product_cat","embeddable":true,"href":"https:\/\/akcharcosmetics.com\/fr\/wp-json\/wp\/v2\/product_cat?post=17441"},{"taxonomy":"product_tag","embeddable":true,"href":"https:\/\/akcharcosmetics.com\/fr\/wp-json\/wp\/v2\/product_tag?post=17441"}],"curies":[{"name":"wp","href":"https:\/\/api.w.org\/{rel}","templated":true}]}}