{"id":17426,"date":"2023-11-17T11:20:14","date_gmt":"2023-11-17T11:20:14","guid":{"rendered":"https:\/\/akcharcosmetics.com\/?post_type=product&#038;p=17426"},"modified":"2024-10-09T10:38:07","modified_gmt":"2024-10-09T10:38:07","slug":"ashwagandha","status":"publish","type":"product","link":"https:\/\/akcharcosmetics.com\/fr\/produit\/ashwagandha\/","title":{"rendered":"Ashwagandha"},"content":{"rendered":"<p><b>Les avantages et les bienfaits de compl\u00e9ment alimentaire Ashwagandha?<\/b><b>\u00a0<\/b><\/p>\n<p><span style=\"font-weight: 400;\">&#8211; <\/span><b>Soutien au Stress et \u00e0 la Gestion de l&rsquo;Anxi\u00e9t\u00e9 : <\/b><span style=\"font-weight: 400;\">L&rsquo;Ashwagandha est reconnue<\/span> <span style=\"font-weight: 400;\">pour ses propri\u00e9t\u00e9s adaptog\u00e8nes qui aident \u00e0 r\u00e9duire le stress et l&rsquo;anxi\u00e9t\u00e9,<\/span> <span style=\"font-weight: 400;\">favorisant ainsi un bien-\u00eatre mental.<\/span><\/p>\n<p><span style=\"font-weight: 400;\">&#8211; <\/span><b>Soutien \u00e0 l&rsquo;\u00c9nergie et \u00e0 la Vitalit\u00e9 : <\/b><span style=\"font-weight: 400;\">Elle peut renforcer l&rsquo;\u00e9nergie et la vitalit\u00e9,<\/span> <span style=\"font-weight: 400;\">vous aidant \u00e0 affronter les d\u00e9fis de la vie quotidienne.<\/span><span style=\"font-weight: 400;\">\u00a0<\/span><\/p>\n<p><span style=\"font-weight: 400;\">&#8211; <\/span><b>Am\u00e9lioration du Sommeil : <\/b><span style=\"font-weight: 400;\">L&rsquo;Ashwagandha peut favoriser un sommeil de<\/span> <span style=\"font-weight: 400;\">qualit\u00e9 en calmant l&rsquo;esprit et en r\u00e9duisant l&rsquo;insomnie.<\/span><span style=\"font-weight: 400;\">\u00a0<\/span><\/p>\n<p><span style=\"font-weight: 400;\">&#8211; <\/span><b>Soutien Immunitaire : <\/b><span style=\"font-weight: 400;\">Les compos\u00e9s actifs de l&rsquo;Ashwagandha renforcent le<\/span> <span style=\"font-weight: 400;\">syst\u00e8me immunitaire pour une meilleure r\u00e9sistance aux infections.<\/span><span style=\"font-weight: 400;\">\u00a0<\/span><\/p>\n<p><span style=\"font-weight: 400;\">&#8211; <\/span><b>Soutien Hormonal : <\/b><span style=\"font-weight: 400;\">Elle peut aider \u00e0 r\u00e9guler les niveaux d&rsquo;hormones,<\/span> <span style=\"font-weight: 400;\">contribuant \u00e0 l&rsquo;\u00e9quilibre hormonal.<\/span><span style=\"font-weight: 400;\">\u00a0<\/span><\/p>\n<p><span style=\"font-weight: 400;\">&#8211; <\/span><b>Facile \u00e0 Int\u00e9grer : <\/b><span style=\"font-weight: 400;\">Les capsules d&rsquo;Ashwagandha sont faciles \u00e0 avaler et<\/span> <span style=\"font-weight: 400;\">peuvent \u00eatre int\u00e9gr\u00e9es ais\u00e9ment \u00e0 votre routine quotidienne de bien-\u00eatre.<\/span><span style=\"font-weight: 400;\">\u00a0<\/span><\/p>\n<p><span style=\"font-weight: 400;\">&#8211; <\/span><b>Qualit\u00e9 et S\u00e9curit\u00e9 : <\/b><span style=\"font-weight: 400;\">Notre produit est fabriqu\u00e9 dans une installation certifi\u00e9e<\/span> <span style=\"font-weight: 400;\">ONSSA , ISO pour garantir la qualit\u00e9, la puret\u00e9 et la s\u00e9curit\u00e9.<\/span><span style=\"font-weight: 400;\">\u00a0<\/span><\/p>\n<p><span style=\"font-weight: 400;\">L&rsquo;Ashwagandha est une solution naturelle pour renforcer votre sant\u00e9 globale et votre<\/span> <span style=\"font-weight: 400;\">bien-\u00eatre. Optez pour l&rsquo;Ashwagandha et offrez \u00e0 votre corps et \u00e0 votre esprit le<\/span> <span style=\"font-weight: 400;\">soutien dont ils ont besoin pour une vie plus \u00e9quilibr\u00e9e.<\/span><span style=\"font-weight: 400;\">\u00a0<\/span><\/p>\n","protected":false},"excerpt":{"rendered":"<p><span style=\"font-weight: 400;\">D\u00e9couvrez les bienfaits revitalisants de notre compl\u00e9ment alimentaire \u00e0 base<\/span> <span style=\"font-weight: 400;\">d&rsquo;Ashwagandha, une plante adaptog\u00e8ne reconnue pour ses propri\u00e9t\u00e9s b\u00e9n\u00e9fiques<\/span> <span style=\"font-weight: 400;\">pour la sant\u00e9. L&rsquo;Ashwagandha est une herbe ancienne qui favorise l&rsquo;\u00e9quilibre et le<\/span> <span style=\"font-weight: 400;\">bien-\u00eatre de l&rsquo;esprit et du corps.<\/span><span style=\"font-weight: 400;\">\u00a0<\/span><\/p>\n<p><span style=\"font-weight: 400;\">Il est utilis\u00e9 comme un tonique g\u00e9n\u00e9ral et un \u00ab\u00a0adaptog\u00e8ne\u00a0\u00bb, aidant le corps \u00e0<\/span> <span style=\"font-weight: 400;\">s&rsquo;adapter au stress temporaire et normal.<\/span><\/p>\n","protected":false},"featured_media":17430,"comment_status":"open","ping_status":"closed","template":"","meta":[],"product_brand":[],"product_cat":[201],"product_tag":[],"class_list":{"0":"post-17426","1":"product","2":"type-product","3":"status-publish","4":"has-post-thumbnail","6":"product_cat-complements-alimentaires","8":"first","9":"instock","10":"taxable","11":"shipping-taxable","12":"purchasable","13":"product-type-variable"},"_links":{"self":[{"href":"https:\/\/akcharcosmetics.com\/fr\/wp-json\/wp\/v2\/product\/17426","targetHints":{"allow":["GET"]}}],"collection":[{"href":"https:\/\/akcharcosmetics.com\/fr\/wp-json\/wp\/v2\/product"}],"about":[{"href":"https:\/\/akcharcosmetics.com\/fr\/wp-json\/wp\/v2\/types\/product"}],"replies":[{"embeddable":true,"href":"https:\/\/akcharcosmetics.com\/fr\/wp-json\/wp\/v2\/comments?post=17426"}],"version-history":[{"count":0,"href":"https:\/\/akcharcosmetics.com\/fr\/wp-json\/wp\/v2\/product\/17426\/revisions"}],"wp:featuredmedia":[{"embeddable":true,"href":"https:\/\/akcharcosmetics.com\/fr\/wp-json\/wp\/v2\/media\/17430"}],"wp:attachment":[{"href":"https:\/\/akcharcosmetics.com\/fr\/wp-json\/wp\/v2\/media?parent=17426"}],"wp:term":[{"taxonomy":"product_brand","embeddable":true,"href":"https:\/\/akcharcosmetics.com\/fr\/wp-json\/wp\/v2\/product_brand?post=17426"},{"taxonomy":"product_cat","embeddable":true,"href":"https:\/\/akcharcosmetics.com\/fr\/wp-json\/wp\/v2\/product_cat?post=17426"},{"taxonomy":"product_tag","embeddable":true,"href":"https:\/\/akcharcosmetics.com\/fr\/wp-json\/wp\/v2\/product_tag?post=17426"}],"curies":[{"name":"wp","href":"https:\/\/api.w.org\/{rel}","templated":true}]}}