{"id":17411,"date":"2023-11-17T11:10:57","date_gmt":"2023-11-17T11:10:57","guid":{"rendered":"https:\/\/akcharcosmetics.com\/?post_type=product&#038;p=17411"},"modified":"2025-05-31T11:32:57","modified_gmt":"2025-05-31T11:32:57","slug":"herbe-de-ble","status":"publish","type":"product","link":"https:\/\/akcharcosmetics.com\/fr\/produit\/herbe-de-ble\/","title":{"rendered":"Herbe de bl\u00e9"},"content":{"rendered":"<p><span style=\"font-weight: 400;\">Une source concentr\u00e9e de nutriments essentiels qui peut enrichir votre alimentation<\/span> <span style=\"font-weight: 400;\">quotidienne.<\/span><span style=\"font-weight: 400;\">\u00a0<\/span><\/p>\n<p><b>Les avantages et bienfaits de compl\u00e9ment alimentaire de l\u2019herbe de bl\u00e9 ?<\/b><b>\u00a0<\/b><\/p>\n<p><span style=\"font-weight: 400;\">&#8211; <\/span><b>Riche en Chlorophylle : <\/b><span style=\"font-weight: 400;\">L&rsquo;herbe de bl\u00e9 est une source exceptionnelle de<\/span> <span style=\"font-weight: 400;\">chlorophylle, un puissant antioxydant qui favorise la d\u00e9toxification du corps.<\/span><span style=\"font-weight: 400;\">\u00a0<\/span><\/p>\n<p><span style=\"font-weight: 400;\">&#8211; <\/span><b>Nutriments Essentiels : <\/b><span style=\"font-weight: 400;\">Elle est riche en vitamines, min\u00e9raux, acides amin\u00e9s<\/span> <span style=\"font-weight: 400;\">et enzymes, contribuant \u00e0 une nutrition compl\u00e8te.<\/span><\/p>\n<p><span style=\"font-weight: 400;\">&#8211; <\/span><b>Soutien Immunitaire : <\/b><span style=\"font-weight: 400;\">Les nutriments de l&rsquo;herbe de bl\u00e9 renforcent le syst\u00e8me<\/span> <span style=\"font-weight: 400;\">immunitaire pour vous prot\u00e9ger des agressions ext\u00e9rieures.<\/span><span style=\"font-weight: 400;\">\u00a0<\/span><\/p>\n<p><span style=\"font-weight: 400;\">&#8211; <\/span><b>Soutien Digestif : <\/b><span style=\"font-weight: 400;\">Elle favorise une digestion saine en soutenant l&rsquo;\u00e9quilibre du<\/span> <span style=\"font-weight: 400;\">microbiome intestinal.<\/span><span style=\"font-weight: 400;\">\u00a0<\/span><\/p>\n<p><span style=\"font-weight: 400;\">&#8211; <\/span><b>\u00c9nergie et Vitalit\u00e9 : <\/b><span style=\"font-weight: 400;\">Les nutriments de l&rsquo;herbe de bl\u00e9 contribuent \u00e0 une \u00e9nergie<\/span> <span style=\"font-weight: 400;\">et une vitalit\u00e9 accrues.<\/span><span style=\"font-weight: 400;\">\u00a0<\/span><\/p>\n<p><span style=\"font-weight: 400;\">&#8211; <\/span><b>Facile \u00e0 Int\u00e9grer : <\/b><span style=\"font-weight: 400;\">Les comprim\u00e9s d&rsquo; herbe de bl\u00e9 sont faciles \u00e0 avaler et<\/span> <span style=\"font-weight: 400;\">peuvent \u00eatre int\u00e9gr\u00e9s ais\u00e9ment \u00e0 votre routine quotidienne de bien-\u00eatre.<\/span><span style=\"font-weight: 400;\">\u00a0<\/span><\/p>\n<p><span style=\"font-weight: 400;\">&#8211; <\/span><b>Qualit\u00e9 et S\u00e9curit\u00e9 : <\/b><span style=\"font-weight: 400;\">Notre produit est fabriqu\u00e9 dans une installation certifi\u00e9e<\/span> <span style=\"font-weight: 400;\">ONSSA , ISO pour garantir la qualit\u00e9, la puret\u00e9 et la s\u00e9curit\u00e9.<\/span><span style=\"font-weight: 400;\">\u00a0<\/span><\/p>\n<p><span style=\"font-weight: 400;\">L&rsquo;herbe de bl\u00e9 est une solution naturelle pour renforcer votre sant\u00e9 globale et votre<\/span> <span style=\"font-weight: 400;\">vitalit\u00e9. Optez pour l&rsquo; herbe de bl\u00e9 et offrez \u00e0 votre corps les nutriments essentiels<\/span> <span style=\"font-weight: 400;\">dont il a besoin pour une vie plus saine.<\/span><span style=\"font-weight: 400;\">\u00a0<\/span><\/p>\n<p><span style=\"font-weight: 400;\">Optez pour l&rsquo;herbe de bl\u00e9 et faites chaque jour une opportunit\u00e9 pour vous sentir<\/span> <span style=\"font-weight: 400;\">revitalis\u00e9 et en pleine forme. Commandez notre compl\u00e9ment alimentaire \u00e0 base<\/span> <span style=\"font-weight: 400;\">d&rsquo;herbe de bl\u00e9 d\u00e8s aujourd&rsquo;hui et d\u00e9couvrez les bienfaits de cette source naturelle de<\/span> <span style=\"font-weight: 400;\">vitalit\u00e9 pour une vie plus \u00e9quilibr\u00e9e.<\/span><span style=\"font-weight: 400;\">\u00a0<\/span><\/p>\n","protected":false},"excerpt":{"rendered":"<p><span style=\"font-weight: 400;\">L\u2019herbe de bl\u00e9 est un aliment complet cultiv\u00e9 et transform\u00e9 sur des terres biologiques<\/span> <span style=\"font-weight: 400;\">fertiles au Kansas. L&rsquo;herbe de bl\u00e9 enti\u00e8re d\u00e9shydrat\u00e9e comprend le jus naturel et les<\/span> <span style=\"font-weight: 400;\">fibres pr\u00e9sents dans l&rsquo;herbe de bl\u00e9.<\/span><span style=\"font-weight: 400;\">\u00a0<\/span><\/p>\n","protected":false},"featured_media":17418,"comment_status":"open","ping_status":"closed","template":"","meta":[],"product_brand":[],"product_cat":[201],"product_tag":[],"class_list":{"0":"post-17411","1":"product","2":"type-product","3":"status-publish","4":"has-post-thumbnail","6":"product_cat-complements-alimentaires","8":"first","9":"instock","10":"taxable","11":"shipping-taxable","12":"purchasable","13":"product-type-variable"},"_links":{"self":[{"href":"https:\/\/akcharcosmetics.com\/fr\/wp-json\/wp\/v2\/product\/17411","targetHints":{"allow":["GET"]}}],"collection":[{"href":"https:\/\/akcharcosmetics.com\/fr\/wp-json\/wp\/v2\/product"}],"about":[{"href":"https:\/\/akcharcosmetics.com\/fr\/wp-json\/wp\/v2\/types\/product"}],"replies":[{"embeddable":true,"href":"https:\/\/akcharcosmetics.com\/fr\/wp-json\/wp\/v2\/comments?post=17411"}],"version-history":[{"count":0,"href":"https:\/\/akcharcosmetics.com\/fr\/wp-json\/wp\/v2\/product\/17411\/revisions"}],"wp:featuredmedia":[{"embeddable":true,"href":"https:\/\/akcharcosmetics.com\/fr\/wp-json\/wp\/v2\/media\/17418"}],"wp:attachment":[{"href":"https:\/\/akcharcosmetics.com\/fr\/wp-json\/wp\/v2\/media?parent=17411"}],"wp:term":[{"taxonomy":"product_brand","embeddable":true,"href":"https:\/\/akcharcosmetics.com\/fr\/wp-json\/wp\/v2\/product_brand?post=17411"},{"taxonomy":"product_cat","embeddable":true,"href":"https:\/\/akcharcosmetics.com\/fr\/wp-json\/wp\/v2\/product_cat?post=17411"},{"taxonomy":"product_tag","embeddable":true,"href":"https:\/\/akcharcosmetics.com\/fr\/wp-json\/wp\/v2\/product_tag?post=17411"}],"curies":[{"name":"wp","href":"https:\/\/api.w.org\/{rel}","templated":true}]}}