{"id":17396,"date":"2023-11-17T10:58:07","date_gmt":"2023-11-17T10:58:07","guid":{"rendered":"https:\/\/akcharcosmetics.com\/?post_type=product&#038;p=17396"},"modified":"2024-10-09T10:38:07","modified_gmt":"2024-10-09T10:38:07","slug":"spirulina","status":"publish","type":"product","link":"https:\/\/akcharcosmetics.com\/fr\/produit\/spirulina\/","title":{"rendered":"Spirulina"},"content":{"rendered":"<p><span style=\"font-weight: 400;\">D\u00e9couvrez la puissance nutritionnelle de notre compl\u00e9ment alimentaire \u00e0 base de<\/span> <span style=\"font-weight: 400;\">Spiruline, une micro-algue bleue-verte exceptionnelle, reconnue pour sa richesse en<\/span> <span style=\"font-weight: 400;\">nutriments essentiels. La Spiruline est une source naturelle de vitalit\u00e9 et de<\/span> <span style=\"font-weight: 400;\">bien-\u00eatre.<\/span><span style=\"font-weight: 400;\">\u00a0<\/span><\/p>\n<p><b>Les avantages et bienfaits de compl\u00e9ment alimentaire Spirulina?<\/b><b>\u00a0<\/b><\/p>\n<p><span style=\"font-weight: 400;\">&#8211; <\/span><b>Riche en Prot\u00e9ines : <\/b><span style=\"font-weight: 400;\">La Spiruline est une source de prot\u00e9ines de haute<\/span> <span style=\"font-weight: 400;\">qualit\u00e9, essentielles pour le renouvellement cellulaire et la croissance<\/span> <span style=\"font-weight: 400;\">musculaire.<\/span><span style=\"font-weight: 400;\">\u00a0<\/span><\/p>\n<p><span style=\"font-weight: 400;\">&#8211; <\/span><b>Nutriments Essentiels : <\/b><span style=\"font-weight: 400;\">Elle est riche en vitamines, min\u00e9raux, acides<\/span> <span style=\"font-weight: 400;\">amin\u00e9s et antioxydants, ce qui en fait un compl\u00e9ment nutritionnel puissant.<\/span><span style=\"font-weight: 400;\">\u00a0<\/span><\/p>\n<p><span style=\"font-weight: 400;\">&#8211; <\/span><b>Soutien Immunitaire : <\/b><span style=\"font-weight: 400;\">Les antioxydants et les nutriments de la Spiruline<\/span> <span style=\"font-weight: 400;\">renforcent le syst\u00e8me immunitaire pour vous prot\u00e9ger des agressions<\/span> <span style=\"font-weight: 400;\">ext\u00e9rieures.<\/span><span style=\"font-weight: 400;\">\u00a0<\/span><\/p>\n<p><span style=\"font-weight: 400;\">&#8211; <\/span><b>D\u00e9toxification Naturelle : <\/b><span style=\"font-weight: 400;\">La Spiruline peut favoriser la d\u00e9toxification du<\/span> <span style=\"font-weight: 400;\">corps en aidant \u00e0 \u00e9liminer les m\u00e9taux lourds et autres toxines.<\/span><span style=\"font-weight: 400;\">\u00a0<\/span><\/p>\n<p><span style=\"font-weight: 400;\">&#8211; <\/span><b>\u00c9nergie et Vitalit\u00e9 : <\/b><span style=\"font-weight: 400;\">Les nutriments de la Spiruline contribuent \u00e0 une \u00e9nergie<\/span> <span style=\"font-weight: 400;\">et une vitalit\u00e9 accrues.<\/span><span style=\"font-weight: 400;\">\u00a0<\/span><\/p>\n<p><span style=\"font-weight: 400;\">&#8211; <\/span><b>Facile \u00e0 Int\u00e9grer : <\/b><span style=\"font-weight: 400;\">Les comprim\u00e9s de Spiruline sont faciles \u00e0 avaler et<\/span> <span style=\"font-weight: 400;\">peuvent \u00eatre int\u00e9gr\u00e9s ais\u00e9ment \u00e0 votre routine quotidienne de bien-\u00eatre.<\/span><\/p>\n<p><span style=\"font-weight: 400;\">&#8211; <\/span><b>Qualit\u00e9 et S\u00e9curit\u00e9 : <\/b><span style=\"font-weight: 400;\">Notre produit est fabriqu\u00e9 dans une installation certifi\u00e9e<\/span> <span style=\"font-weight: 400;\">ONSSA , ISO pour garantir la qualit\u00e9, la puret\u00e9 et la s\u00e9curit\u00e9.<\/span><span style=\"font-weight: 400;\">\u00a0<\/span><\/p>\n<p><span style=\"font-weight: 400;\">La Spiruline est une solution naturelle pour renforcer votre sant\u00e9 globale et votre<\/span> <span style=\"font-weight: 400;\">vitalit\u00e9. Choisissez la Spiruline d\u2019Akchar et offrez \u00e0 votre corps les nutriments essentiels dont il<\/span> <span style=\"font-weight: 400;\">a besoin pour une vie plus saine.<\/span><span style=\"font-weight: 400;\">\u00a0<\/span><\/p>\n","protected":false},"excerpt":{"rendered":"<p><span style=\"font-weight: 400;\">La spiruline a le niveau de prot\u00e9ines le plus \u00e9lev\u00e9 parmi tous les superaliments verts<\/span> <span style=\"font-weight: 400;\">et contient naturellement de l&rsquo;AGL (acide gamma-linol\u00e9nique), un acide gras<\/span> <span style=\"font-weight: 400;\">populaire aux nombreux bienfaits pour la sant\u00e9. De plus, elle contient naturellement<\/span> <span style=\"font-weight: 400;\">des vitamines, des min\u00e9raux, des oligo-\u00e9l\u00e9ments, des sels cellulaires, des acides<\/span> <span style=\"font-weight: 400;\">amin\u00e9s et des enzymes.<\/span><span style=\"font-weight: 400;\">\u00a0<\/span><\/p>\n","protected":false},"featured_media":17403,"comment_status":"open","ping_status":"closed","template":"","meta":[],"product_brand":[],"product_cat":[201],"product_tag":[],"class_list":{"0":"post-17396","1":"product","2":"type-product","3":"status-publish","4":"has-post-thumbnail","6":"product_cat-complements-alimentaires","8":"first","9":"instock","10":"taxable","11":"shipping-taxable","12":"purchasable","13":"product-type-variable"},"_links":{"self":[{"href":"https:\/\/akcharcosmetics.com\/fr\/wp-json\/wp\/v2\/product\/17396","targetHints":{"allow":["GET"]}}],"collection":[{"href":"https:\/\/akcharcosmetics.com\/fr\/wp-json\/wp\/v2\/product"}],"about":[{"href":"https:\/\/akcharcosmetics.com\/fr\/wp-json\/wp\/v2\/types\/product"}],"replies":[{"embeddable":true,"href":"https:\/\/akcharcosmetics.com\/fr\/wp-json\/wp\/v2\/comments?post=17396"}],"version-history":[{"count":0,"href":"https:\/\/akcharcosmetics.com\/fr\/wp-json\/wp\/v2\/product\/17396\/revisions"}],"wp:featuredmedia":[{"embeddable":true,"href":"https:\/\/akcharcosmetics.com\/fr\/wp-json\/wp\/v2\/media\/17403"}],"wp:attachment":[{"href":"https:\/\/akcharcosmetics.com\/fr\/wp-json\/wp\/v2\/media?parent=17396"}],"wp:term":[{"taxonomy":"product_brand","embeddable":true,"href":"https:\/\/akcharcosmetics.com\/fr\/wp-json\/wp\/v2\/product_brand?post=17396"},{"taxonomy":"product_cat","embeddable":true,"href":"https:\/\/akcharcosmetics.com\/fr\/wp-json\/wp\/v2\/product_cat?post=17396"},{"taxonomy":"product_tag","embeddable":true,"href":"https:\/\/akcharcosmetics.com\/fr\/wp-json\/wp\/v2\/product_tag?post=17396"}],"curies":[{"name":"wp","href":"https:\/\/api.w.org\/{rel}","templated":true}]}}