{"id":17380,"date":"2023-11-17T10:48:35","date_gmt":"2023-11-17T10:48:35","guid":{"rendered":"https:\/\/akcharcosmetics.com\/?post_type=product&#038;p=17380"},"modified":"2025-08-27T22:35:40","modified_gmt":"2025-08-27T22:35:40","slug":"kelp","status":"publish","type":"product","link":"https:\/\/akcharcosmetics.com\/fr\/produit\/kelp\/","title":{"rendered":"Kelp"},"content":{"rendered":"<p><b>Les avantages et les bienfaits du compl\u00e9ment alimentaire Kelp?<\/b><b>\u00a0<\/b><\/p>\n<p><span style=\"font-weight: 400;\">&#8211; <\/span><b>Riche en Min\u00e9raux : <\/b><span style=\"font-weight: 400;\">Le Kelp est une excellente source de min\u00e9raux<\/span> <span style=\"font-weight: 400;\">essentiels, notamment l&rsquo;iode, qui est vital pour la sant\u00e9 thyro\u00efdienne.<\/span><span style=\"font-weight: 400;\">\u00a0<\/span><\/p>\n<p><span style=\"font-weight: 400;\">&#8211; <\/span><b>Soutien Thyro\u00efdien : <\/b><span style=\"font-weight: 400;\">Gr\u00e2ce \u00e0 sa teneur en iode, le Kelp peut favoriser un<\/span> <span style=\"font-weight: 400;\">fonctionnement thyro\u00efdien sain, contribuant ainsi \u00e0 un m\u00e9tabolisme \u00e9quilibr\u00e9.<\/span><span style=\"font-weight: 400;\">\u00a0<\/span><\/p>\n<p><span style=\"font-weight: 400;\">&#8211; <\/span><b>Antioxydants Naturels : <\/b><span style=\"font-weight: 400;\">Le Kelp est riche en antioxydants qui aident \u00e0<\/span> <span style=\"font-weight: 400;\">prot\u00e9ger les cellules du corps contre les dommages oxydatifs.<\/span><span style=\"font-weight: 400;\">\u00a0<\/span><\/p>\n<p><span style=\"font-weight: 400;\">&#8211; <\/span><b>Bien-\u00eatre Digestif : <\/b><span style=\"font-weight: 400;\">Il<\/span> <span style=\"font-weight: 400;\">favorise une digestion saine en soutenant un<\/span> <span style=\"font-weight: 400;\">microbiome intestinal \u00e9quilibr\u00e9.<\/span><span style=\"font-weight: 400;\">\u00a0<\/span><\/p>\n<p><span style=\"font-weight: 400;\">&#8211; <\/span><b>\u00c9nergie et Vitalit\u00e9 : <\/b><span style=\"font-weight: 400;\">Les nutriments du Kelp contribuent \u00e0 une \u00e9nergie et une<\/span> <span style=\"font-weight: 400;\">vitalit\u00e9 accrues.<\/span><span style=\"font-weight: 400;\">\u00a0<\/span><\/p>\n<p><span style=\"font-weight: 400;\">&#8211; <\/span><b>Facile \u00e0 Int\u00e9grer : <\/b><span style=\"font-weight: 400;\">Les comprim\u00e9s de Kelp sont faciles \u00e0 avaler et peuvent<\/span> <span style=\"font-weight: 400;\">\u00eatre int\u00e9gr\u00e9s ais\u00e9ment \u00e0 votre routine quotidienne de bien-\u00eatre.<\/span><span style=\"font-weight: 400;\">\u00a0<\/span><\/p>\n<p><span style=\"font-weight: 400;\">Le Kelp est une solution naturelle pour renforcer votre sant\u00e9 globale et votre vitalit\u00e9.<\/span> <span style=\"font-weight: 400;\">Optez pour le Kelp et offrez \u00e0 votre corps les nutriments essentiels qu&rsquo;il m\u00e9rite pour<\/span> <span style=\"font-weight: 400;\">une vie plus saine.<\/span><span style=\"font-weight: 400;\">\u00a0<\/span><\/p>\n<p><span style=\"font-weight: 400;\">Choisissez le Kelp et faites de chaque jour une opportunit\u00e9 pour vous sentir<\/span> <span style=\"font-weight: 400;\">revitalis\u00e9 et en pleine forme. Commandez notre compl\u00e9ment alimentaire \u00e0 base de<\/span><\/p>\n<p><span style=\"font-weight: 400;\">Kelp d\u00e8s aujourd&rsquo;hui et d\u00e9couvrez les bienfaits de cette algue marine pour une vie<\/span> <span style=\"font-weight: 400;\">plus \u00e9quilibr\u00e9e.<\/span><span style=\"font-weight: 400;\">\u00a0<\/span><\/p>\n","protected":false},"excerpt":{"rendered":"<p><span style=\"font-weight: 400;\">D\u00e9couvrez les bienfaits nutritifs et revitalisants de notre compl\u00e9ment alimentaire \u00e0<\/span> <span style=\"font-weight: 400;\">base de Kelp,c\u2019est une grande algue feuillue appartenant \u00e0 la famille des algues<\/span> <span style=\"font-weight: 400;\">brunes qui pousse en for\u00eat dans les eaux froides des oc\u00e9ans du monde.<\/span> <span style=\"font-weight: 400;\">Le varech est utilis\u00e9 depuis des si\u00e8cles comme ingr\u00e9dient nutritif essentiel dans les<\/span> <span style=\"font-weight: 400;\">cuisines chinoises, japonaises et cor\u00e9ennes. Il est \u00e9galement une excellente source<\/span> <span style=\"font-weight: 400;\">d&rsquo;iode, qui s&rsquo;est av\u00e9r\u00e9e essentielle pour le bon fonctionnement de la thyro\u00efde.<\/span><span style=\"font-weight: 400;\">\u00a0<\/span><\/p>\n","protected":false},"featured_media":17387,"comment_status":"open","ping_status":"closed","template":"","meta":[],"product_brand":[],"product_cat":[201],"product_tag":[],"class_list":{"0":"post-17380","1":"product","2":"type-product","3":"status-publish","4":"has-post-thumbnail","6":"product_cat-complements-alimentaires","8":"first","9":"instock","10":"taxable","11":"shipping-taxable","12":"purchasable","13":"product-type-variable"},"_links":{"self":[{"href":"https:\/\/akcharcosmetics.com\/fr\/wp-json\/wp\/v2\/product\/17380","targetHints":{"allow":["GET"]}}],"collection":[{"href":"https:\/\/akcharcosmetics.com\/fr\/wp-json\/wp\/v2\/product"}],"about":[{"href":"https:\/\/akcharcosmetics.com\/fr\/wp-json\/wp\/v2\/types\/product"}],"replies":[{"embeddable":true,"href":"https:\/\/akcharcosmetics.com\/fr\/wp-json\/wp\/v2\/comments?post=17380"}],"version-history":[{"count":0,"href":"https:\/\/akcharcosmetics.com\/fr\/wp-json\/wp\/v2\/product\/17380\/revisions"}],"wp:featuredmedia":[{"embeddable":true,"href":"https:\/\/akcharcosmetics.com\/fr\/wp-json\/wp\/v2\/media\/17387"}],"wp:attachment":[{"href":"https:\/\/akcharcosmetics.com\/fr\/wp-json\/wp\/v2\/media?parent=17380"}],"wp:term":[{"taxonomy":"product_brand","embeddable":true,"href":"https:\/\/akcharcosmetics.com\/fr\/wp-json\/wp\/v2\/product_brand?post=17380"},{"taxonomy":"product_cat","embeddable":true,"href":"https:\/\/akcharcosmetics.com\/fr\/wp-json\/wp\/v2\/product_cat?post=17380"},{"taxonomy":"product_tag","embeddable":true,"href":"https:\/\/akcharcosmetics.com\/fr\/wp-json\/wp\/v2\/product_tag?post=17380"}],"curies":[{"name":"wp","href":"https:\/\/api.w.org\/{rel}","templated":true}]}}