{"id":17365,"date":"2023-11-17T10:41:20","date_gmt":"2023-11-17T10:41:20","guid":{"rendered":"https:\/\/akcharcosmetics.com\/?post_type=product&#038;p=17365"},"modified":"2024-10-09T10:38:08","modified_gmt":"2024-10-09T10:38:08","slug":"chlorella","status":"publish","type":"product","link":"https:\/\/akcharcosmetics.com\/fr\/produit\/chlorella\/","title":{"rendered":"Chlorella"},"content":{"rendered":"<p><span style=\"font-weight: 400;\">Contient naturellement de la chlorophylle, du b\u00eata-carot\u00e8ne, des carot\u00e9no\u00efdes<\/span> <span style=\"font-weight: 400;\">mixtes, de la vitamine C, du fer et des prot\u00e9ines. La paroi cellulaire de cette chlorelle<\/span> <span style=\"font-weight: 400;\">de haute qualit\u00e9 a \u00e9t\u00e9 m\u00e9caniquement fragment\u00e9e pour en faciliter la digestibilit\u00e9.<\/span><span style=\"font-weight: 400;\">\u00a0<\/span><\/p>\n<p><b>Les avantages et bienfaits du compl\u00e9ment alimentaire Chlorella ?<\/b><b>\u00a0<\/b><\/p>\n<p><span style=\"font-weight: 400;\">&#8211; <\/span><b>Puret\u00e9 Maximale : <\/b><span style=\"font-weight: 400;\">Notre Chlorella est r\u00e9colt\u00e9e dans des conditions id\u00e9ales<\/span> <span style=\"font-weight: 400;\">pour garantir sa puret\u00e9 et sa concentration en nutriments.<\/span><span style=\"font-weight: 400;\">\u00a0<\/span><\/p>\n<p><span style=\"font-weight: 400;\">&#8211; <\/span><b>Riche en Nutriments : <\/b><span style=\"font-weight: 400;\">La Chlorella est une excellente source de prot\u00e9ines,<\/span> <span style=\"font-weight: 400;\">de vitamines, de min\u00e9raux, d&rsquo;antioxydants et d&rsquo;acides amin\u00e9s essentiels, ce<\/span> <span style=\"font-weight: 400;\">qui en fait un compl\u00e9ment alimentaire puissant.<\/span><span style=\"font-weight: 400;\">\u00a0<\/span><\/p>\n<p><span style=\"font-weight: 400;\">&#8211; <\/span><b>D\u00e9toxification Naturelle : <\/b><span style=\"font-weight: 400;\">La Chlorella est r\u00e9put\u00e9e pour son potentiel de<\/span> <span style=\"font-weight: 400;\">d\u00e9toxification du corps en aidant \u00e0 \u00e9liminer les m\u00e9taux lourds et autres<\/span> <span style=\"font-weight: 400;\">toxines.<\/span><span style=\"font-weight: 400;\">\u00a0<\/span><\/p>\n<p><span style=\"font-weight: 400;\">&#8211; <\/span><b>Soutien Immunitaire : <\/b><span style=\"font-weight: 400;\">Les antioxydants et les nutriments de la Chlorella<\/span> <span style=\"font-weight: 400;\">renforcent le syst\u00e8me immunitaire pour vous prot\u00e9ger des agressions<\/span> <span style=\"font-weight: 400;\">ext\u00e9rieures.<\/span><span style=\"font-weight: 400;\">\u00a0<\/span><\/p>\n<p><span style=\"font-weight: 400;\">&#8211; <\/span><b>Bien-\u00eatre Digestif : <\/b><span style=\"font-weight: 400;\">Elle favorise une digestion saine et un microbiome<\/span> <span style=\"font-weight: 400;\">intestinal \u00e9quilibr\u00e9.<\/span><span style=\"font-weight: 400;\">\u00a0<\/span><\/p>\n<p><span style=\"font-weight: 400;\">&#8211; <\/span><b>\u00c9nergie et Vitalit\u00e9 : <\/b><span style=\"font-weight: 400;\">Les nutriments de la Chlorella contribuent \u00e0 une \u00e9nergie<\/span> <span style=\"font-weight: 400;\">et une vitalit\u00e9 accrues.<\/span><span style=\"font-weight: 400;\">\u00a0<\/span><\/p>\n<p><span style=\"font-weight: 400;\">&#8211; <\/span><b>Facile \u00e0 Int\u00e9grer <\/b><span style=\"font-weight: 400;\">:<\/span> <span style=\"font-weight: 400;\">Les comprim\u00e9s de Chlorella sont faciles \u00e0 avaler et<\/span> <span style=\"font-weight: 400;\">peuvent \u00eatre int\u00e9gr\u00e9s ais\u00e9ment \u00e0 votre routine quotidienne de bien-\u00eatre.<\/span><span style=\"font-weight: 400;\">\u00a0<\/span><\/p>\n<p><span style=\"font-weight: 400;\">&#8211; <\/span><b>Qualit\u00e9 et S\u00e9curit\u00e9 : <\/b><span style=\"font-weight: 400;\">Notre produit est fabriqu\u00e9 dans une installation certifi\u00e9e<\/span> <span style=\"font-weight: 400;\">ONSSA , ISO pour garantir la qualit\u00e9, la puret\u00e9 et la s\u00e9curit\u00e9.<\/span><span style=\"font-weight: 400;\">\u00a0<\/span><\/p>\n<p><span style=\"font-weight: 400;\">La Chlorella est une solution naturelle pour renforcer votre sant\u00e9 globale et votre<\/span> <span style=\"font-weight: 400;\">vitalit\u00e9. Choisissez la Chlorella et offrez \u00e0 votre corps un \u00e9ventail de nutriments<\/span> <span style=\"font-weight: 400;\">essentiels pour une vie plus saine.<\/span><\/p>\n","protected":false},"excerpt":{"rendered":"<p><span style=\"font-weight: 400;\">D\u00e9couvrez les incroyables bienfaits de notre compl\u00e9ment alimentaire \u00e0 base de<\/span> <span style=\"font-weight: 400;\">Chlorella, une algue d&rsquo;eau douce renomm\u00e9e pour sa richesse en nutriments<\/span> <span style=\"font-weight: 400;\">essentiels. La Chlorella est une source naturelle de vitalit\u00e9 et de bien-\u00eatre depuis<\/span> <span style=\"font-weight: 400;\">des si\u00e8cles.<\/span><span style=\"font-weight: 400;\">\u00a0<\/span><\/p>\n","protected":false},"featured_media":17369,"comment_status":"open","ping_status":"closed","template":"","meta":[],"product_brand":[],"product_cat":[201],"product_tag":[],"class_list":{"0":"post-17365","1":"product","2":"type-product","3":"status-publish","4":"has-post-thumbnail","6":"product_cat-complements-alimentaires","8":"first","9":"instock","10":"taxable","11":"shipping-taxable","12":"purchasable","13":"product-type-variable"},"_links":{"self":[{"href":"https:\/\/akcharcosmetics.com\/fr\/wp-json\/wp\/v2\/product\/17365","targetHints":{"allow":["GET"]}}],"collection":[{"href":"https:\/\/akcharcosmetics.com\/fr\/wp-json\/wp\/v2\/product"}],"about":[{"href":"https:\/\/akcharcosmetics.com\/fr\/wp-json\/wp\/v2\/types\/product"}],"replies":[{"embeddable":true,"href":"https:\/\/akcharcosmetics.com\/fr\/wp-json\/wp\/v2\/comments?post=17365"}],"version-history":[{"count":0,"href":"https:\/\/akcharcosmetics.com\/fr\/wp-json\/wp\/v2\/product\/17365\/revisions"}],"wp:featuredmedia":[{"embeddable":true,"href":"https:\/\/akcharcosmetics.com\/fr\/wp-json\/wp\/v2\/media\/17369"}],"wp:attachment":[{"href":"https:\/\/akcharcosmetics.com\/fr\/wp-json\/wp\/v2\/media?parent=17365"}],"wp:term":[{"taxonomy":"product_brand","embeddable":true,"href":"https:\/\/akcharcosmetics.com\/fr\/wp-json\/wp\/v2\/product_brand?post=17365"},{"taxonomy":"product_cat","embeddable":true,"href":"https:\/\/akcharcosmetics.com\/fr\/wp-json\/wp\/v2\/product_cat?post=17365"},{"taxonomy":"product_tag","embeddable":true,"href":"https:\/\/akcharcosmetics.com\/fr\/wp-json\/wp\/v2\/product_tag?post=17365"}],"curies":[{"name":"wp","href":"https:\/\/api.w.org\/{rel}","templated":true}]}}