{"id":17349,"date":"2023-11-17T10:35:04","date_gmt":"2023-11-17T10:35:04","guid":{"rendered":"https:\/\/akcharcosmetics.com\/?post_type=product&#038;p=17349"},"modified":"2025-09-14T13:43:03","modified_gmt":"2025-09-14T13:43:03","slug":"alfalfa","status":"publish","type":"product","link":"https:\/\/akcharcosmetics.com\/fr\/produit\/alfalfa\/","title":{"rendered":"Alfalfa"},"content":{"rendered":"<p><span style=\"font-weight: 400;\">L&rsquo;alfalfa est un super aliment riche en vitamines, min\u00e9raux et chlorophylle. Il est<\/span> <span style=\"font-weight: 400;\">consomm\u00e9 depuis l&rsquo;Antiquit\u00e9 et a \u00e9t\u00e9 utilis\u00e9 par les herboristes du monde entier<\/span><\/p>\n<p><span style=\"font-weight: 400;\">pendant des si\u00e8cles. Son nom, \u00ab\u00a0alfalfa\u00a0\u00bb, provient de la langue arabe et signifie \u00ab\u00a0P\u00e8re<\/span> <span style=\"font-weight: 400;\">de Tous les Aliments\u00a0\u00bb.<\/span><span style=\"font-weight: 400;\">\u00a0<\/span><\/p>\n<p><b>Les avantages et bienfaits du compl\u00e9ment alimentaire Alfalfa?<\/b><b>\u00a0<\/b><\/p>\n<p><span style=\"font-weight: 400;\">&#8211; <\/span><b>Alfalfa de Qualit\u00e9 Sup\u00e9rieure : <\/b><span style=\"font-weight: 400;\">Notre compl\u00e9ment alimentaire est fabriqu\u00e9 \u00e0<\/span> <span style=\"font-weight: 400;\">partir d&rsquo;alfalfa de premi\u00e8re qualit\u00e9, cultiv\u00e9e avec soin pour pr\u00e9server sa puret\u00e9<\/span> <span style=\"font-weight: 400;\">et sa richesse en nutriments.<\/span><span style=\"font-weight: 400;\">\u00a0<\/span><\/p>\n<p><span style=\"font-weight: 400;\">&#8211; <\/span><b>Riche en Nutriments Essentiels : <\/b><span style=\"font-weight: 400;\">L&rsquo;alfalfa est naturellement riche en<\/span> <span style=\"font-weight: 400;\">vitamines, min\u00e9raux, prot\u00e9ines et antioxydants, ce qui en fait un excellent<\/span> <span style=\"font-weight: 400;\">compl\u00e9ment pour soutenir votre sant\u00e9 globale.<\/span><span style=\"font-weight: 400;\">\u00a0<\/span><\/p>\n<p><span style=\"font-weight: 400;\">&#8211; <\/span><b>Soutien Immunitaire : <\/b><span style=\"font-weight: 400;\">Gr\u00e2ce \u00e0 ses propri\u00e9t\u00e9s antioxydantes et \u00e0 sa teneur en<\/span> <span style=\"font-weight: 400;\">vitamines essentielles, l&rsquo;alfalfa peut renforcer le syst\u00e8me immunitaire.<\/span><span style=\"font-weight: 400;\">\u00a0<\/span><\/p>\n<p><span style=\"font-weight: 400;\">&#8211; <\/span><b>Bien-\u00eatre Digestif : <\/b><span style=\"font-weight: 400;\">L&rsquo;alfalfa peut contribuer \u00e0 une meilleure digestion en<\/span> <span style=\"font-weight: 400;\">favorisant l&rsquo;\u00e9quilibre du microbiome intestinal.<\/span><span style=\"font-weight: 400;\">\u00a0<\/span><\/p>\n<p><span style=\"font-weight: 400;\">&#8211; <\/span><b>Soutien \u00c9nerg\u00e9tique : <\/b><span style=\"font-weight: 400;\">Ses nutriments essentiels peuvent aider \u00e0 maintenir<\/span> <span style=\"font-weight: 400;\">une \u00e9nergie et une vitalit\u00e9 optimales.<\/span><span style=\"font-weight: 400;\">\u00a0<\/span><\/p>\n<p><span style=\"font-weight: 400;\">&#8211; <\/span><b>Facile \u00e0 Int\u00e9grer : <\/b><span style=\"font-weight: 400;\">Les capsules faciles \u00e0 avaler permettent une int\u00e9gration<\/span> <span style=\"font-weight: 400;\">ais\u00e9e dans votre routine quotidienne de bien-\u00eatre.<\/span><span style=\"font-weight: 400;\">\u00a0<\/span><\/p>\n<p><span style=\"font-weight: 400;\">&#8211; <\/span><b>Qualit\u00e9 et S\u00e9curit\u00e9 : <\/b><span style=\"font-weight: 400;\">Notre produit est fabriqu\u00e9 dans une installation certifi\u00e9e<\/span> <span style=\"font-weight: 400;\">ONSSA , ISO pour garantir la qualit\u00e9, la puret\u00e9 et la s\u00e9curit\u00e9.<\/span><span style=\"font-weight: 400;\">\u00a0<\/span><\/p>\n<p><span style=\"font-weight: 400;\">L&rsquo;alfalfa est une solution naturelle pour renforcer votre sant\u00e9 globale et votre vitalit\u00e9.<\/span> <span style=\"font-weight: 400;\">Choisissez l&rsquo;alfalfa et offrez \u00e0 votre corps les nutriments essentiels dont il a besoin<\/span> <span style=\"font-weight: 400;\">pour une vie \u00e9quilibr\u00e9e.<\/span><span style=\"font-weight: 400;\">\u00a0<\/span><\/p>\n","protected":false},"excerpt":{"rendered":"<p>D\u00e9couvrez les bienfaits nutritifs et revitalisants de notre compl\u00e9ment alimentaire \u00e0 base d&rsquo;alfalfa. C&rsquo;est une plante riche en nutriments qui a \u00e9t\u00e9 appr\u00e9ci\u00e9e depuis des si\u00e8cles pour ses vertus pour la sant\u00e9.<\/p>\n","protected":false},"featured_media":17356,"comment_status":"open","ping_status":"closed","template":"","meta":[],"product_brand":[],"product_cat":[201],"product_tag":[],"class_list":{"0":"post-17349","1":"product","2":"type-product","3":"status-publish","4":"has-post-thumbnail","6":"product_cat-complements-alimentaires","8":"first","9":"instock","10":"taxable","11":"shipping-taxable","12":"purchasable","13":"product-type-variable"},"_links":{"self":[{"href":"https:\/\/akcharcosmetics.com\/fr\/wp-json\/wp\/v2\/product\/17349","targetHints":{"allow":["GET"]}}],"collection":[{"href":"https:\/\/akcharcosmetics.com\/fr\/wp-json\/wp\/v2\/product"}],"about":[{"href":"https:\/\/akcharcosmetics.com\/fr\/wp-json\/wp\/v2\/types\/product"}],"replies":[{"embeddable":true,"href":"https:\/\/akcharcosmetics.com\/fr\/wp-json\/wp\/v2\/comments?post=17349"}],"version-history":[{"count":0,"href":"https:\/\/akcharcosmetics.com\/fr\/wp-json\/wp\/v2\/product\/17349\/revisions"}],"wp:featuredmedia":[{"embeddable":true,"href":"https:\/\/akcharcosmetics.com\/fr\/wp-json\/wp\/v2\/media\/17356"}],"wp:attachment":[{"href":"https:\/\/akcharcosmetics.com\/fr\/wp-json\/wp\/v2\/media?parent=17349"}],"wp:term":[{"taxonomy":"product_brand","embeddable":true,"href":"https:\/\/akcharcosmetics.com\/fr\/wp-json\/wp\/v2\/product_brand?post=17349"},{"taxonomy":"product_cat","embeddable":true,"href":"https:\/\/akcharcosmetics.com\/fr\/wp-json\/wp\/v2\/product_cat?post=17349"},{"taxonomy":"product_tag","embeddable":true,"href":"https:\/\/akcharcosmetics.com\/fr\/wp-json\/wp\/v2\/product_tag?post=17349"}],"curies":[{"name":"wp","href":"https:\/\/api.w.org\/{rel}","templated":true}]}}