{"id":17334,"date":"2023-11-17T10:22:14","date_gmt":"2023-11-17T10:22:14","guid":{"rendered":"https:\/\/akcharcosmetics.com\/?post_type=product&#038;p=17334"},"modified":"2024-10-09T10:38:09","modified_gmt":"2024-10-09T10:38:09","slug":"cinnamon-bark","status":"publish","type":"product","link":"https:\/\/akcharcosmetics.com\/fr\/produit\/cinnamon-bark\/","title":{"rendered":"Cinnamon Bark"},"content":{"rendered":"<p><span style=\"font-weight: 400;\">Des \u00e9tudes scientifiques r\u00e9centes sugg\u00e8rent que l&rsquo;\u00e9corce de cannelle poss\u00e8de des<\/span> <span style=\"font-weight: 400;\">propri\u00e9t\u00e9s pour neutraliser les radicaux libres et peut soutenir une r\u00e9ponse saine et<\/span> <span style=\"font-weight: 400;\">\u00e9quilibr\u00e9e du syst\u00e8me immunitaire. De plus, il a \u00e9t\u00e9 d\u00e9montr\u00e9 que l&rsquo;\u00e9corce de<\/span> <span style=\"font-weight: 400;\">cannelle favorise un m\u00e9tabolisme sain du glucose et peut contribuer au maintien de<\/span> <span style=\"font-weight: 400;\">niveaux de sucre dans le sang normaux.<\/span><\/p>\n<p><b>Les avantages et bienfaits du compl\u00e9ment alimentaire Cinnamon Bark ?<\/b><b>\u00a0<\/b><\/p>\n<p><span style=\"font-weight: 400;\">&#8211; <\/span><b>Qualit\u00e9 Exceptionnelle : <\/b><span style=\"font-weight: 400;\">Notre Ecorce de Cannelle est extraite de la meilleure<\/span> <span style=\"font-weight: 400;\">qualit\u00e9 d&rsquo;\u00e9corce de cannelle, pour vous assurer des bienfaits optimaux.<\/span><span style=\"font-weight: 400;\">\u00a0<\/span><\/p>\n<p><span style=\"font-weight: 400;\">&#8211; <\/span><b>Soutien \u00e0 la Glyc\u00e9mie : <\/b><span style=\"font-weight: 400;\">Des \u00e9tudes sugg\u00e8rent que la cannelle peut contribuer<\/span> <span style=\"font-weight: 400;\">\u00e0 maintenir des niveaux de sucre sanguin \u00e9quilibr\u00e9s, ce qui peut \u00eatre<\/span> <span style=\"font-weight: 400;\">b\u00e9n\u00e9fique pour les personnes souffrant de diab\u00e8te de type 2.<\/span><span style=\"font-weight: 400;\">\u00a0<\/span><\/p>\n<p><span style=\"font-weight: 400;\">&#8211; <\/span><b>Antioxydant Puissant : <\/b><span style=\"font-weight: 400;\">La cannelle est riche en antioxydants, qui aident \u00e0<\/span> <span style=\"font-weight: 400;\">prot\u00e9ger les cellules du corps contre les dommages oxydatifs.<\/span><span style=\"font-weight: 400;\">\u00a0<\/span><\/p>\n<p><span style=\"font-weight: 400;\">&#8211; <\/span><b>Soutien Digestif : <\/b><span style=\"font-weight: 400;\">Elle peut favoriser la sant\u00e9 digestive en aidant \u00e0 soulager<\/span> <span style=\"font-weight: 400;\">les troubles gastro-intestinaux.<\/span><span style=\"font-weight: 400;\">\u00a0<\/span><\/p>\n<p><span style=\"font-weight: 400;\">&#8211; <\/span><b>Facile \u00e0 Int\u00e9grer : <\/b><span style=\"font-weight: 400;\">Les capsules faciles \u00e0 avaler peuvent \u00eatre int\u00e9gr\u00e9es<\/span> <span style=\"font-weight: 400;\">facilement \u00e0 votre routine quotidienne de bien-\u00eatre.<\/span><span style=\"font-weight: 400;\">\u00a0<\/span><\/p>\n<p><span style=\"font-weight: 400;\">&#8211; <\/span><b>Qualit\u00e9 et S\u00e9curit\u00e9 : <\/b><span style=\"font-weight: 400;\">Notre produit est fabriqu\u00e9 dans une installation certifi\u00e9e<\/span> <span style=\"font-weight: 400;\">ONSSA , ISO pour garantir la qualit\u00e9, la puret\u00e9 et la s\u00e9curit\u00e9.<\/span><span style=\"font-weight: 400;\">\u00a0<\/span><\/p>\n<p><span style=\"font-weight: 400;\">L&rsquo;\u00e9corce de cannelle est une solution naturelle pour favoriser votre sant\u00e9 globale et<\/span> <span style=\"font-weight: 400;\">votre bien-\u00eatre. Optez pour la cannelle et faites chaque jour une opportunit\u00e9 pour<\/span> <span style=\"font-weight: 400;\">vous sentir revitalis\u00e9 et en pleine forme.<\/span><span style=\"font-weight: 400;\">\u00a0<\/span><\/p>\n<p><span style=\"font-weight: 400;\">Donnez \u00e0 votre corps le soutien dont il a besoin pour vivre une vie saine et \u00e9nergique.<\/span> <span style=\"font-weight: 400;\">Commandez notre Ecorce de Cannelle d\u00e8s aujourd&rsquo;hui et d\u00e9couvrez les bienfaits de<\/span> <span style=\"font-weight: 400;\">cette \u00e9pice ancienne pour une vie plus \u00e9quilibr\u00e9e.<\/span><span style=\"font-weight: 400;\">\u00a0<\/span><\/p>\n","protected":false},"excerpt":{"rendered":"<p>D\u00e9couvrez la puissance naturelle de notre compl\u00e9ment alimentaire \u00e0 base d&rsquo;\u00e9corce de cannelle (Cinnamon Bark), formul\u00e9 pour promouvoir la sant\u00e9 et le bien-\u00eatre de mani\u00e8re holistique. L&rsquo;\u00e9corce de cannelle est une \u00e9pice aromatique largement r\u00e9put\u00e9e pour ses propri\u00e9t\u00e9s b\u00e9n\u00e9fiques et son go\u00fbt d\u00e9licieux.<\/p>\n","protected":false},"featured_media":17341,"comment_status":"open","ping_status":"closed","template":"","meta":[],"product_brand":[],"product_cat":[201],"product_tag":[],"class_list":{"0":"post-17334","1":"product","2":"type-product","3":"status-publish","4":"has-post-thumbnail","6":"product_cat-complements-alimentaires","8":"first","9":"instock","10":"taxable","11":"shipping-taxable","12":"purchasable","13":"product-type-variable"},"_links":{"self":[{"href":"https:\/\/akcharcosmetics.com\/fr\/wp-json\/wp\/v2\/product\/17334","targetHints":{"allow":["GET"]}}],"collection":[{"href":"https:\/\/akcharcosmetics.com\/fr\/wp-json\/wp\/v2\/product"}],"about":[{"href":"https:\/\/akcharcosmetics.com\/fr\/wp-json\/wp\/v2\/types\/product"}],"replies":[{"embeddable":true,"href":"https:\/\/akcharcosmetics.com\/fr\/wp-json\/wp\/v2\/comments?post=17334"}],"version-history":[{"count":0,"href":"https:\/\/akcharcosmetics.com\/fr\/wp-json\/wp\/v2\/product\/17334\/revisions"}],"wp:featuredmedia":[{"embeddable":true,"href":"https:\/\/akcharcosmetics.com\/fr\/wp-json\/wp\/v2\/media\/17341"}],"wp:attachment":[{"href":"https:\/\/akcharcosmetics.com\/fr\/wp-json\/wp\/v2\/media?parent=17334"}],"wp:term":[{"taxonomy":"product_brand","embeddable":true,"href":"https:\/\/akcharcosmetics.com\/fr\/wp-json\/wp\/v2\/product_brand?post=17334"},{"taxonomy":"product_cat","embeddable":true,"href":"https:\/\/akcharcosmetics.com\/fr\/wp-json\/wp\/v2\/product_cat?post=17334"},{"taxonomy":"product_tag","embeddable":true,"href":"https:\/\/akcharcosmetics.com\/fr\/wp-json\/wp\/v2\/product_tag?post=17334"}],"curies":[{"name":"wp","href":"https:\/\/api.w.org\/{rel}","templated":true}]}}