{"id":17319,"date":"2023-11-17T10:14:25","date_gmt":"2023-11-17T10:14:25","guid":{"rendered":"https:\/\/akcharcosmetics.com\/?post_type=product&#038;p=17319"},"modified":"2025-06-06T18:48:49","modified_gmt":"2025-06-06T18:48:49","slug":"berberine","status":"publish","type":"product","link":"https:\/\/akcharcosmetics.com\/fr\/produit\/berberine\/","title":{"rendered":"Berberine"},"content":{"rendered":"<p><span style=\"font-weight: 400;\">Connu depuis longtemps et utilis\u00e9 dans la pratique chinoise et ayurv\u00e9dique, le<\/span> <span style=\"font-weight: 400;\">berb\u00e9ris doit ses propri\u00e9t\u00e9s \u00e0 un composant actif, la berb\u00e9rine. De r\u00e9centes \u00e9tudes<\/span> <span style=\"font-weight: 400;\">ont d\u00e9montr\u00e9 que cette plante favorise le contr\u00f4le du taux de glucose sanguin.<\/span><span style=\"font-weight: 400;\">\u00a0<\/span><\/p>\n<p><b>Les avantages et les bienfaits du compl\u00e9ment alimentaire Berberine?<\/b><b>\u00a0<\/b><\/p>\n<p><span style=\"font-weight: 400;\">&#8211; <\/span><b>Extrait de Qualit\u00e9 Sup\u00e9rieure : <\/b><span style=\"font-weight: 400;\">Notre Berberine est extrait de sources de<\/span> <span style=\"font-weight: 400;\">qualit\u00e9 sup\u00e9rieure pour vous garantir la puret\u00e9 et l&rsquo;efficacit\u00e9 maximale de ce<\/span> <span style=\"font-weight: 400;\">compos\u00e9 puissant.<\/span><\/p>\n<p><span style=\"font-weight: 400;\">&#8211; <\/span><b>Soutien M\u00e9tabolique : <\/b><span style=\"font-weight: 400;\">La berb\u00e9rine est reconnue pour son r\u00f4le dans la<\/span> <span style=\"font-weight: 400;\">r\u00e9gulation de la glyc\u00e9mie et du m\u00e9tabolisme, aidant ainsi \u00e0 maintenir des<\/span> <span style=\"font-weight: 400;\">niveaux de sucre sanguin \u00e9quilibr\u00e9s.<\/span><span style=\"font-weight: 400;\">\u00a0<\/span><\/p>\n<p><span style=\"font-weight: 400;\">&#8211; <\/span><b>Soutien Cardiovasculaire : <\/b><span style=\"font-weight: 400;\">Des \u00e9tudes sugg\u00e8rent que la berb\u00e9rine peut<\/span> <span style=\"font-weight: 400;\">contribuer \u00e0 la sant\u00e9 cardiovasculaire en aidant \u00e0 maintenir un taux de<\/span> <span style=\"font-weight: 400;\">cholest\u00e9rol sain.<\/span><span style=\"font-weight: 400;\">\u00a0<\/span><\/p>\n<p><span style=\"font-weight: 400;\">&#8211; <\/span><b>Bien-\u00eatre Digestif : <\/b><span style=\"font-weight: 400;\">Ce compl\u00e9ment peut \u00e9galement favoriser la sant\u00e9<\/span> <span style=\"font-weight: 400;\">digestive en soutenant un microbiome intestinal \u00e9quilibr\u00e9.<\/span><span style=\"font-weight: 400;\">\u00a0<\/span><\/p>\n<p><span style=\"font-weight: 400;\">&#8211; <\/span><b>Antioxydant Naturel : <\/b><span style=\"font-weight: 400;\">La berb\u00e9rine est un antioxydant naturel puissant qui<\/span> <span style=\"font-weight: 400;\">peut aider \u00e0 prot\u00e9ger les cellules contre les dommages oxydatifs.<\/span><span style=\"font-weight: 400;\">\u00a0<\/span><\/p>\n<p><span style=\"font-weight: 400;\">&#8211; <\/span><b>Facile \u00e0 Int\u00e9grer : <\/b><span style=\"font-weight: 400;\">Les capsules faciles \u00e0 avaler peuvent \u00eatre int\u00e9gr\u00e9es<\/span> <span style=\"font-weight: 400;\">facilement \u00e0 votre routine quotidienne de bien-\u00eatre.<\/span><span style=\"font-weight: 400;\">\u00a0<\/span><\/p>\n<p><span style=\"font-weight: 400;\">&#8211; <\/span><b>Qualit\u00e9 et S\u00e9curit\u00e9 <\/b><span style=\"font-weight: 400;\">:<\/span> <span style=\"font-weight: 400;\">Notre produit est fabriqu\u00e9 dans une installation certifi\u00e9e<\/span> <span style=\"font-weight: 400;\">ONSSA , ISO pour garantir la qualit\u00e9, la puret\u00e9 et la s\u00e9curit\u00e9.<\/span><span style=\"font-weight: 400;\">\u00a0<\/span><\/p>\n<p><span style=\"font-weight: 400;\">Le Berberine est une solution naturelle pour soutenir votre sant\u00e9 globale. Faites le<\/span> <span style=\"font-weight: 400;\">choix de la sant\u00e9 et du bien-\u00eatre avec notre Berberine d\u00e8s aujourd&rsquo;hui.<\/span> <span style=\"font-weight: 400;\">Donnez \u00e0 votre corps les nutriments dont il a besoin pour fonctionner \u00e0 son meilleur.<\/span> <span style=\"font-weight: 400;\">Commandez le v\u00f4tre maintenant et d\u00e9couvrez les bienfaits de la berb\u00e9rine pour une<\/span> <span style=\"font-weight: 400;\">vie plus saine et \u00e9quilibr\u00e9e.<\/span><span style=\"font-weight: 400;\">\u00a0<\/span><\/p>\n","protected":false},"excerpt":{"rendered":"<p><span style=\"font-weight: 400;\">D\u00e9couvrez les bienfaits naturels de notre compl\u00e9ment alimentaire Berberine, formul\u00e9<\/span> <span style=\"font-weight: 400;\">pour soutenir votre sant\u00e9 et votre bien-\u00eatre de mani\u00e8re holistique. La berb\u00e9rine est un<\/span> <span style=\"font-weight: 400;\">compos\u00e9 naturel que l&rsquo;on trouve dans diverses plantes, notamment le Berberis<\/span> <span style=\"font-weight: 400;\">vulgaris, et qui a suscit\u00e9 un int\u00e9r\u00eat croissant en raison de ses propri\u00e9t\u00e9s b\u00e9n\u00e9fiques<\/span> <span style=\"font-weight: 400;\">pour la sant\u00e9.<\/span><span style=\"font-weight: 400;\">\u00a0<\/span><\/p>\n","protected":false},"featured_media":17326,"comment_status":"open","ping_status":"closed","template":"","meta":[],"product_brand":[],"product_cat":[201],"product_tag":[],"class_list":{"0":"post-17319","1":"product","2":"type-product","3":"status-publish","4":"has-post-thumbnail","6":"product_cat-complements-alimentaires","8":"first","9":"instock","10":"taxable","11":"shipping-taxable","12":"purchasable","13":"product-type-variable"},"_links":{"self":[{"href":"https:\/\/akcharcosmetics.com\/fr\/wp-json\/wp\/v2\/product\/17319","targetHints":{"allow":["GET"]}}],"collection":[{"href":"https:\/\/akcharcosmetics.com\/fr\/wp-json\/wp\/v2\/product"}],"about":[{"href":"https:\/\/akcharcosmetics.com\/fr\/wp-json\/wp\/v2\/types\/product"}],"replies":[{"embeddable":true,"href":"https:\/\/akcharcosmetics.com\/fr\/wp-json\/wp\/v2\/comments?post=17319"}],"version-history":[{"count":0,"href":"https:\/\/akcharcosmetics.com\/fr\/wp-json\/wp\/v2\/product\/17319\/revisions"}],"wp:featuredmedia":[{"embeddable":true,"href":"https:\/\/akcharcosmetics.com\/fr\/wp-json\/wp\/v2\/media\/17326"}],"wp:attachment":[{"href":"https:\/\/akcharcosmetics.com\/fr\/wp-json\/wp\/v2\/media?parent=17319"}],"wp:term":[{"taxonomy":"product_brand","embeddable":true,"href":"https:\/\/akcharcosmetics.com\/fr\/wp-json\/wp\/v2\/product_brand?post=17319"},{"taxonomy":"product_cat","embeddable":true,"href":"https:\/\/akcharcosmetics.com\/fr\/wp-json\/wp\/v2\/product_cat?post=17319"},{"taxonomy":"product_tag","embeddable":true,"href":"https:\/\/akcharcosmetics.com\/fr\/wp-json\/wp\/v2\/product_tag?post=17319"}],"curies":[{"name":"wp","href":"https:\/\/api.w.org\/{rel}","templated":true}]}}