{"id":17303,"date":"2023-11-17T10:05:21","date_gmt":"2023-11-17T10:05:21","guid":{"rendered":"https:\/\/akcharcosmetics.com\/?post_type=product&#038;p=17303"},"modified":"2024-10-09T10:38:09","modified_gmt":"2024-10-09T10:38:09","slug":"collagen-veg","status":"publish","type":"product","link":"https:\/\/akcharcosmetics.com\/fr\/produit\/collagen-veg\/","title":{"rendered":"Collagen Veg"},"content":{"rendered":"<p><b>Les avantages et les bienfaits du compl\u00e9ment alimentaire Collagen Veg?<\/b><b>\u00a0<\/b><\/p>\n<p><span style=\"font-weight: 400;\">&#8211; <\/span><b>V\u00e9g\u00e9talien et Respectueux de l&rsquo;Environnement : <\/b><span style=\"font-weight: 400;\">Notre Collagen Veg est<\/span> <span style=\"font-weight: 400;\">fabriqu\u00e9 \u00e0 partir d&rsquo;ingr\u00e9dients 100 % v\u00e9g\u00e9taux, sans utilisation de produits<\/span> <span style=\"font-weight: 400;\">d&rsquo;origine animale, et est respectueux de l&rsquo;environnement.<\/span><span style=\"font-weight: 400;\">\u00a0<\/span><\/p>\n<p><span style=\"font-weight: 400;\">&#8211; <\/span><b>Soutien \u00e0 la Peau, aux Cheveux et aux Ongles : <\/b><span style=\"font-weight: 400;\">Le collag\u00e8ne v\u00e9g\u00e9talien peut<\/span> <span style=\"font-weight: 400;\">contribuer \u00e0 une peau plus \u00e9clatante, \u00e0 des cheveux plus forts et \u00e0 des ongles<\/span> <span style=\"font-weight: 400;\">plus sains.<\/span><\/p>\n<p><span style=\"font-weight: 400;\">&#8211; <\/span><b>Formulation Avanc\u00e9e : <\/b><span style=\"font-weight: 400;\">Notre formule avanc\u00e9e contient des ingr\u00e9dients<\/span> <span style=\"font-weight: 400;\">soigneusement s\u00e9lectionn\u00e9s, y compris des vitamines et des min\u00e9raux<\/span> <span style=\"font-weight: 400;\">essentiels, pour un soutien optimal de la beaut\u00e9 et du bien-\u00eatre.<\/span><span style=\"font-weight: 400;\">\u00a0<\/span><\/p>\n<p><span style=\"font-weight: 400;\">&#8211; <\/span><b>Facile \u00e0 Int\u00e9grer : <\/b><span style=\"font-weight: 400;\">Les capsules v\u00e9g\u00e9taliennes faciles \u00e0 avaler peuvent \u00eatre<\/span> <span style=\"font-weight: 400;\">int\u00e9gr\u00e9es ais\u00e9ment \u00e0 votre routine quotidienne de bien-\u00eatre.<\/span><span style=\"font-weight: 400;\">\u00a0<\/span><\/p>\n<p><span style=\"font-weight: 400;\">&#8211; <\/span><b>Qualit\u00e9 et S\u00e9curit\u00e9 : <\/b><span style=\"font-weight: 400;\">Notre produit est fabriqu\u00e9 dans une installation certifi\u00e9e<\/span> <span style=\"font-weight: 400;\">ONSSA , ISO pour garantir la qualit\u00e9, la puret\u00e9 et la s\u00e9curit\u00e9.<\/span><span style=\"font-weight: 400;\">\u00a0<\/span><\/p>\n<p><span style=\"font-weight: 400;\">Prenez soin de vous et de la plan\u00e8te en choisissant notre Collagen Veg. Notre<\/span> <span style=\"font-weight: 400;\">compl\u00e9ment alimentaire vous aide \u00e0 maintenir une apparence jeune et rayonnante<\/span> <span style=\"font-weight: 400;\">tout en respectant vos valeurs v\u00e9g\u00e9taliennes. Vous m\u00e9ritez le meilleur, et notre<\/span> <span style=\"font-weight: 400;\">Collagen Veg est l\u00e0 pour vous aider \u00e0 l&rsquo;obtenir.<\/span><span style=\"font-weight: 400;\">\u00a0<\/span><\/p>\n<p><span style=\"font-weight: 400;\">Offrez \u00e0 votre corps les nutriments dont il a besoin pour briller de beaut\u00e9 de mani\u00e8re<\/span> <span style=\"font-weight: 400;\">naturelle et \u00e9thique. Commandez le v\u00f4tre d\u00e8s aujourd&rsquo;hui et faites un pas de plus<\/span> <span style=\"font-weight: 400;\">vers une beaut\u00e9 consciente et durable.<\/span><\/p>\n","protected":false},"excerpt":{"rendered":"<p><span style=\"font-weight: 400;\">D\u00e9couvrez notre Collagen Veg, le compl\u00e9ment alimentaire de collag\u00e8ne v\u00e9g\u00e9talien<\/span> <span style=\"font-weight: 400;\">qui vous permet de prendre soin de votre peau, de vos cheveux et de vos ongles tout<\/span> <span style=\"font-weight: 400;\">en respectant votre mode de vie v\u00e9g\u00e9tarien ou v\u00e9g\u00e9talien. Le collag\u00e8ne est une<\/span> <span style=\"font-weight: 400;\">prot\u00e9ine essentielle pour maintenir la jeunesse et l&rsquo;\u00e9lasticit\u00e9 de la peau, mais il peut<\/span> <span style=\"font-weight: 400;\">\u00eatre difficile \u00e0 obtenir \u00e0 partir de sources v\u00e9g\u00e9tales.<\/span><span style=\"font-weight: 400;\">\u00a0<\/span><\/p>\n","protected":false},"featured_media":17307,"comment_status":"open","ping_status":"closed","template":"","meta":[],"product_brand":[],"product_cat":[201],"product_tag":[],"class_list":{"0":"post-17303","1":"product","2":"type-product","3":"status-publish","4":"has-post-thumbnail","6":"product_cat-complements-alimentaires","8":"first","9":"instock","10":"taxable","11":"shipping-taxable","12":"purchasable","13":"product-type-variable"},"_links":{"self":[{"href":"https:\/\/akcharcosmetics.com\/fr\/wp-json\/wp\/v2\/product\/17303","targetHints":{"allow":["GET"]}}],"collection":[{"href":"https:\/\/akcharcosmetics.com\/fr\/wp-json\/wp\/v2\/product"}],"about":[{"href":"https:\/\/akcharcosmetics.com\/fr\/wp-json\/wp\/v2\/types\/product"}],"replies":[{"embeddable":true,"href":"https:\/\/akcharcosmetics.com\/fr\/wp-json\/wp\/v2\/comments?post=17303"}],"version-history":[{"count":0,"href":"https:\/\/akcharcosmetics.com\/fr\/wp-json\/wp\/v2\/product\/17303\/revisions"}],"wp:featuredmedia":[{"embeddable":true,"href":"https:\/\/akcharcosmetics.com\/fr\/wp-json\/wp\/v2\/media\/17307"}],"wp:attachment":[{"href":"https:\/\/akcharcosmetics.com\/fr\/wp-json\/wp\/v2\/media?parent=17303"}],"wp:term":[{"taxonomy":"product_brand","embeddable":true,"href":"https:\/\/akcharcosmetics.com\/fr\/wp-json\/wp\/v2\/product_brand?post=17303"},{"taxonomy":"product_cat","embeddable":true,"href":"https:\/\/akcharcosmetics.com\/fr\/wp-json\/wp\/v2\/product_cat?post=17303"},{"taxonomy":"product_tag","embeddable":true,"href":"https:\/\/akcharcosmetics.com\/fr\/wp-json\/wp\/v2\/product_tag?post=17303"}],"curies":[{"name":"wp","href":"https:\/\/api.w.org\/{rel}","templated":true}]}}