{"id":17272,"date":"2023-11-17T09:52:30","date_gmt":"2023-11-17T09:52:30","guid":{"rendered":"https:\/\/akcharcosmetics.com\/?post_type=product&#038;p=17272"},"modified":"2024-12-17T14:04:19","modified_gmt":"2024-12-17T14:04:19","slug":"tart-cherry","status":"publish","type":"product","link":"https:\/\/akcharcosmetics.com\/fr\/produit\/tart-cherry\/","title":{"rendered":"Tart Cherry"},"content":{"rendered":"<p><span style=\"font-weight: 400;\">Les avantages et les bienfaits de compl\u00e9ment alimentaire Tart Cherry ?<\/span><span style=\"font-weight: 400;\">\u00a0<\/span><\/p>\n<p><span style=\"font-weight: 400;\">Bienfaits des Cerises Aigres : Notre compl\u00e9ment \u00ab\u00a0Tart Cherry\u00a0\u00bb vous permet de<\/span> <span style=\"font-weight: 400;\">profiter des nutriments et des antioxydants pr\u00e9sents dans les cerises aigres, qui<\/span> <span style=\"font-weight: 400;\">peuvent contribuer \u00e0 votre bien-\u00eatre.<\/span><span style=\"font-weight: 400;\">\u00a0<\/span><\/p>\n<p><span style=\"font-weight: 400;\">Soutien Antioxydant : Les cerises aigres sont riches en antioxydants naturels qui<\/span> <span style=\"font-weight: 400;\">peuvent aider \u00e0 lutter contre les radicaux libres et \u00e0 maintenir la sant\u00e9.<\/span><span style=\"font-weight: 400;\">\u00a0<\/span><\/p>\n<p><span style=\"font-weight: 400;\">Formule Naturelle : \u00ab\u00a0Tart Cherry\u00a0\u00bb contient de l&rsquo;extrait de cerises aigres<\/span> <span style=\"font-weight: 400;\">soigneusement s\u00e9lectionn\u00e9es pour leur efficacit\u00e9.<\/span><span style=\"font-weight: 400;\">\u00a0<\/span><\/p>\n<p><span style=\"font-weight: 400;\">Facile \u00e0 Int\u00e9grer : Les capsules de \u00ab\u00a0Tart Cherry\u00a0\u00bb sont faciles \u00e0 avaler et peuvent<\/span> <span style=\"font-weight: 400;\">devenir ais\u00e9ment une partie de votre routine quotidienne.<\/span><span style=\"font-weight: 400;\">\u00a0<\/span><\/p>\n<p><span style=\"font-weight: 400;\">Qualit\u00e9 et S\u00e9curit\u00e9 : Notre produit est fabriqu\u00e9 dans une installation certifi\u00e9e ONSSA ,<\/span> <span style=\"font-weight: 400;\">ISO pour garantir la qualit\u00e9, la puret\u00e9 et la s\u00e9curit\u00e9.<\/span><span style=\"font-weight: 400;\">\u00a0<\/span><\/p>\n<p><span style=\"font-weight: 400;\">Les cerises aigres sont connues pour leurs bienfaits sur la sant\u00e9, notamment leur<\/span> <span style=\"font-weight: 400;\">soutien antioxydant. \u00ab\u00a0Tart Cherry\u00a0\u00bb est con\u00e7u pour vous permettre de profiter de ces<\/span> <span style=\"font-weight: 400;\">avantages de mani\u00e8re pratique.<\/span><\/p>\n","protected":false},"excerpt":{"rendered":"<p><span style=\"font-weight: 400;\">D\u00e9couvrez notre compl\u00e9ment alimentaire \u00ab\u00a0Tart Cherry,\u00a0\u00bb sp\u00e9cialement formul\u00e9 pour<\/span> <span style=\"font-weight: 400;\">vous offrir les bienfaits des cerises aigres dans un format pratique. Si vous cherchez<\/span> <span style=\"font-weight: 400;\">une solution naturelle pour b\u00e9n\u00e9ficier des propri\u00e9t\u00e9s sant\u00e9 des cerises aigres, notre<\/span> <span style=\"font-weight: 400;\">produit est con\u00e7u pour vous.<\/span><span style=\"font-weight: 400;\">\u00a0<\/span><\/p>\n","protected":false},"featured_media":17279,"comment_status":"open","ping_status":"closed","template":"","meta":[],"product_brand":[],"product_cat":[201],"product_tag":[],"class_list":{"0":"post-17272","1":"product","2":"type-product","3":"status-publish","4":"has-post-thumbnail","6":"product_cat-complements-alimentaires","8":"first","9":"instock","10":"taxable","11":"shipping-taxable","12":"purchasable","13":"product-type-variable"},"_links":{"self":[{"href":"https:\/\/akcharcosmetics.com\/fr\/wp-json\/wp\/v2\/product\/17272","targetHints":{"allow":["GET"]}}],"collection":[{"href":"https:\/\/akcharcosmetics.com\/fr\/wp-json\/wp\/v2\/product"}],"about":[{"href":"https:\/\/akcharcosmetics.com\/fr\/wp-json\/wp\/v2\/types\/product"}],"replies":[{"embeddable":true,"href":"https:\/\/akcharcosmetics.com\/fr\/wp-json\/wp\/v2\/comments?post=17272"}],"version-history":[{"count":0,"href":"https:\/\/akcharcosmetics.com\/fr\/wp-json\/wp\/v2\/product\/17272\/revisions"}],"wp:featuredmedia":[{"embeddable":true,"href":"https:\/\/akcharcosmetics.com\/fr\/wp-json\/wp\/v2\/media\/17279"}],"wp:attachment":[{"href":"https:\/\/akcharcosmetics.com\/fr\/wp-json\/wp\/v2\/media?parent=17272"}],"wp:term":[{"taxonomy":"product_brand","embeddable":true,"href":"https:\/\/akcharcosmetics.com\/fr\/wp-json\/wp\/v2\/product_brand?post=17272"},{"taxonomy":"product_cat","embeddable":true,"href":"https:\/\/akcharcosmetics.com\/fr\/wp-json\/wp\/v2\/product_cat?post=17272"},{"taxonomy":"product_tag","embeddable":true,"href":"https:\/\/akcharcosmetics.com\/fr\/wp-json\/wp\/v2\/product_tag?post=17272"}],"curies":[{"name":"wp","href":"https:\/\/api.w.org\/{rel}","templated":true}]}}