{"id":17254,"date":"2023-11-16T15:23:20","date_gmt":"2023-11-16T15:23:20","guid":{"rendered":"https:\/\/akcharcosmetics.com\/?post_type=product&#038;p=17254"},"modified":"2024-10-09T10:38:10","modified_gmt":"2024-10-09T10:38:10","slug":"complement-alimentaire-a-lorigan","status":"publish","type":"product","link":"https:\/\/akcharcosmetics.com\/fr\/produit\/complement-alimentaire-a-lorigan\/","title":{"rendered":"Compl\u00e9ment Alimentaire \u00e0 l&rsquo;Origan"},"content":{"rendered":"<p><span style=\"font-weight: 400;\">Explorez les bienfaits de notre compl\u00e9ment alimentaire \u00e0 base d&rsquo;origan, une herbe<\/span> <span style=\"font-weight: 400;\">aromatique reconnue pour ses propri\u00e9t\u00e9s b\u00e9n\u00e9fiques pour la sant\u00e9.<\/span><span style=\"font-weight: 400;\">\u00a0<\/span><\/p>\n<p><b>Principaux Bienfaits de l&rsquo;Origan sur l&rsquo;Organisme?<\/b><b>\u00a0<\/b><\/p>\n<p><span style=\"font-weight: 400;\">&#8211; <\/span><b>Soutien Immunitaire : <\/b><span style=\"font-weight: 400;\">L&rsquo;origan est riche en antioxydants et en compos\u00e9s<\/span> <span style=\"font-weight: 400;\">naturels qui renforcent le syst\u00e8me immunitaire, aidant votre corps \u00e0 mieux<\/span> <span style=\"font-weight: 400;\">r\u00e9sister aux infections.<\/span><span style=\"font-weight: 400;\">\u00a0<\/span><\/p>\n<p><span style=\"font-weight: 400;\">&#8211; <\/span><b>Soutien Digestif : <\/b><span style=\"font-weight: 400;\">Il<\/span> <span style=\"font-weight: 400;\">favorise une digestion saine en apaisant les inconforts<\/span> <span style=\"font-weight: 400;\">gastro-intestinaux et en contribuant \u00e0 l&rsquo;\u00e9quilibre de la flore intestinale.<\/span><span style=\"font-weight: 400;\">\u00a0<\/span><\/p>\n<p><span style=\"font-weight: 400;\">&#8211; <\/span><b>Propri\u00e9t\u00e9s Antioxydantes : <\/b><span style=\"font-weight: 400;\">L&rsquo;origan est \u00e9galement un puissant antioxydant,<\/span> <span style=\"font-weight: 400;\">aidant \u00e0 prot\u00e9ger les cellules contre les dommages des radicaux libres,<\/span> <span style=\"font-weight: 400;\">contribuant ainsi \u00e0 la sant\u00e9 globale.<\/span><span style=\"font-weight: 400;\">\u00a0<\/span><\/p>\n<p><span style=\"font-weight: 400;\">&#8211; <\/span><b>Bien-\u00catre G\u00e9n\u00e9ral : <\/b><span style=\"font-weight: 400;\">En soutenant \u00e0 la fois le syst\u00e8me immunitaire et la<\/span> <span style=\"font-weight: 400;\">digestion, notre compl\u00e9ment alimentaire \u00e0 l&rsquo;origan peut contribuer \u00e0 votre<\/span> <span style=\"font-weight: 400;\">bien-\u00eatre g\u00e9n\u00e9ral.<\/span><span style=\"font-weight: 400;\">\u00a0<\/span><\/p>\n<p><span style=\"font-weight: 400;\">Optez pour notre compl\u00e9ment alimentaire \u00e0 l&rsquo;origan pour une approche naturelle de<\/span> <span style=\"font-weight: 400;\">la sant\u00e9 immunitaire, digestive et du bien-\u00eatre g\u00e9n\u00e9ral. Commandez d\u00e8s aujourd&rsquo;hui<\/span> <span style=\"font-weight: 400;\">et d\u00e9couvrez les bienfaits de cette herbe aromatique pour votre sant\u00e9.<\/span><\/p>\n","protected":false},"excerpt":{"rendered":"<p><span style=\"font-weight: 400;\">Soutien Naturel pour la Sant\u00e9 Immunitaire et<\/span> <span style=\"font-weight: 400;\">Digestive!<\/span><span style=\"font-weight: 400;\"> \u00a0<\/span><span style=\"font-weight: 400;\">L&rsquo;origan, \u00e9galement connu sous le nom de marjolaine sauvage, est une herbe<\/span> <span style=\"font-weight: 400;\">culinaire \u00e9pic\u00e9e et aromatique qui est \u00e9galement bien connue des herboristes<\/span> <span style=\"font-weight: 400;\">traditionnels depuis des milliers d&rsquo;ann\u00e9es. Des \u00e9tudes scientifiques plus r\u00e9centes<\/span> <span style=\"font-weight: 400;\">sugg\u00e8rent que l&rsquo;huile d&rsquo;origan peut contribuer au maintien de l&rsquo;\u00e9quilibre sain de la<\/span> <span style=\"font-weight: 400;\">flore intestinale.<\/span><span style=\"font-weight: 400;\">\u00a0<\/span><\/p>\n","protected":false},"featured_media":17261,"comment_status":"open","ping_status":"closed","template":"","meta":[],"product_brand":[],"product_cat":[201],"product_tag":[],"class_list":{"0":"post-17254","1":"product","2":"type-product","3":"status-publish","4":"has-post-thumbnail","6":"product_cat-complements-alimentaires","8":"first","9":"instock","10":"taxable","11":"shipping-taxable","12":"purchasable","13":"product-type-variable"},"_links":{"self":[{"href":"https:\/\/akcharcosmetics.com\/fr\/wp-json\/wp\/v2\/product\/17254","targetHints":{"allow":["GET"]}}],"collection":[{"href":"https:\/\/akcharcosmetics.com\/fr\/wp-json\/wp\/v2\/product"}],"about":[{"href":"https:\/\/akcharcosmetics.com\/fr\/wp-json\/wp\/v2\/types\/product"}],"replies":[{"embeddable":true,"href":"https:\/\/akcharcosmetics.com\/fr\/wp-json\/wp\/v2\/comments?post=17254"}],"version-history":[{"count":0,"href":"https:\/\/akcharcosmetics.com\/fr\/wp-json\/wp\/v2\/product\/17254\/revisions"}],"wp:featuredmedia":[{"embeddable":true,"href":"https:\/\/akcharcosmetics.com\/fr\/wp-json\/wp\/v2\/media\/17261"}],"wp:attachment":[{"href":"https:\/\/akcharcosmetics.com\/fr\/wp-json\/wp\/v2\/media?parent=17254"}],"wp:term":[{"taxonomy":"product_brand","embeddable":true,"href":"https:\/\/akcharcosmetics.com\/fr\/wp-json\/wp\/v2\/product_brand?post=17254"},{"taxonomy":"product_cat","embeddable":true,"href":"https:\/\/akcharcosmetics.com\/fr\/wp-json\/wp\/v2\/product_cat?post=17254"},{"taxonomy":"product_tag","embeddable":true,"href":"https:\/\/akcharcosmetics.com\/fr\/wp-json\/wp\/v2\/product_tag?post=17254"}],"curies":[{"name":"wp","href":"https:\/\/api.w.org\/{rel}","templated":true}]}}