{"id":17235,"date":"2023-11-16T14:55:43","date_gmt":"2023-11-16T14:55:43","guid":{"rendered":"https:\/\/akcharcosmetics.com\/?post_type=product&#038;p=17235"},"modified":"2024-10-09T10:38:11","modified_gmt":"2024-10-09T10:38:11","slug":"graviola","status":"publish","type":"product","link":"https:\/\/akcharcosmetics.com\/fr\/produit\/graviola\/","title":{"rendered":"Graviola"},"content":{"rendered":"<p><b>Les bienfaits du compl\u00e9ment alimentaire \u00e0 la Graviola?\u00a0<\/b><\/p>\n<p><span style=\"font-weight: 400;\">&#8211; <\/span><b>Soutien pour la Croissance Cellulaire Saine : <\/b><span style=\"font-weight: 400;\">Les ac\u00e9tog\u00e9nines de la graviola sont connues pour leur potentiel \u00e0 soutenir une croissance cellulaire saine, contribuant ainsi \u00e0 une sant\u00e9 optimale.\u00a0<\/span><\/p>\n<p><span style=\"font-weight: 400;\">&#8211; <\/span><b>Composants Actifs : <\/b><span style=\"font-weight: 400;\">Notre compl\u00e9ment est formul\u00e9 pour vous apporter les bienfaits des composants actifs de la graviola de la mani\u00e8re la plus pratique.\u00a0<\/span><\/p>\n<p><span style=\"font-weight: 400;\">&#8211; <\/span><b>Bien-\u00catre G\u00e9n\u00e9ral : <\/b><span style=\"font-weight: 400;\">En favorisant la sant\u00e9 cellulaire, notre compl\u00e9ment peut contribuer \u00e0 votre bien-\u00eatre g\u00e9n\u00e9ral.\u00a0<\/span><\/p>\n<p><span style=\"font-weight: 400;\">Optez pour notre compl\u00e9ment alimentaire naturel \u00e0 la graviola pour une approche naturelle de la sant\u00e9 optimale. Commandez d\u00e8s aujourd&rsquo;hui et d\u00e9couvrez les bienfaits de ce tr\u00e9sor naturel pour votre bien-\u00eatre.<\/span><\/p>\n","protected":false},"excerpt":{"rendered":"<p><span style=\"font-weight: 400;\">Compl\u00e9ment Alimentaire \u00e0 la Graviola : Soutien Naturel pour une Sant\u00e9 Optimale!\u00a0<\/span><\/p>\n<p><span style=\"font-weight: 400;\">L&rsquo;arbre de Graviola (Annona muricata) Ses feuilles ont une longue histoire d&rsquo;utilisation par les herboristes traditionnels. Des \u00e9tudes scientifiques plus r\u00e9centes sugg\u00e8rent que les ac\u00e9tog\u00e9nines, les composants actifs de la graviola, peuvent soutenir une croissance cellulaire saine et des fonctions optimales.\u00a0<\/span><\/p>\n","protected":false},"featured_media":17239,"comment_status":"open","ping_status":"closed","template":"","meta":[],"product_brand":[],"product_cat":[201],"product_tag":[],"class_list":{"0":"post-17235","1":"product","2":"type-product","3":"status-publish","4":"has-post-thumbnail","6":"product_cat-complements-alimentaires","8":"first","9":"instock","10":"taxable","11":"shipping-taxable","12":"purchasable","13":"product-type-variable"},"_links":{"self":[{"href":"https:\/\/akcharcosmetics.com\/fr\/wp-json\/wp\/v2\/product\/17235","targetHints":{"allow":["GET"]}}],"collection":[{"href":"https:\/\/akcharcosmetics.com\/fr\/wp-json\/wp\/v2\/product"}],"about":[{"href":"https:\/\/akcharcosmetics.com\/fr\/wp-json\/wp\/v2\/types\/product"}],"replies":[{"embeddable":true,"href":"https:\/\/akcharcosmetics.com\/fr\/wp-json\/wp\/v2\/comments?post=17235"}],"version-history":[{"count":0,"href":"https:\/\/akcharcosmetics.com\/fr\/wp-json\/wp\/v2\/product\/17235\/revisions"}],"wp:featuredmedia":[{"embeddable":true,"href":"https:\/\/akcharcosmetics.com\/fr\/wp-json\/wp\/v2\/media\/17239"}],"wp:attachment":[{"href":"https:\/\/akcharcosmetics.com\/fr\/wp-json\/wp\/v2\/media?parent=17235"}],"wp:term":[{"taxonomy":"product_brand","embeddable":true,"href":"https:\/\/akcharcosmetics.com\/fr\/wp-json\/wp\/v2\/product_brand?post=17235"},{"taxonomy":"product_cat","embeddable":true,"href":"https:\/\/akcharcosmetics.com\/fr\/wp-json\/wp\/v2\/product_cat?post=17235"},{"taxonomy":"product_tag","embeddable":true,"href":"https:\/\/akcharcosmetics.com\/fr\/wp-json\/wp\/v2\/product_tag?post=17235"}],"curies":[{"name":"wp","href":"https:\/\/api.w.org\/{rel}","templated":true}]}}