{"id":17207,"date":"2023-11-16T14:06:32","date_gmt":"2023-11-16T14:06:32","guid":{"rendered":"https:\/\/akcharcosmetics.com\/?post_type=product&#038;p=17207"},"modified":"2024-12-17T14:04:19","modified_gmt":"2024-12-17T14:04:19","slug":"hawthorn-berry","status":"publish","type":"product","link":"https:\/\/akcharcosmetics.com\/fr\/produit\/hawthorn-berry\/","title":{"rendered":"Hawthorn Berry"},"content":{"rendered":"<p><b>Principaux Bienfaits des Baies d&rsquo;Aub\u00e9pine sur l&rsquo;Organisme?\u00a0<\/b><\/p>\n<p><span style=\"font-weight: 400;\">&#8211; <\/span><b>Sant\u00e9 Cardiovasculaire : <\/b><span style=\"font-weight: 400;\">Les baies d&rsquo;aub\u00e9pine sont reconnues pour leur potentiel \u00e0 favoriser la sant\u00e9 du c\u0153ur en aidant \u00e0 r\u00e9guler la pression art\u00e9rielle, \u00e0 renforcer le muscle cardiaque et \u00e0 am\u00e9liorer la circulation sanguine.\u00a0<\/span><\/p>\n<p><span style=\"font-weight: 400;\">&#8211; <\/span><b>Antioxydants Naturels : <\/b><span style=\"font-weight: 400;\">Elles sont riches en antioxydants qui aident \u00e0 prot\u00e9ger les cellules contre les dommages des radicaux libres, contribuant ainsi \u00e0 la sant\u00e9 globale.\u00a0<\/span><\/p>\n<p><span style=\"font-weight: 400;\">&#8211; <\/span><b>Soutien Digestif : <\/b><span style=\"font-weight: 400;\">Les baies d&rsquo;aub\u00e9pine ont \u00e9galement des propri\u00e9t\u00e9s b\u00e9n\u00e9fiques pour le syst\u00e8me digestif, apaisant les inconforts gastriques et favorisant une digestion saine.\u00a0<\/span><\/p>\n<p><span style=\"font-weight: 400;\">&#8211; <\/span><b>Bien-\u00catre G\u00e9n\u00e9ral : <\/b><span style=\"font-weight: 400;\">En favorisant la sant\u00e9 cardiovasculaire, notre compl\u00e9ment peut contribuer \u00e0 votre bien-\u00eatre g\u00e9n\u00e9ral.\u00a0<\/span><\/p>\n<p><span style=\"font-weight: 400;\">Optez pour notre compl\u00e9ment alimentaire naturel aux baies d&rsquo;aub\u00e9pine pour prendre soin naturellement de votre c\u0153ur et de votre sant\u00e9. Commandez d\u00e8s aujourd&rsquo;hui et d\u00e9couvrez les bienfaits de ce tr\u00e9sor naturel pour votre bien-\u00eatre.<\/span><\/p>\n","protected":false},"excerpt":{"rendered":"<p><span style=\"font-weight: 400;\">Compl\u00e9ment Alimentaire aux Baies d&rsquo;Aub\u00e9pine : Soutien Naturel pour la Sant\u00e9 Cardiovasculaire!\u00a0<\/span><span style=\"font-weight: 400;\">Explorez les bienfaits de notre compl\u00e9ment alimentaire \u00e0 base de baies d&rsquo;aub\u00e9pine, une source naturelle de soutien pour votre sant\u00e9 cardiovasculaire.<\/span><\/p>\n","protected":false},"featured_media":17208,"comment_status":"open","ping_status":"closed","template":"","meta":[],"product_brand":[],"product_cat":[201],"product_tag":[],"class_list":{"0":"post-17207","1":"product","2":"type-product","3":"status-publish","4":"has-post-thumbnail","6":"product_cat-complements-alimentaires","8":"first","9":"instock","10":"taxable","11":"shipping-taxable","12":"purchasable","13":"product-type-variable"},"_links":{"self":[{"href":"https:\/\/akcharcosmetics.com\/fr\/wp-json\/wp\/v2\/product\/17207","targetHints":{"allow":["GET"]}}],"collection":[{"href":"https:\/\/akcharcosmetics.com\/fr\/wp-json\/wp\/v2\/product"}],"about":[{"href":"https:\/\/akcharcosmetics.com\/fr\/wp-json\/wp\/v2\/types\/product"}],"replies":[{"embeddable":true,"href":"https:\/\/akcharcosmetics.com\/fr\/wp-json\/wp\/v2\/comments?post=17207"}],"version-history":[{"count":0,"href":"https:\/\/akcharcosmetics.com\/fr\/wp-json\/wp\/v2\/product\/17207\/revisions"}],"wp:featuredmedia":[{"embeddable":true,"href":"https:\/\/akcharcosmetics.com\/fr\/wp-json\/wp\/v2\/media\/17208"}],"wp:attachment":[{"href":"https:\/\/akcharcosmetics.com\/fr\/wp-json\/wp\/v2\/media?parent=17207"}],"wp:term":[{"taxonomy":"product_brand","embeddable":true,"href":"https:\/\/akcharcosmetics.com\/fr\/wp-json\/wp\/v2\/product_brand?post=17207"},{"taxonomy":"product_cat","embeddable":true,"href":"https:\/\/akcharcosmetics.com\/fr\/wp-json\/wp\/v2\/product_cat?post=17207"},{"taxonomy":"product_tag","embeddable":true,"href":"https:\/\/akcharcosmetics.com\/fr\/wp-json\/wp\/v2\/product_tag?post=17207"}],"curies":[{"name":"wp","href":"https:\/\/api.w.org\/{rel}","templated":true}]}}