{"id":17190,"date":"2023-11-16T12:21:07","date_gmt":"2023-11-16T12:21:07","guid":{"rendered":"https:\/\/akcharcosmetics.com\/?post_type=product&#038;p=17190"},"modified":"2024-12-17T14:04:19","modified_gmt":"2024-12-17T14:04:19","slug":"complement-alimentaire-de-cerise","status":"publish","type":"product","link":"https:\/\/akcharcosmetics.com\/fr\/produit\/complement-alimentaire-de-cerise\/","title":{"rendered":"Compl\u00e9ment Alimentaire de Cerise"},"content":{"rendered":"<p><span style=\"font-weight: 400;\">D\u00e9couvrez les bienfaits de notre compl\u00e9ment alimentaire de Cerise, qui vous apporte les avantages du jus de cerise acidul\u00e9e, une boisson pris\u00e9e pour la sant\u00e9 articulaire, sans sucre ajout\u00e9.\u00a0<\/span><\/p>\n<p><b>Les bienfaits du compl\u00e9ment alimentaire au Cerise?\u00a0<\/b><\/p>\n<p><span style=\"font-weight: 400;\">&#8211; <\/span><b>Riche en Antioxydants : <\/b><span style=\"font-weight: 400;\">Les cerises acidul\u00e9es regorgent d&rsquo;antioxydants, avec au moins 17 compos\u00e9s, dont la querc\u00e9tine, les anthocyanes et l&rsquo;acide ellagique, offrant une protection contre les radicaux libres.\u00a0<\/span><\/p>\n<p><span style=\"font-weight: 400;\">&#8211; <\/span><b>Soutien Naturel : <\/b><span style=\"font-weight: 400;\">Notre extrait de cerise acidul\u00e9e est con\u00e7u pour soutenir le processus naturel de d\u00e9toxification de l&rsquo;acide urique dans le corps, favorisant ainsi la sant\u00e9 des articulations.\u00a0<\/span><\/p>\n<p><span style=\"font-weight: 400;\">&#8211; <\/span><b>Faibles Niveaux de M\u00e9latonine : <\/b><span style=\"font-weight: 400;\">Les cerises acidul\u00e9es contiennent \u00e9galement de faibles niveaux de m\u00e9latonine, pouvant contribuer \u00e0 des cycles de sommeil normaux et sains.\u00a0<\/span><\/p>\n<p><span style=\"font-weight: 400;\">&#8211; <\/span><b>R\u00e9cup\u00e9ration Musculaire : <\/b><span style=\"font-weight: 400;\">Ce compl\u00e9ment peut \u00e9galement soutenir la r\u00e9cup\u00e9ration musculaire, vous aidant \u00e0 rester actif.\u00a0<\/span><\/p>\n<p><span style=\"font-weight: 400;\">Optez pour notre compl\u00e9ment \u00e0 l&rsquo;extrait de cerise acidul\u00e9e pour profiter de ses bienfaits pour la sant\u00e9 articulaire, la r\u00e9cup\u00e9ration musculaire et un sommeil de qualit\u00e9. Commandez d\u00e8s aujourd&rsquo;hui et int\u00e9grez la puissance de la cerise acidul\u00e9e dans votre routine bien-\u00eatre.<\/span><\/p>\n","protected":false},"excerpt":{"rendered":"<p><span style=\"font-weight: 400;\">Les cerises sont riches en antioxydants, comprenant au moins 17 compos\u00e9s tels que la querc\u00e9tine, les anthocyanes et l&rsquo;acide ellagique, ainsi que de faibles niveaux de m\u00e9latonine. Ce fruit regorge de nutriments. Con\u00e7u pour soutenir le processus naturel de d\u00e9toxification de l&rsquo;acide urique dans votre corps, Il contribue \u00e0 la sant\u00e9 des articulations, \u00e0 la r\u00e9cup\u00e9ration musculaire, ainsi qu&rsquo;\u00e0 des cycles de sommeil normaux et sains.\u00a0<\/span><\/p>\n","protected":false},"featured_media":17197,"comment_status":"open","ping_status":"closed","template":"","meta":[],"product_brand":[],"product_cat":[201],"product_tag":[],"class_list":{"0":"post-17190","1":"product","2":"type-product","3":"status-publish","4":"has-post-thumbnail","6":"product_cat-complements-alimentaires","8":"first","9":"instock","10":"taxable","11":"shipping-taxable","12":"purchasable","13":"product-type-variable"},"_links":{"self":[{"href":"https:\/\/akcharcosmetics.com\/fr\/wp-json\/wp\/v2\/product\/17190","targetHints":{"allow":["GET"]}}],"collection":[{"href":"https:\/\/akcharcosmetics.com\/fr\/wp-json\/wp\/v2\/product"}],"about":[{"href":"https:\/\/akcharcosmetics.com\/fr\/wp-json\/wp\/v2\/types\/product"}],"replies":[{"embeddable":true,"href":"https:\/\/akcharcosmetics.com\/fr\/wp-json\/wp\/v2\/comments?post=17190"}],"version-history":[{"count":0,"href":"https:\/\/akcharcosmetics.com\/fr\/wp-json\/wp\/v2\/product\/17190\/revisions"}],"wp:featuredmedia":[{"embeddable":true,"href":"https:\/\/akcharcosmetics.com\/fr\/wp-json\/wp\/v2\/media\/17197"}],"wp:attachment":[{"href":"https:\/\/akcharcosmetics.com\/fr\/wp-json\/wp\/v2\/media?parent=17190"}],"wp:term":[{"taxonomy":"product_brand","embeddable":true,"href":"https:\/\/akcharcosmetics.com\/fr\/wp-json\/wp\/v2\/product_brand?post=17190"},{"taxonomy":"product_cat","embeddable":true,"href":"https:\/\/akcharcosmetics.com\/fr\/wp-json\/wp\/v2\/product_cat?post=17190"},{"taxonomy":"product_tag","embeddable":true,"href":"https:\/\/akcharcosmetics.com\/fr\/wp-json\/wp\/v2\/product_tag?post=17190"}],"curies":[{"name":"wp","href":"https:\/\/api.w.org\/{rel}","templated":true}]}}