{"id":17171,"date":"2023-11-16T12:04:39","date_gmt":"2023-11-16T12:04:39","guid":{"rendered":"https:\/\/akcharcosmetics.com\/?post_type=product&#038;p=17171"},"modified":"2024-10-09T10:38:54","modified_gmt":"2024-10-09T10:38:54","slug":"boswellia","status":"publish","type":"product","link":"https:\/\/akcharcosmetics.com\/fr\/produit\/boswellia\/","title":{"rendered":"Boswellia"},"content":{"rendered":"<p><b>Les bienfaits du compl\u00e9ment alimentaire au Boswellia?\u00a0<\/b><\/p>\n<p><span style=\"font-weight: 400;\">&#8211; <\/span><b>Soutien Articulaire : <\/b><span style=\"font-weight: 400;\">Le boswellia est connu pour ses propri\u00e9t\u00e9s anti-inflammatoires et son potentiel \u00e0 soulager l&rsquo;inconfort articulaire. Il peut contribuer \u00e0 maintenir la mobilit\u00e9 et la souplesse des articulations.\u00a0<\/span><\/p>\n<p><span style=\"font-weight: 400;\">&#8211; <\/span><b>Action Anti-inflammatoire : <\/b><span style=\"font-weight: 400;\">Il aide \u00e0 r\u00e9guler les r\u00e9ponses inflammatoires de l&rsquo;organisme, contribuant ainsi \u00e0 une r\u00e9duction de l&rsquo;inflammation et \u00e0 un soulagement g\u00e9n\u00e9ral.\u00a0<\/span><\/p>\n<p><span style=\"font-weight: 400;\">&#8211; <\/span><b>Bien-\u00catre Digestif : <\/b><span style=\"font-weight: 400;\">En plus de ses bienfaits pour les articulations, le boswellia peut soutenir la sant\u00e9 digestive en apaisant les irritations intestinales.\u00a0<\/span><\/p>\n<p><span style=\"font-weight: 400;\">&#8211; <\/span><b>Soutien Respiratoire : <\/b><span style=\"font-weight: 400;\">Il est \u00e9galement utilis\u00e9 pour favoriser la sant\u00e9 respiratoire en aidant \u00e0 d\u00e9gager les voies respiratoires et \u00e0 soulager les sympt\u00f4mes respiratoires.\u00a0<\/span><\/p>\n<p><span style=\"font-weight: 400;\">Optez pour notre compl\u00e9ment alimentaire de boswellia pour un soutien naturel du confort articulaire, de la gestion de l&rsquo;inflammation et de la sant\u00e9 digestive. Commandez d\u00e8s aujourd&rsquo;hui et d\u00e9couvrez les bienfaits de cette plante pour votre bien-\u00eatre.<\/span><\/p>\n","protected":false},"excerpt":{"rendered":"<p><span style=\"font-weight: 400;\">Compl\u00e9ment Alimentaire au Boswellia : Soutien Naturel pour le Confort Articulaire et Inflammatoire!\u00a0<\/span><\/p>\n<p><span style=\"font-weight: 400;\">Explorez les avantages de notre compl\u00e9ment alimentaire \u00e0 base de boswellia, une source naturelle de soutien pour le confort articulaire et la gestion de l&rsquo;inflammation.<\/span><\/p>\n","protected":false},"featured_media":17175,"comment_status":"open","ping_status":"closed","template":"","meta":[],"product_brand":[],"product_cat":[201],"product_tag":[],"class_list":{"0":"post-17171","1":"product","2":"type-product","3":"status-publish","4":"has-post-thumbnail","6":"product_cat-complements-alimentaires","8":"first","9":"instock","10":"taxable","11":"shipping-taxable","12":"purchasable","13":"product-type-variable"},"_links":{"self":[{"href":"https:\/\/akcharcosmetics.com\/fr\/wp-json\/wp\/v2\/product\/17171","targetHints":{"allow":["GET"]}}],"collection":[{"href":"https:\/\/akcharcosmetics.com\/fr\/wp-json\/wp\/v2\/product"}],"about":[{"href":"https:\/\/akcharcosmetics.com\/fr\/wp-json\/wp\/v2\/types\/product"}],"replies":[{"embeddable":true,"href":"https:\/\/akcharcosmetics.com\/fr\/wp-json\/wp\/v2\/comments?post=17171"}],"version-history":[{"count":0,"href":"https:\/\/akcharcosmetics.com\/fr\/wp-json\/wp\/v2\/product\/17171\/revisions"}],"wp:featuredmedia":[{"embeddable":true,"href":"https:\/\/akcharcosmetics.com\/fr\/wp-json\/wp\/v2\/media\/17175"}],"wp:attachment":[{"href":"https:\/\/akcharcosmetics.com\/fr\/wp-json\/wp\/v2\/media?parent=17171"}],"wp:term":[{"taxonomy":"product_brand","embeddable":true,"href":"https:\/\/akcharcosmetics.com\/fr\/wp-json\/wp\/v2\/product_brand?post=17171"},{"taxonomy":"product_cat","embeddable":true,"href":"https:\/\/akcharcosmetics.com\/fr\/wp-json\/wp\/v2\/product_cat?post=17171"},{"taxonomy":"product_tag","embeddable":true,"href":"https:\/\/akcharcosmetics.com\/fr\/wp-json\/wp\/v2\/product_tag?post=17171"}],"curies":[{"name":"wp","href":"https:\/\/api.w.org\/{rel}","templated":true}]}}