{"id":17151,"date":"2023-11-16T11:45:31","date_gmt":"2023-11-16T11:45:31","guid":{"rendered":"https:\/\/akcharcosmetics.com\/?post_type=product&#038;p=17151"},"modified":"2025-06-05T13:03:43","modified_gmt":"2025-06-05T13:03:43","slug":"bilberry-complex","status":"publish","type":"product","link":"https:\/\/akcharcosmetics.com\/fr\/produit\/bilberry-complex\/","title":{"rendered":"Bilberry Complex"},"content":{"rendered":"<p><span style=\"font-weight: 400;\">Vos yeux sont constamment sollicit\u00e9s, c&rsquo;est pourquoi il est essentiel d&rsquo;en prendre soin. Les facteurs tels que l&rsquo;\u00e2ge, l&rsquo;utilisation intensive des \u00e9crans (t\u00e9l\u00e9vision, ordinateur) et l&rsquo;exposition \u00e0 la lumi\u00e8re artificielle sont parmi les principales causes de fatigue et d&rsquo;inconfort visuel.\u00a0<\/span><\/p>\n<p><b>Les bienfaits de compl\u00e9ment alimentaire Bilberry Complex?\u00a0<\/b><\/p>\n<p><span style=\"font-weight: 400;\">&#8211; <\/span><b>Propri\u00e9t\u00e9s Antioxydantes : <\/b><span style=\"font-weight: 400;\">La myrtille, extraite du myrtillier (Vaccinium myrtillus), un arbuste de la famille des \u00e9ricac\u00e9es, est r\u00e9put\u00e9e pour \u00eatre l&rsquo;un des fruits les plus riches en antioxydants. Ces pr\u00e9cieux antioxydants sont des alli\u00e9s de taille dans la lutte contre les radicaux libres, ces agents qui acc\u00e9l\u00e8rent le processus de vieillissement de l&rsquo;organisme, y compris le vieillissement oculaire.\u00a0<\/span><\/p>\n<p><span style=\"font-weight: 400;\">&#8211; <\/span><b>Favorise une Bonne Microcirculation : <\/b><span style=\"font-weight: 400;\">La myrtille contribue \u00e9galement au maintien d&rsquo;une vision saine. Ses propri\u00e9t\u00e9s antioxydantes, associ\u00e9es \u00e0 son action sur la microcirculation, renforcent les capillaires et peuvent contribuer \u00e0 r\u00e9duire la pression intraoculaire, favorisant ainsi une vision confortable.\u00a0<\/span><\/p>\n<p><span style=\"font-weight: 400;\">Optez pour notre compl\u00e9ment alimentaire Bilberry Complex pour prendre soin naturellement de vos yeux. Commandez d\u00e8s aujourd&rsquo;hui et profitez des bienfaits de la myrtille pour une vision saine et prot\u00e9g\u00e9e.<\/span><\/p>\n","protected":false},"excerpt":{"rendered":"<p><span style=\"font-weight: 400;\">Compl\u00e9ment Alimentaire Bilberry Complex : Rem\u00e8de naturel pour prendre soin de vos yeux!\u00a0<\/span><\/p>\n","protected":false},"featured_media":17152,"comment_status":"open","ping_status":"closed","template":"","meta":[],"product_brand":[],"product_cat":[201],"product_tag":[],"class_list":{"0":"post-17151","1":"product","2":"type-product","3":"status-publish","4":"has-post-thumbnail","6":"product_cat-complements-alimentaires","8":"first","9":"instock","10":"taxable","11":"shipping-taxable","12":"purchasable","13":"product-type-variable"},"_links":{"self":[{"href":"https:\/\/akcharcosmetics.com\/fr\/wp-json\/wp\/v2\/product\/17151","targetHints":{"allow":["GET"]}}],"collection":[{"href":"https:\/\/akcharcosmetics.com\/fr\/wp-json\/wp\/v2\/product"}],"about":[{"href":"https:\/\/akcharcosmetics.com\/fr\/wp-json\/wp\/v2\/types\/product"}],"replies":[{"embeddable":true,"href":"https:\/\/akcharcosmetics.com\/fr\/wp-json\/wp\/v2\/comments?post=17151"}],"version-history":[{"count":0,"href":"https:\/\/akcharcosmetics.com\/fr\/wp-json\/wp\/v2\/product\/17151\/revisions"}],"wp:featuredmedia":[{"embeddable":true,"href":"https:\/\/akcharcosmetics.com\/fr\/wp-json\/wp\/v2\/media\/17152"}],"wp:attachment":[{"href":"https:\/\/akcharcosmetics.com\/fr\/wp-json\/wp\/v2\/media?parent=17151"}],"wp:term":[{"taxonomy":"product_brand","embeddable":true,"href":"https:\/\/akcharcosmetics.com\/fr\/wp-json\/wp\/v2\/product_brand?post=17151"},{"taxonomy":"product_cat","embeddable":true,"href":"https:\/\/akcharcosmetics.com\/fr\/wp-json\/wp\/v2\/product_cat?post=17151"},{"taxonomy":"product_tag","embeddable":true,"href":"https:\/\/akcharcosmetics.com\/fr\/wp-json\/wp\/v2\/product_tag?post=17151"}],"curies":[{"name":"wp","href":"https:\/\/api.w.org\/{rel}","templated":true}]}}