{"id":17114,"date":"2023-11-16T10:58:53","date_gmt":"2023-11-16T10:58:53","guid":{"rendered":"https:\/\/akcharcosmetics.com\/?post_type=product&#038;p=17114"},"modified":"2024-12-17T14:04:43","modified_gmt":"2024-12-17T14:04:43","slug":"acacia","status":"publish","type":"product","link":"https:\/\/akcharcosmetics.com\/fr\/produit\/acacia\/","title":{"rendered":"Acacia"},"content":{"rendered":"<p><span style=\"font-weight: 400;\">Ce polysaccharide acide fortement ramifi\u00e9 est comestible et r\u00e9colt\u00e9 principalement en Afrique saharienne. Les fibres alimentaires de la gomme arabique, sont des pr\u00e9biotiques et sont recommand\u00e9s pour le renforcement de la population de bonnes bact\u00e9ries intestinales.\u00a0<\/span><\/p>\n<p><span style=\"font-weight: 400;\">D\u00e9couvrez les bienfaits de notre compl\u00e9ment alimentaire \u00e0 base d&rsquo;acacia, une source naturelle de soutien pour une digestion saine et confortable.\u00a0<\/span><\/p>\n<p><b>Caract\u00e9ristiques du compl\u00e9ment alimentaire \u00e0 l&rsquo;Acacia?\u00a0<\/b><\/p>\n<p><span style=\"font-weight: 400;\">&#8211; <\/span><b>Acacia de Qualit\u00e9 Sup\u00e9rieure : <\/b><span style=\"font-weight: 400;\">Notre compl\u00e9ment est formul\u00e9 avec de l&rsquo;acacia de haute qualit\u00e9, garantissant son efficacit\u00e9 pour favoriser une digestion optimale.\u00a0<\/span><\/p>\n<p><span style=\"font-weight: 400;\">&#8211; <\/span><b>Soutien Digestif Doux : <\/b><span style=\"font-weight: 400;\">L&rsquo;acacia est reconnu pour son potentiel \u00e0 apaiser l&rsquo;estomac et \u00e0 favoriser une digestion sans inconfort ni ballonnements.\u00a0<\/span><\/p>\n<p><span style=\"font-weight: 400;\">&#8211; <\/span><b>Pr\u00e9biotiques Naturels : <\/b><span style=\"font-weight: 400;\">Il contient des pr\u00e9biotiques, des fibres alimentaires qui nourrissent les bonnes bact\u00e9ries intestinales.\u00a0<\/span><\/p>\n<p><span style=\"font-weight: 400;\">&#8211; <\/span><b>Bien-\u00catre G\u00e9n\u00e9ral : <\/b><span style=\"font-weight: 400;\">En favorisant une digestion confortable, notre compl\u00e9ment peut contribuer \u00e0 votre bien-\u00eatre global.\u00a0<\/span><\/p>\n<p><span style=\"font-weight: 400;\">&#8211; <\/span><b>Facile \u00e0 Int\u00e9grer : <\/b><span style=\"font-weight: 400;\">Notre compl\u00e9ment est simple \u00e0 incorporer dans votre routine quotidienne pour profiter de ses bienfaits.\u00a0<\/span><\/p>\n<p><span style=\"font-weight: 400;\">Apportez un soutien doux \u00e0 votre digestion avec notre compl\u00e9ment alimentaire \u00e0 l&rsquo;acacia. Optez pour une approche naturelle pour votre bien-\u00eatre digestif. Commandez d\u00e8s aujourd&rsquo;hui et profitez d&rsquo;une digestion confortable gr\u00e2ce \u00e0 la puissance de la nature.<\/span><\/p>\n","protected":false},"excerpt":{"rendered":"<p><span style=\"font-weight: 400;\">Compl\u00e9ment Alimentaire \u00e0 l&rsquo;Acacia : Soutien Doux pour une Digestion Saine!\u00a0<\/span><\/p>\n","protected":false},"featured_media":17118,"comment_status":"open","ping_status":"closed","template":"","meta":[],"product_brand":[],"product_cat":[201],"product_tag":[],"class_list":{"0":"post-17114","1":"product","2":"type-product","3":"status-publish","4":"has-post-thumbnail","6":"product_cat-complements-alimentaires","8":"first","9":"instock","10":"taxable","11":"shipping-taxable","12":"purchasable","13":"product-type-variable"},"_links":{"self":[{"href":"https:\/\/akcharcosmetics.com\/fr\/wp-json\/wp\/v2\/product\/17114","targetHints":{"allow":["GET"]}}],"collection":[{"href":"https:\/\/akcharcosmetics.com\/fr\/wp-json\/wp\/v2\/product"}],"about":[{"href":"https:\/\/akcharcosmetics.com\/fr\/wp-json\/wp\/v2\/types\/product"}],"replies":[{"embeddable":true,"href":"https:\/\/akcharcosmetics.com\/fr\/wp-json\/wp\/v2\/comments?post=17114"}],"version-history":[{"count":0,"href":"https:\/\/akcharcosmetics.com\/fr\/wp-json\/wp\/v2\/product\/17114\/revisions"}],"wp:featuredmedia":[{"embeddable":true,"href":"https:\/\/akcharcosmetics.com\/fr\/wp-json\/wp\/v2\/media\/17118"}],"wp:attachment":[{"href":"https:\/\/akcharcosmetics.com\/fr\/wp-json\/wp\/v2\/media?parent=17114"}],"wp:term":[{"taxonomy":"product_brand","embeddable":true,"href":"https:\/\/akcharcosmetics.com\/fr\/wp-json\/wp\/v2\/product_brand?post=17114"},{"taxonomy":"product_cat","embeddable":true,"href":"https:\/\/akcharcosmetics.com\/fr\/wp-json\/wp\/v2\/product_cat?post=17114"},{"taxonomy":"product_tag","embeddable":true,"href":"https:\/\/akcharcosmetics.com\/fr\/wp-json\/wp\/v2\/product_tag?post=17114"}],"curies":[{"name":"wp","href":"https:\/\/api.w.org\/{rel}","templated":true}]}}