{"id":17039,"date":"2023-11-16T10:22:09","date_gmt":"2023-11-16T10:22:09","guid":{"rendered":"https:\/\/akcharcosmetics.com\/?post_type=product&#038;p=17039"},"modified":"2024-10-09T10:38:56","modified_gmt":"2024-10-09T10:38:56","slug":"turmeric-curcumin","status":"publish","type":"product","link":"https:\/\/akcharcosmetics.com\/fr\/produit\/turmeric-curcumin\/","title":{"rendered":"Turmeric Curcumin"},"content":{"rendered":"<p><b>Les avantages etr les bienfaits de compl\u00e9ment alimentaire de Turmeric Curcumin ?\u00a0<\/b><\/p>\n<p><span style=\"font-weight: 400;\">Bienfaits de la Curcumine : Notre compl\u00e9ment \u00ab\u00a0Turmeric Curcumin\u00a0\u00bb vous permet de b\u00e9n\u00e9ficier des propri\u00e9t\u00e9s de la curcumine, connue pour ses vertus anti-inflammatoires et antioxydantes.\u00a0<\/span><\/p>\n<p><span style=\"font-weight: 400;\">Soutien Antioxydant : La curcumine aide \u00e0 neutraliser les radicaux libres et \u00e0 prot\u00e9ger les cellules contre les dommages oxydatifs.\u00a0<\/span><\/p>\n<p><span style=\"font-weight: 400;\">Formule Naturelle : \u00ab\u00a0Turmeric Curcumin\u00a0\u00bb contient de l&rsquo;extrait de curcuma riche en curcumine, s\u00e9lectionn\u00e9 pour sa puret\u00e9 et son efficacit\u00e9.\u00a0<\/span><\/p>\n<p><span style=\"font-weight: 400;\">Soutien \u00e0 la Sant\u00e9 : Ce compl\u00e9ment alimentaire contribuera \u00e0 votre bien-\u00eatre global en soutenant la r\u00e9ponse inflammatoire du corps.\u00a0<\/span><\/p>\n<p><span style=\"font-weight: 400;\">Facile \u00e0 Int\u00e9grer : Les capsules de \u00ab\u00a0Turmeric Curcumin\u00a0\u00bb sont faciles \u00e0 avaler et peuvent devenir ais\u00e9ment une partie de votre routine quotidienne.\u00a0<\/span><\/p>\n<p><span style=\"font-weight: 400;\">Qualit\u00e9 et S\u00e9curit\u00e9 : Notre produit est fabriqu\u00e9 dans une installation certifi\u00e9e ONSSA , ISO pour garantir la qualit\u00e9, la puret\u00e9 et la s\u00e9curit\u00e9.\u00a0<\/span><\/p>\n<p><span style=\"font-weight: 400;\">La curcumine est largement reconnue pour ses bienfaits sur la sant\u00e9. \u00ab\u00a0Turmeric Curcumin\u00a0\u00bb est con\u00e7u pour vous permettre de profiter de ces avantages de mani\u00e8re pratique.<\/span><\/p>\n","protected":false},"excerpt":{"rendered":"<p><span style=\"font-weight: 400;\">D\u00e9couvrez notre compl\u00e9ment alimentaire \u00ab\u00a0Turmeric Curcumin,\u00a0\u00bb sp\u00e9cialement formul\u00e9 pour vous permettre de profiter des nombreux bienfaits de la curcumine, un compos\u00e9 actif du curcuma. Si vous cherchez une solution naturelle pour soutenir la sant\u00e9, r\u00e9duire l&rsquo;inflammation et renforcer votre bien-\u00eatre, notre produit est con\u00e7u pour vous.\u00a0<\/span><\/p>\n","protected":false},"featured_media":17040,"comment_status":"open","ping_status":"closed","template":"","meta":[],"product_brand":[],"product_cat":[201],"product_tag":[],"class_list":{"0":"post-17039","1":"product","2":"type-product","3":"status-publish","4":"has-post-thumbnail","6":"product_cat-complements-alimentaires","8":"first","9":"instock","10":"taxable","11":"shipping-taxable","12":"purchasable","13":"product-type-variable"},"_links":{"self":[{"href":"https:\/\/akcharcosmetics.com\/fr\/wp-json\/wp\/v2\/product\/17039","targetHints":{"allow":["GET"]}}],"collection":[{"href":"https:\/\/akcharcosmetics.com\/fr\/wp-json\/wp\/v2\/product"}],"about":[{"href":"https:\/\/akcharcosmetics.com\/fr\/wp-json\/wp\/v2\/types\/product"}],"replies":[{"embeddable":true,"href":"https:\/\/akcharcosmetics.com\/fr\/wp-json\/wp\/v2\/comments?post=17039"}],"version-history":[{"count":0,"href":"https:\/\/akcharcosmetics.com\/fr\/wp-json\/wp\/v2\/product\/17039\/revisions"}],"wp:featuredmedia":[{"embeddable":true,"href":"https:\/\/akcharcosmetics.com\/fr\/wp-json\/wp\/v2\/media\/17040"}],"wp:attachment":[{"href":"https:\/\/akcharcosmetics.com\/fr\/wp-json\/wp\/v2\/media?parent=17039"}],"wp:term":[{"taxonomy":"product_brand","embeddable":true,"href":"https:\/\/akcharcosmetics.com\/fr\/wp-json\/wp\/v2\/product_brand?post=17039"},{"taxonomy":"product_cat","embeddable":true,"href":"https:\/\/akcharcosmetics.com\/fr\/wp-json\/wp\/v2\/product_cat?post=17039"},{"taxonomy":"product_tag","embeddable":true,"href":"https:\/\/akcharcosmetics.com\/fr\/wp-json\/wp\/v2\/product_tag?post=17039"}],"curies":[{"name":"wp","href":"https:\/\/api.w.org\/{rel}","templated":true}]}}