{"id":16944,"date":"2023-11-16T09:56:41","date_gmt":"2023-11-16T09:56:41","guid":{"rendered":"https:\/\/akcharcosmetics.com\/?post_type=product&#038;p=16944"},"modified":"2024-12-17T14:04:44","modified_gmt":"2024-12-17T14:04:44","slug":"complement-dacerola","status":"publish","type":"product","link":"https:\/\/akcharcosmetics.com\/fr\/produit\/complement-dacerola\/","title":{"rendered":"Compl\u00e9ment d&rsquo;Ac\u00e9rola"},"content":{"rendered":"<p><span style=\"font-weight: 400;\">Compl\u00e9ment d&rsquo;Ac\u00e9rola : Votre Source de Vitamine C Naturelle\u00a0<\/span><\/p>\n<p><span style=\"font-weight: 400;\">D\u00e9couvrez les bienfaits de votre compl\u00e9ment d&rsquo;ac\u00e9rola, con\u00e7u pour vous offrir un moyen pratique de renforcer votre syst\u00e8me immunitaire et d&rsquo;am\u00e9liorer votre sant\u00e9 globale.\u00a0<\/span><\/p>\n<p><b>Les bienfaits de compl\u00e9ment alimentaire d&rsquo;Ac\u00e9rola ?\u00a0<\/b><\/p>\n<p><span style=\"font-weight: 400;\">&#8211; <\/span><b>Vitamine C Naturelle : <\/b><span style=\"font-weight: 400;\">L&rsquo;ac\u00e9rola est l&rsquo;une des sources les plus riches en vitamine C naturelle. Notre compl\u00e9ment est une solution id\u00e9ale pour r\u00e9pondre \u00e0 vos besoins quotidiens en vitamine C, essentielle pour un syst\u00e8me immunitaire fort.\u00a0<\/span><\/p>\n<p><span style=\"font-weight: 400;\">&#8211; <\/span><b>Antioxydant Puissant : <\/b><span style=\"font-weight: 400;\">La vitamine C est un antioxydant essentiel qui peut aider \u00e0 prot\u00e9ger votre corps contre les dommages des radicaux libres, contribuant ainsi \u00e0 une sant\u00e9 optimale.\u00a0<\/span><\/p>\n<p><span style=\"font-weight: 400;\">&#8211; <\/span><b>Soutien Immunitaire : <\/b><span style=\"font-weight: 400;\">Renforcez votre syst\u00e8me immunitaire naturellement avec notre compl\u00e9ment d&rsquo;ac\u00e9rola. Il peut vous aider \u00e0 mieux r\u00e9sister aux infections et \u00e0 rester en pleine forme.\u00a0<\/span><\/p>\n<p><span style=\"font-weight: 400;\">&#8211; <\/span><b>Qualit\u00e9 Sup\u00e9rieure : <\/b><span style=\"font-weight: 400;\">Notre produit est fabriqu\u00e9 avec des ingr\u00e9dients de premi\u00e8re qualit\u00e9 pour garantir votre satisfaction. Nous nous engageons \u00e0 vous fournir un compl\u00e9ment d&rsquo;ac\u00e9rola de la plus haute qualit\u00e9.\u00a0<\/span><\/p>\n<p><span style=\"font-weight: 400;\">&#8211; <\/span><b>Conseils d&rsquo;utilisation : <\/b><span style=\"font-weight: 400;\">Suivez simplement les instructions de dosage pour int\u00e9grer ce compl\u00e9ment \u00e0 votre routine quotidienne.\u00a0<\/span><\/p>\n<p><span style=\"font-weight: 400;\">Offrez \u00e0 votre corps la vitamine C dont il a besoin pour rester en forme et en bonne sant\u00e9. Commandez d\u00e8s aujourd&rsquo;hui et faites un pas vers une meilleure sant\u00e9.<\/span><\/p>\n","protected":false},"excerpt":{"rendered":"<p><span style=\"font-weight: 400;\">l&rsquo;ac\u00e9rola est connue pour sa tr\u00e8s forte teneur en vitamine C. Ce super ingr\u00e9dient est un compl\u00e9ment id\u00e9al en cas de manque de tonus ou de surmenage, mais aussi pour renforcer le syst\u00e8me immunitaire et \u00eatre en meilleure sant\u00e9.\u00a0<\/span><\/p>\n","protected":false},"featured_media":16948,"comment_status":"open","ping_status":"closed","template":"","meta":[],"product_brand":[],"product_cat":[201],"product_tag":[],"class_list":{"0":"post-16944","1":"product","2":"type-product","3":"status-publish","4":"has-post-thumbnail","6":"product_cat-complements-alimentaires","8":"first","9":"instock","10":"taxable","11":"shipping-taxable","12":"purchasable","13":"product-type-variable"},"_links":{"self":[{"href":"https:\/\/akcharcosmetics.com\/fr\/wp-json\/wp\/v2\/product\/16944","targetHints":{"allow":["GET"]}}],"collection":[{"href":"https:\/\/akcharcosmetics.com\/fr\/wp-json\/wp\/v2\/product"}],"about":[{"href":"https:\/\/akcharcosmetics.com\/fr\/wp-json\/wp\/v2\/types\/product"}],"replies":[{"embeddable":true,"href":"https:\/\/akcharcosmetics.com\/fr\/wp-json\/wp\/v2\/comments?post=16944"}],"version-history":[{"count":0,"href":"https:\/\/akcharcosmetics.com\/fr\/wp-json\/wp\/v2\/product\/16944\/revisions"}],"wp:featuredmedia":[{"embeddable":true,"href":"https:\/\/akcharcosmetics.com\/fr\/wp-json\/wp\/v2\/media\/16948"}],"wp:attachment":[{"href":"https:\/\/akcharcosmetics.com\/fr\/wp-json\/wp\/v2\/media?parent=16944"}],"wp:term":[{"taxonomy":"product_brand","embeddable":true,"href":"https:\/\/akcharcosmetics.com\/fr\/wp-json\/wp\/v2\/product_brand?post=16944"},{"taxonomy":"product_cat","embeddable":true,"href":"https:\/\/akcharcosmetics.com\/fr\/wp-json\/wp\/v2\/product_cat?post=16944"},{"taxonomy":"product_tag","embeddable":true,"href":"https:\/\/akcharcosmetics.com\/fr\/wp-json\/wp\/v2\/product_tag?post=16944"}],"curies":[{"name":"wp","href":"https:\/\/api.w.org\/{rel}","templated":true}]}}