{"id":16844,"date":"2023-11-15T10:53:56","date_gmt":"2023-11-15T10:53:56","guid":{"rendered":"https:\/\/akcharcosmetics.com\/?post_type=product&#038;p=16844"},"modified":"2025-06-03T09:03:43","modified_gmt":"2025-06-03T09:03:43","slug":"aloe-vera","status":"publish","type":"product","link":"https:\/\/akcharcosmetics.com\/fr\/produit\/aloe-vera\/","title":{"rendered":"Aloe Vera"},"content":{"rendered":"<p><span style=\"font-weight: 400;\">L&rsquo;aloe vera est une plante renomm\u00e9e, pris\u00e9e pour ses nombreux avantages, particuli\u00e8rement dans le domaine de la cosm\u00e9tique o\u00f9 elle est utilis\u00e9e pour am\u00e9liorer la qualit\u00e9 de la peau. En phytoth\u00e9rapie, l&rsquo;aloe vera se distingue \u00e9galement par ses propri\u00e9t\u00e9s remarquables en ce qui concerne le confort digestif.Il contient \u00e9galement un ensemble d&rsquo;\u00e9l\u00e9ments nutritifs essentiels, notamment des vitamines, des min\u00e9raux, des enzymes et des acides amin\u00e9s.\u00a0<\/span><\/p>\n<p><span style=\"font-weight: 400;\">Compl\u00e9ment d&rsquo;Aloe Vera pour une Sant\u00e9 Naturelle!\u00a0<\/span><\/p>\n<p><span style=\"font-weight: 400;\">D\u00e9couvrez les bienfaits de notre compl\u00e9ment d&rsquo;aloe vera de premi\u00e8re qualit\u00e9. Notre produit est con\u00e7u pour vous offrir une mani\u00e8re pratique et efficace de profiter des avantages de cette plante aux propri\u00e9t\u00e9s exceptionnelles.\u00a0<\/span><\/p>\n<p><b>Les bienfaits de compl\u00e9ments alimentaires d\u2019Aloe Vera?\u00a0<\/b><\/p>\n<p><b>Soutien Digestif Naturel : <\/b><span style=\"font-weight: 400;\">L&rsquo;aloe vera est r\u00e9put\u00e9 pour apaiser l&rsquo;estomac et favoriser une digestion saine. Notre compl\u00e9ment est id\u00e9al pour maintenir l&rsquo;\u00e9quilibre digestif au quotidien.\u00a0<\/span><\/p>\n<p><b>Hydratation de la Peau : <\/b><span style=\"font-weight: 400;\">Les nutriments essentiels de l&rsquo;aloe vera contribuent \u00e0 une hydratation de la peau de l&rsquo;int\u00e9rieur. Obtenez une peau saine et \u00e9clatante en prenant ce compl\u00e9ment r\u00e9guli\u00e8rement.\u00a0<\/span><\/p>\n<p><b>Nutriments Essentiels : <\/b><span style=\"font-weight: 400;\">Notre produit est riche en vitamines, min\u00e9raux, enzymes et acides amin\u00e9s, offrant un soutien global \u00e0 votre bien-\u00eatre.\u00a0<\/span><\/p>\n<p><b>Qualit\u00e9 Sup\u00e9rieure : <\/b><span style=\"font-weight: 400;\">Nous nous engageons \u00e0 fournir un compl\u00e9ment d&rsquo;aloe vera de la plus haute qualit\u00e9, avec des ingr\u00e9dients naturels soigneusement s\u00e9lectionn\u00e9s pour garantir votre satisfaction.\u00a0<\/span><\/p>\n<p><b>Conseils d&rsquo;utilisation : <\/b><span style=\"font-weight: 400;\">Suivez simplement les instructions de dosage pour int\u00e9grer ce compl\u00e9ment \u00e0 votre routine quotidienne.\u00a0<\/span><\/p>\n<p><span style=\"font-weight: 400;\">Faites l&rsquo;exp\u00e9rience des nombreux avantages de l&rsquo;aloe vera avec notre compl\u00e9ment de confiance. Am\u00e9liorez votre digestion, votre peau et votre bien-\u00eatre g\u00e9n\u00e9ral en int\u00e9grant ce produit naturel \u00e0 votre vie quotidienne. Commandez d\u00e8s aujourd&rsquo;hui et prenez le chemin de la sant\u00e9 et du bien-\u00eatre naturels.<\/span><\/p>\n","protected":false},"excerpt":{"rendered":"<p><span style=\"font-weight: 400;\">L&rsquo;aloe vera est une plante renomm\u00e9e, pris\u00e9e pour ses nombreux avantages, particuli\u00e8rement dans le domaine de la cosm\u00e9tique o\u00f9 elle est utilis\u00e9e pour am\u00e9liorer la qualit\u00e9 de la peau. En phytoth\u00e9rapie, l&rsquo;aloe vera se distingue \u00e9galement par ses propri\u00e9t\u00e9s remarquables en ce qui concerne le confort digestif.Il contient \u00e9galement un ensemble d&rsquo;\u00e9l\u00e9ments nutritifs essentiels, notamment des vitamines, des min\u00e9raux, des enzymes et des acides amin\u00e9s.\u00a0<\/span><\/p>\n","protected":false},"featured_media":16851,"comment_status":"open","ping_status":"closed","template":"","meta":[],"product_brand":[],"product_cat":[201],"product_tag":[],"class_list":{"0":"post-16844","1":"product","2":"type-product","3":"status-publish","4":"has-post-thumbnail","6":"product_cat-complements-alimentaires","8":"first","9":"instock","10":"taxable","11":"shipping-taxable","12":"purchasable","13":"product-type-variable"},"_links":{"self":[{"href":"https:\/\/akcharcosmetics.com\/fr\/wp-json\/wp\/v2\/product\/16844","targetHints":{"allow":["GET"]}}],"collection":[{"href":"https:\/\/akcharcosmetics.com\/fr\/wp-json\/wp\/v2\/product"}],"about":[{"href":"https:\/\/akcharcosmetics.com\/fr\/wp-json\/wp\/v2\/types\/product"}],"replies":[{"embeddable":true,"href":"https:\/\/akcharcosmetics.com\/fr\/wp-json\/wp\/v2\/comments?post=16844"}],"version-history":[{"count":0,"href":"https:\/\/akcharcosmetics.com\/fr\/wp-json\/wp\/v2\/product\/16844\/revisions"}],"wp:featuredmedia":[{"embeddable":true,"href":"https:\/\/akcharcosmetics.com\/fr\/wp-json\/wp\/v2\/media\/16851"}],"wp:attachment":[{"href":"https:\/\/akcharcosmetics.com\/fr\/wp-json\/wp\/v2\/media?parent=16844"}],"wp:term":[{"taxonomy":"product_brand","embeddable":true,"href":"https:\/\/akcharcosmetics.com\/fr\/wp-json\/wp\/v2\/product_brand?post=16844"},{"taxonomy":"product_cat","embeddable":true,"href":"https:\/\/akcharcosmetics.com\/fr\/wp-json\/wp\/v2\/product_cat?post=16844"},{"taxonomy":"product_tag","embeddable":true,"href":"https:\/\/akcharcosmetics.com\/fr\/wp-json\/wp\/v2\/product_tag?post=16844"}],"curies":[{"name":"wp","href":"https:\/\/api.w.org\/{rel}","templated":true}]}}