{"id":4400,"date":"2021-10-12T15:51:09","date_gmt":"2021-10-12T15:51:09","guid":{"rendered":"http:\/\/dummy.xtemos.com\/woodmart2\/elementor\/?page_id=4400"},"modified":"2023-11-22T10:24:07","modified_gmt":"2023-11-22T10:24:07","slug":"a-propos","status":"publish","type":"page","link":"https:\/\/akcharcosmetics.com\/fr\/a-propos\/","title":{"rendered":"A propos"},"content":{"rendered":"\t\t<div data-elementor-type=\"wp-page\" data-elementor-id=\"4400\" class=\"elementor elementor-4400\" data-elementor-post-type=\"page\">\n\t\t\t\t\t\t<section class=\"wd-negative-gap elementor-section elementor-top-section elementor-element elementor-element-3c548bca elementor-reverse-tablet elementor-section-boxed elementor-section-height-default elementor-section-height-default\" data-id=\"3c548bca\" data-element_type=\"section\">\n\t\t\t\t\t\t<div class=\"elementor-container elementor-column-gap-default\">\n\t\t\t\t\t<div class=\"elementor-column elementor-col-50 elementor-top-column elementor-element elementor-element-1d354ed7\" data-id=\"1d354ed7\" data-element_type=\"column\">\n\t\t\t<div class=\"elementor-widget-wrap elementor-element-populated\">\n\t\t\t\t\t\t<div class=\"elementor-element elementor-element-3b8f1c6 elementor-widget elementor-widget-wd_image_or_svg\" data-id=\"3b8f1c6\" data-element_type=\"widget\" data-widget_type=\"wd_image_or_svg.default\">\n\t\t\t\t<div class=\"elementor-widget-container\">\n\t\t\t\t\t\n\t\t<div class=\"wd-image text-left\">\n\t\t\t\t\t\t\t\t<img loading=\"lazy\" decoding=\"async\" width=\"823\" height=\"900\" src=\"https:\/\/akcharcosmetics.com\/wp-content\/uploads\/2023\/09\/akchar-logo-color-02.png\" class=\"attachment-full size-full\" alt=\"\u0645\u0643\u0645\u0644\u0627\u062a \u0623\u0643\u0634\u0627\u0631 \u0628\u064a\u0648\u062a\u064a \u0627\u0644\u0639\u0644\u0627\u062c\u064a\u0629\" srcset=\"https:\/\/akcharcosmetics.com\/wp-content\/uploads\/2023\/09\/akchar-logo-color-02.png 823w, https:\/\/akcharcosmetics.com\/wp-content\/uploads\/2023\/09\/akchar-logo-color-02-274x300.png 274w, https:\/\/akcharcosmetics.com\/wp-content\/uploads\/2023\/09\/akchar-logo-color-02-731x800.png 731w, https:\/\/akcharcosmetics.com\/wp-content\/uploads\/2023\/09\/akchar-logo-color-02-768x840.png 768w, https:\/\/akcharcosmetics.com\/wp-content\/uploads\/2023\/09\/akchar-logo-color-02-1404x1536.png 1404w, https:\/\/akcharcosmetics.com\/wp-content\/uploads\/2023\/09\/akchar-logo-color-02-1872x2048.png 1872w, https:\/\/akcharcosmetics.com\/wp-content\/uploads\/2023\/09\/akchar-logo-color-02-860x941.png 860w, https:\/\/akcharcosmetics.com\/wp-content\/uploads\/2023\/09\/akchar-logo-color-02-430x470.png 430w, https:\/\/akcharcosmetics.com\/wp-content\/uploads\/2023\/09\/akchar-logo-color-02-700x766.png 700w, https:\/\/akcharcosmetics.com\/wp-content\/uploads\/2023\/09\/akchar-logo-color-02-150x164.png 150w\" sizes=\"auto, (max-width: 823px) 100vw, 823px\" title=\"\">\t\t\t\t\t<\/div>\n\n\t\t\t\t\t\t<\/div>\n\t\t\t\t<\/div>\n\t\t\t\t\t<\/div>\n\t\t<\/div>\n\t\t\t\t<div class=\"elementor-column elementor-col-50 elementor-top-column elementor-element elementor-element-7a9daa7\" data-id=\"7a9daa7\" data-element_type=\"column\">\n\t\t\t<div class=\"elementor-widget-wrap elementor-element-populated\">\n\t\t\t\t\t\t<div class=\"elementor-element elementor-element-18566191 wd-width-100 elementor-widget elementor-widget-wd_title\" data-id=\"18566191\" data-element_type=\"widget\" data-widget_type=\"wd_title.default\">\n\t\t\t\t<div class=\"elementor-widget-container\">\n\t\t\t\t\t\t\t<div class=\"title-wrapper wd-set-mb reset-last-child wd-title-color-primary wd-title-style-default wd-title-size-large text-left\">\n\n\t\t\t\n\t\t\t<div class=\"liner-continer\">\n\t\t\t\t<h4 class=\"woodmart-title-container title wd-fontsize-xxl\">\u00c0 propos de nous:<br \/>\n<\/h4> \n\t\t\t\t\t\t\t<\/div>\n\n\t\t\t\t\t<\/div>\n\t\t\t\t\t\t<\/div>\n\t\t\t\t<\/div>\n\t\t\t\t<div class=\"elementor-element elementor-element-cf34ae6 elementor-widget elementor-widget-wd_text_block\" data-id=\"cf34ae6\" data-element_type=\"widget\" data-widget_type=\"wd_text_block.default\">\n\t\t\t\t<div class=\"elementor-widget-container\">\n\t\t\t\t\t\t\t<div class=\"wd-text-block reset-last-child text-left\">\n\t\t\t\n\t\t\t<p><span style=\"font-weight: 400;\">Bienvenue chez Akchar beauty, o\u00f9 la puissance de la nature rencontre l'expertise en produits cosm\u00e9tiques naturels.&nbsp;<\/span><\/p><p><span style=\"font-weight: 400;\">\u00c9tabli comme un nom de confiance dans l'industrie, nous sommes fiers de notre parcours visant \u00e0 nourrir la beaut\u00e9 et le bien-\u00eatre des individus en exploitant les bienfaits des ingr\u00e9dients naturels.<\/span><\/p><p><span style=\"font-weight: 400;\">Notre engagement consiste \u00e0 faciliter la vie des gens et \u00e0 apporter des solutions efficaces \u00e0 divers probl\u00e8mes de peau et de sant\u00e9.<\/span><span style=\"background-color: var(--wd-main-bgcolor); font-size: 16px;\"><\/span><\/p>\n\t\t\t\t\t<\/div>\n\t\t\t\t\t\t<\/div>\n\t\t\t\t<\/div>\n\t\t\t\t<div class=\"elementor-element elementor-element-e6a167a elementor-widget elementor-widget-wd_button\" data-id=\"e6a167a\" data-element_type=\"widget\" data-widget_type=\"wd_button.default\">\n\t\t\t\t<div class=\"elementor-widget-container\">\n\t\t\t\t\t\t\t<div class=\"wd-button-wrapper text-left\" >\n\t\t\t<a class=\"btn btn-style-default btn-shape-semi-round btn-size-large btn-color-primary btn-icon-pos-right\"  href=\"https:\/\/akcharcosmetics.com\/contactez-nous\/\">\n\t\t\t\t<span class=\"wd-btn-text\" data-elementor-setting-key=\"text\">\n\t\t\t\t\tContactez-nous\t\t\t\t<\/span>\n\n\t\t\t\t\t\t\t<\/a>\n\t\t<\/div>\n\t\t\t\t\t\t<\/div>\n\t\t\t\t<\/div>\n\t\t\t\t\t<\/div>\n\t\t<\/div>\n\t\t\t\t\t<\/div>\n\t\t<\/section>\n\t\t<div class=\"wd-negative-gap elementor-element elementor-element-836dac5 e-flex e-con-boxed e-con e-parent\" data-id=\"836dac5\" data-element_type=\"container\">\n\t\t\t\t\t<div class=\"e-con-inner\">\n\t\t<div class=\"elementor-element elementor-element-a2b7ddc e-con-full e-flex e-con e-child\" data-id=\"a2b7ddc\" data-element_type=\"container\">\n\t\t\t\t<div class=\"elementor-element elementor-element-185f806 elementor-view-default elementor-widget elementor-widget-icon\" data-id=\"185f806\" data-element_type=\"widget\" data-widget_type=\"icon.default\">\n\t\t\t\t<div class=\"elementor-widget-container\">\n\t\t\t\t\t\t\t<div class=\"elementor-icon-wrapper\">\n\t\t\t<div class=\"elementor-icon\">\n\t\t\t<svg xmlns=\"http:\/\/www.w3.org\/2000\/svg\" xmlns:xlink=\"http:\/\/www.w3.org\/1999\/xlink\" height=\"800px\" width=\"800px\" id=\"_x32_\" viewBox=\"0 0 512 512\" xml:space=\"preserve\"><style type=\"text\/css\">\t.st0{fill:#000000;}<\/style><g>\t<path class=\"st0\" d=\"M410.103,82.159c-14.833,13.139-33.056,27.312-50.761,30.906c-32.869,6.681-68.217-8.696-95.368-4.584  c-1.766,0.276-3.47,0.597-5.156,0.883c-4.638-1.196-9.517-2.195-14.672-2.98c-3.72-0.562-7.458-0.794-11.186-0.794  c-10.686,0.026-21.389,1.793-31.976,3.416c-10.597,1.641-21.059,3.175-30.933,3.175c-5.201,0-10.222-0.41-15.038-1.408  c-6.539-1.302-13.648-4.585-20.774-9.178c-7.145-4.559-14.28-10.41-21.042-16.386c-3.104-2.783-6.626-4.906-10.338-6.324  c-3.719-1.409-7.635-2.06-11.462-2.051c-6.083,0-11.943,1.57-17.464,4.014c-4.87,2.168-9.526,5.039-14.039,8.429  c-7.912,5.896-15.422,13.397-22.379,21.782c-10.418,12.594-19.614,27.196-26.34,41.601c-3.362,7.224-6.119,14.396-8.063,21.335  C1.168,180.935,0,187.624,0,194.064c0,3.39,0.32,6.725,1.142,9.972c0.82,3.274,2.149,6.484,4.157,9.383  c0.615,0.892,1.266,1.606,2.123,2.248c0.125,0.107,4.406,3.515,9.053,7.956c2.328,2.238,4.737,4.728,6.743,7.118  c1.989,2.319,3.541,4.638,4.121,5.932c2.63,5.575,9.329,19.169,18.222,34.376c4.459,7.599,9.472,15.6,14.85,23.235  c2.721,3.836,5.54,7.609,8.43,11.177c-7.876,9.757-7.831,24.082,0.784,33.778c9.598,10.846,26.152,11.836,36.981,2.23l0.749-0.67  c-4.664,9.304-3.532,20.899,3.79,29.158c9.589,10.829,26.152,11.827,36.99,2.221l4.255-3.872  c-5.816,9.553-5.04,22.184,2.765,30.996c9.615,10.81,26.17,11.81,37.007,2.239l6.547-5.941c-6.181,9.634-5.52,22.54,2.427,31.513  c9.588,10.829,26.152,11.836,36.989,2.231l10.596-9.098c0.999,0.481,1.972,0.918,2.873,1.337l7.243,4.228l-0.063-0.053  c3.622,2.158,7.368,3.906,11.266,5.128c3.889,1.222,7.93,1.936,12.042,1.936c4.451,0,8.991-0.856,13.254-2.748  c4.246-1.872,8.153-4.78,11.4-8.455c3.88-4.372,6.458-9.5,7.769-14.842c3.862,1.4,7.912,2.104,11.925,2.104  c4.826,0,9.652-0.999,14.155-2.978c4.496-1.98,8.662-4.95,12.113-8.848c4.282-4.816,6.984-10.552,8.152-16.493  c2.302,0.464,4.621,0.722,6.94,0.722c4.852,0,9.677-0.981,14.172-2.978c4.505-1.972,8.67-4.95,12.122-8.84  c4.691-5.28,7.466-11.658,8.411-18.187c1.017,0.089,2.024,0.125,3.014,0.125c5.798,0,11.489-1.25,16.769-3.479  c5.244-2.248,10.141-5.512,14.075-9.928c3.657-4.148,6.422-8.982,8.402-14.191c1.971-5.227,3.122-10.802,3.14-16.519  c0-2.087-0.179-4.192-0.535-6.279c20.184-22.46,30.87-59.868,35.5-69.68c5.334-11.346,25.483-27.455,25.483-27.455  C530.071,172.514,449.545,47.204,410.103,82.159z M425.15,316.405c-1.142,3.05-2.819,5.851-4.468,7.688  c-1.508,1.722-3.863,3.39-6.61,4.567c-2.738,1.16-5.833,1.793-8.563,1.793c-1.792,0-3.443-0.277-4.781-0.722  c-0.08-0.036-0.161-0.062-0.223-0.09l-29.898-28.846c-4.175-4.013-10.802-3.888-14.816,0.268  c-4.022,4.166-3.906,10.802,0.258,14.816l24.11,23.272c0.098,0.231,0.16,0.455,0.276,0.687c0.99,1.971,1.508,4.183,1.508,6.377  c0,3.371-1.142,6.636-3.56,9.348c-1.4,1.606-3.059,2.766-4.87,3.568c-1.793,0.802-3.755,1.213-5.726,1.213  c-3.354-0.018-6.618-1.16-9.348-3.568l-0.606-0.553c-0.134-0.125-0.205-0.268-0.33-0.41l-26.206-27.348  c-4.004-4.191-10.641-4.335-14.798-0.339c-4.183,3.996-4.335,10.65-0.348,14.825l22.236,23.209c0.045,0.08,0.08,0.178,0.125,0.249  c1.365,2.23,2.052,4.799,2.052,7.376c-0.009,3.381-1.151,6.655-3.56,9.375h0.009c-1.418,1.587-3.077,2.747-4.87,3.568  c-1.801,0.785-3.764,1.177-5.718,1.177c-3.371,0-6.662-1.142-9.383-3.54l-0.401-0.33l-8.1-6.512l-13.281-14.092  c-3.969-4.202-10.614-4.398-14.815-0.428c-4.211,3.96-4.407,10.614-0.438,14.816l12.604,13.37c1.293,2.195,1.989,4.674,1.989,7.189  c-0.027,3.354-1.16,6.636-3.55,9.33c-1.445,1.632-2.81,2.578-4.228,3.212c-1.418,0.616-2.926,0.945-4.745,0.954  c-1.686,0-3.604-0.295-5.744-0.973c-2.141-0.678-4.451-1.73-6.842-3.139l-0.062-0.054l-3.71-2.141  c10.248-9.669,11.05-25.786,1.64-36.41c-9.473-10.668-25.724-11.756-36.543-2.568l1.953-1.766  c10.846-9.588,11.836-26.152,2.23-36.98c-9.58-10.829-26.152-11.827-36.98-2.23l-6.423,5.789  c6.208-9.606,5.548-22.539-2.408-31.513c-9.607-10.828-26.152-11.836-36.99-2.23l-8.526,7.76  c3.996-9.062,2.675-20.042-4.344-27.945c-9.598-10.837-26.161-11.827-36.981-2.239l-18.043,16.002  c-2.275-2.846-4.55-5.888-6.779-9.045c-7.385-10.489-14.325-22.192-19.828-32.217c-5.495-10.026-9.607-18.41-11.4-22.236  c-0.946-2.007-2.069-3.844-3.283-5.61c-2.123-3.051-4.558-5.923-7.038-8.563c-3.692-3.988-7.545-7.502-10.489-10.062  c-1.409-1.231-2.605-2.257-3.496-2.979c-0.187-0.42-0.365-0.927-0.526-1.57c-0.303-1.23-0.518-2.88-0.518-4.887  c0-3.318,0.58-7.528,1.766-12.274c2.078-8.277,6.029-18.062,11.221-27.811c7.786-14.681,18.428-29.398,29.274-39.96  c5.423-5.307,10.864-9.544,15.806-12.3c2.461-1.364,4.79-2.381,6.867-3.006c2.078-0.642,3.925-0.927,5.512-0.927  c1.525,0.009,2.81,0.24,4.067,0.695c1.231,0.5,2.48,1.196,3.836,2.399c7.18,6.378,15.056,12.862,23.628,18.357  c8.544,5.468,17.803,10.017,27.908,12.086c6.485,1.32,12.907,1.801,19.214,1.801c11.96-0.009,23.476-1.765,34.135-3.407  c2.684-0.428,5.306-0.821,7.876-1.213c-8.001,5.512-15.744,12.05-23.976,19.73c-23.494,21.915-43.751,48.683-54.989,60.849  c-11.23,12.149,9.66,33.235,42.912,23.566c33.234-9.651,47.559-34.448,47.559-34.448l41.735-14.976l41.422,9.482l100.122,90.141  l17.304,16.733l0.339,0.286c0.695,0.642,1.23,1.391,1.694,2.604c0.446,1.213,0.75,2.854,0.75,4.817  C426.943,310.045,426.319,313.354,425.15,316.405z\"><\/path><\/g><\/svg>\t\t\t<\/div>\n\t\t<\/div>\n\t\t\t\t\t\t<\/div>\n\t\t\t\t<\/div>\n\t\t\t\t<div class=\"elementor-element elementor-element-06ed32e elementor-widget elementor-widget-heading\" data-id=\"06ed32e\" data-element_type=\"widget\" data-widget_type=\"heading.default\">\n\t\t\t\t<div class=\"elementor-widget-container\">\n\t\t\t\t\t<h2 class=\"elementor-heading-title elementor-size-default\">Notre histoire:\n<\/h2>\t\t\t\t<\/div>\n\t\t\t\t<\/div>\n\t\t\t\t<div class=\"elementor-element elementor-element-d9c7c10 elementor-widget elementor-widget-wd_text_block\" data-id=\"d9c7c10\" data-element_type=\"widget\" data-widget_type=\"wd_text_block.default\">\n\t\t\t\t<div class=\"elementor-widget-container\">\n\t\t\t\t\t\t\t<div class=\"wd-text-block reset-last-child text-left\">\n\t\t\t\n\t\t\t<p><span style=\"font-weight: 400;\">Akchar beauty a une riche histoire remontant \u00e0 2017. Avec une passion profond\u00e9ment enracin\u00e9e pour les cosm\u00e9tiques naturels et une mission visant \u00e0 am\u00e9liorer la vie des gens, nous nous sommes lanc\u00e9s dans un voyage qui s'\u00e9tend sur plusieurs g\u00e9n\u00e9rations.\u00a0<\/span><\/p><p><span style=\"font-weight: 400;\">Au fil des ann\u00e9es, nous avons soigneusement affin\u00e9 nos formules et \u00e9largi notre gamme de produits pour r\u00e9pondre \u00e0 un large \u00e9ventail de probl\u00e8mes de peau et de sant\u00e9. Notre d\u00e9vouement \u00e0 la recherche, \u00e0 l'innovation et \u00e0 la satisfaction de nos clients nous a valu la confiance et la fid\u00e9lit\u00e9 d'innombrables personnes dans le monde entier.<\/span><\/p>\n\t\t\t\t\t<\/div>\n\t\t\t\t\t\t<\/div>\n\t\t\t\t<\/div>\n\t\t\t\t<\/div>\n\t\t<div class=\"elementor-element elementor-element-d21813e e-con-full e-flex e-con e-child\" data-id=\"d21813e\" data-element_type=\"container\">\n\t\t\t\t<div class=\"elementor-element elementor-element-141ae25 elementor-view-default elementor-widget elementor-widget-icon\" data-id=\"141ae25\" data-element_type=\"widget\" data-widget_type=\"icon.default\">\n\t\t\t\t<div class=\"elementor-widget-container\">\n\t\t\t\t\t\t\t<div class=\"elementor-icon-wrapper\">\n\t\t\t<div class=\"elementor-icon\">\n\t\t\t<svg xmlns=\"http:\/\/www.w3.org\/2000\/svg\" width=\"800px\" height=\"800px\" viewBox=\"0 -6.11 63.999 63.999\" fill=\"#000000\"><g id=\"SVGRepo_bgCarrier\" stroke-width=\"0\"><\/g><g id=\"SVGRepo_tracerCarrier\" stroke-linecap=\"round\" stroke-linejoin=\"round\"><\/g><g id=\"SVGRepo_iconCarrier\"><g id=\"Group_41\" data-name=\"Group 41\" transform=\"translate(-621.981 -741.117)\"><g id=\"Group_39\" data-name=\"Group 39\"><path id=\"Path_19\" data-name=\"Path 19\" d=\"M681.869,792.887H624.11a2.131,2.131,0,0,1-1.883-3.128l15.641-29.62a2.13,2.13,0,0,1,3.51-.382l9.287,10.975,11.891-17.688a2.132,2.132,0,0,1,3.691.266l17.544,36.524a2.132,2.132,0,0,1-1.922,3.053Zm-56.318-3h54.937L664.2,755.977l-12.152,18.076a1.5,1.5,0,0,1-2.39.132l-9.738-11.508Z\" fill=\"#000000\"><\/path><\/g><g id=\"Group_40\" data-name=\"Group 40\"><path id=\"Path_20\" data-name=\"Path 20\" d=\"M676.736,759.607a9.241,9.241,0,1,1,9.244-9.245A9.255,9.255,0,0,1,676.736,759.607Zm0-15.49a6.253,6.253,0,1,0,4.413,1.832A6.252,6.252,0,0,0,676.736,744.117Z\" fill=\"#000000\"><\/path><\/g><\/g><\/g><\/svg>\t\t\t<\/div>\n\t\t<\/div>\n\t\t\t\t\t\t<\/div>\n\t\t\t\t<\/div>\n\t\t\t\t<div class=\"elementor-element elementor-element-ab22e8c elementor-widget elementor-widget-heading\" data-id=\"ab22e8c\" data-element_type=\"widget\" data-widget_type=\"heading.default\">\n\t\t\t\t<div class=\"elementor-widget-container\">\n\t\t\t\t\t<h2 class=\"elementor-heading-title elementor-size-default\">Le pouvoir des ingr\u00e9dients naturels:\n<\/h2>\t\t\t\t<\/div>\n\t\t\t\t<\/div>\n\t\t\t\t<div class=\"elementor-element elementor-element-a8c1212 elementor-widget elementor-widget-wd_text_block\" data-id=\"a8c1212\" data-element_type=\"widget\" data-widget_type=\"wd_text_block.default\">\n\t\t\t\t<div class=\"elementor-widget-container\">\n\t\t\t\t\t\t\t<div class=\"wd-text-block reset-last-child text-left\">\n\t\t\t\n\t\t\t<p><span style=\"font-weight: 400;\">Chez Akchar beauty, notre principale force r\u00e9side dans notre utilisation d\u2019ingr\u00e9dients naturels. Nous pensons que la nature nous offre tout ce dont nous avons besoin pour maintenir une peau saine et belle. <\/span><\/p><p>\u00a0<\/p><p><span style=\"font-weight: 400;\">Notre \u00e9quipe d'experts s\u00e9lectionne et m\u00e9lange soigneusement les meilleures plantes, herbes et min\u00e9raux pour cr\u00e9er des produits qui nourrissent, rajeunissent et prot\u00e8gent votre peau. Nous sommes fiers de notre engagement en faveur du d\u00e9veloppement durable, en utilisant des pratiques respectueuses de l'environnement.<\/span><\/p>\n\t\t\t\t\t<\/div>\n\t\t\t\t\t\t<\/div>\n\t\t\t\t<\/div>\n\t\t\t\t<\/div>\n\t\t\t\t\t<\/div>\n\t\t\t\t<\/div>\n\t\t<div class=\"elementor-element elementor-element-2a7c7c0 e-flex e-con-boxed e-con e-parent\" data-id=\"2a7c7c0\" data-element_type=\"container\">\n\t\t\t\t\t<div class=\"e-con-inner\">\n\t\t\t\t<div class=\"elementor-element elementor-element-c5f7525 elementor-view-default elementor-widget elementor-widget-icon\" data-id=\"c5f7525\" data-element_type=\"widget\" data-widget_type=\"icon.default\">\n\t\t\t\t<div class=\"elementor-widget-container\">\n\t\t\t\t\t\t\t<div class=\"elementor-icon-wrapper\">\n\t\t\t<div class=\"elementor-icon\">\n\t\t\t<svg xmlns=\"http:\/\/www.w3.org\/2000\/svg\" xmlns:xlink=\"http:\/\/www.w3.org\/1999\/xlink\" fill=\"#000000\" height=\"800px\" width=\"800px\" id=\"Layer_1\" viewBox=\"0 0 512.001 512.001\" xml:space=\"preserve\"><g>\t<g>\t\t<path d=\"M256.001,0C151.75,0,66.937,84.814,66.937,189.064c0,78.063,47.557,145.223,115.219,174.041v70.101   c0,21.088,15.819,38.538,36.211,41.138v2.218c0,19.541,15.897,35.438,35.438,35.438s35.438-15.898,35.438-35.438v-2.218   c20.392-2.601,36.211-20.051,36.211-41.138V364.91c69.986-27.74,119.609-96.106,119.609-175.846   C445.064,84.814,360.251,0,256.001,0z M253.806,491.602c-8.293,0-15.04-6.747-15.04-15.04v-1.872h30.079v1.872h0.001   C268.845,484.855,262.099,491.602,253.806,491.602z M305.057,433.206c0,11.627-9.46,21.087-21.087,21.087h-60.328v-0.001   c-8.995,0-16.671-5.672-19.696-13.619h43.276c5.633,0,10.199-4.566,10.199-10.199c0-5.633-4.566-10.199-10.199-10.199h-44.667   v-15.813h44.667c5.633,0,10.199-4.566,10.199-10.199c0-5.633-4.566-10.199-10.199-10.199h-44.667v-13.642   c16.955,5.006,34.89,7.706,53.446,7.706c16.962,0,33.404-2.258,49.056-6.467V433.206z M256.001,357.728   c-6.581,0-13.071-0.392-19.458-1.129c0.07-0.97,0.007-1.964-0.216-2.962l-33.443-149.985h16.904c2.705,0,5.299-1.075,7.212-2.987   l10.894-10.894l32.841,32.84c3.983,3.983,10.441,3.983,14.424,0l18.958-18.959h4.999l-19.252,86.34   c-1.226,5.498,2.237,10.949,7.735,12.175c5.499,1.226,10.948-2.237,12.175-7.735l22.021-98.759   c0.674-3.02-0.061-6.184-1.997-8.599c-1.936-2.415-4.863-3.821-7.958-3.821h-21.947c-2.705,0-5.299,1.075-7.212,2.987   l-14.734,14.735l-32.841-32.84c-1.912-1.912-4.507-2.987-7.212-2.987c-2.705,0-5.299,1.075-7.212,2.987l-15.118,15.118H190.16   c-3.095,0-6.023,1.405-7.958,3.821c-1.936,2.415-2.67,5.578-1.997,8.599l35.02,157.062   C141.858,334.451,87.333,268.01,87.333,189.064c0.002-93.002,75.665-168.665,168.667-168.665s168.665,75.663,168.665,168.665   S349.003,357.728,256.001,357.728z\"><\/path>\t<\/g><\/g><g>\t<g>\t\t<path d=\"M295.434,311.886c-5.501-1.23-10.949,2.237-12.175,7.734l-1.468,6.583c-1.226,5.497,2.237,10.949,7.734,12.175   c0.748,0.167,1.494,0.247,2.23,0.247c4.672,0,8.886-3.231,9.945-7.981l1.468-6.583   C304.394,318.563,300.931,313.112,295.434,311.886z\"><\/path>\t<\/g><\/g><\/svg>\t\t\t<\/div>\n\t\t<\/div>\n\t\t\t\t\t\t<\/div>\n\t\t\t\t<\/div>\n\t\t\t\t<div class=\"elementor-element elementor-element-05b6cfb elementor-widget elementor-widget-heading\" data-id=\"05b6cfb\" data-element_type=\"widget\" data-widget_type=\"heading.default\">\n\t\t\t\t<div class=\"elementor-widget-container\">\n\t\t\t\t\t<h2 class=\"elementor-heading-title elementor-size-default\">Notre expertise:\n<\/h2>\t\t\t\t<\/div>\n\t\t\t\t<\/div>\n\t\t\t\t<div class=\"elementor-element elementor-element-bca0705 elementor-widget elementor-widget-wd_text_block\" data-id=\"bca0705\" data-element_type=\"widget\" data-widget_type=\"wd_text_block.default\">\n\t\t\t\t<div class=\"elementor-widget-container\">\n\t\t\t\t\t\t\t<div class=\"wd-text-block reset-last-child text-center\">\n\t\t\t\n\t\t\t<p><span style=\"font-weight: 400;\">Avec des d\u00e9cennies d'exp\u00e9rience dans l'industrie des cosm\u00e9tiques naturels, nous avons affin\u00e9 notre expertise \u00e0 un niveau in\u00e9gal\u00e9. Notre \u00e9quipe d\u00e9vou\u00e9e de chercheurs, de chimistes et de professionnels des soins de la peau travaille sans rel\u00e2che pour cr\u00e9er des produits qui\u00a0 respectent les normes de l'industrie et plus encore.\u00a0<\/span><span style=\"font-size: 16px; background-color: var(--wd-main-bgcolor);\">\u00a0<\/span><\/p><p><span style=\"font-weight: 400;\">Nous comprenons que chaque individu est unique et notre approche personnalis\u00e9e des soins de la peau garantit que vous recevez des solutions adapt\u00e9es \u00e0 vos besoins sp\u00e9cifiques.<\/span><\/p>\n\t\t\t\t\t<\/div>\n\t\t\t\t\t\t<\/div>\n\t\t\t\t<\/div>\n\t\t\t\t\t<\/div>\n\t\t\t\t<\/div>\n\t\t\t\t<\/div>\n\t\t","protected":false},"excerpt":{"rendered":"<p>\u00c0 propos de nous: Bienvenue chez Akchar beauty, o\u00f9 la puissance de la nature rencontre l&rsquo;expertise en produits cosm\u00e9tiques naturels.&nbsp;<\/p>\n","protected":false},"author":18,"featured_media":0,"parent":0,"menu_order":0,"comment_status":"closed","ping_status":"closed","template":"","meta":{"footnotes":""},"class_list":["post-4400","page","type-page","status-publish","hentry"],"_links":{"self":[{"href":"https:\/\/akcharcosmetics.com\/fr\/wp-json\/wp\/v2\/pages\/4400","targetHints":{"allow":["GET"]}}],"collection":[{"href":"https:\/\/akcharcosmetics.com\/fr\/wp-json\/wp\/v2\/pages"}],"about":[{"href":"https:\/\/akcharcosmetics.com\/fr\/wp-json\/wp\/v2\/types\/page"}],"author":[{"embeddable":true,"href":"https:\/\/akcharcosmetics.com\/fr\/wp-json\/wp\/v2\/users\/18"}],"replies":[{"embeddable":true,"href":"https:\/\/akcharcosmetics.com\/fr\/wp-json\/wp\/v2\/comments?post=4400"}],"version-history":[{"count":3,"href":"https:\/\/akcharcosmetics.com\/fr\/wp-json\/wp\/v2\/pages\/4400\/revisions"}],"predecessor-version":[{"id":19012,"href":"https:\/\/akcharcosmetics.com\/fr\/wp-json\/wp\/v2\/pages\/4400\/revisions\/19012"}],"wp:attachment":[{"href":"https:\/\/akcharcosmetics.com\/fr\/wp-json\/wp\/v2\/media?parent=4400"}],"curies":[{"name":"wp","href":"https:\/\/api.w.org\/{rel}","templated":true}]}}