{"id":16827,"date":"2023-09-26T12:26:10","date_gmt":"2023-09-26T12:26:10","guid":{"rendered":"https:\/\/akcharcosmetics.com\/?page_id=16827"},"modified":"2023-11-15T11:46:38","modified_gmt":"2023-11-15T11:46:38","slug":"politique-de-livraison","status":"publish","type":"page","link":"https:\/\/akcharcosmetics.com\/fr\/politique-de-livraison\/","title":{"rendered":"Politique de Livraison"},"content":{"rendered":"\n<p><strong>D\u00e9lai de Livraison :&nbsp;<\/strong><\/p>\n\n\n\n<p>Les commandes sont livr\u00e9es dans un d\u00e9lai de 1 \u00e0 3 jours apr\u00e8s confirmation de la commande.&nbsp;<\/p>\n\n\n\n<p><strong>Frais de Livraison :&nbsp;<\/strong><\/p>\n\n\n\n<p>La livraison gratuite est disponible lorsque la commande d\u00e9passe 500 dirhams et \u00e9galement dans le cadre de certaines offres sp\u00e9ciales.&nbsp;<\/p>\n\n\n\n<p><strong>Zone de Livraison :<\/strong><\/p>\n\n\n\n<p>Nous envoyons les commandes avec le livreur \u00e0 votre adresse domicile. Vous pouvez \u00e9galement v\u00e9rifier votre commande avant de la payer.&nbsp;<\/p>\n\n\n\n<p><strong>Confirmation de Livraison :&nbsp;<\/strong><\/p>\n\n\n\n<p>Vous devriez recevoir une confirmation par e-mail avec les d\u00e9tails de la livraison une fois que votre commande a \u00e9t\u00e9 exp\u00e9di\u00e9e.&nbsp;<\/p>\n\n\n\n<p><strong>Politique de Paiement \u00e0 la Livraison (PPL) :&nbsp;<\/strong><\/p>\n\n\n\n<p>Le paiement \u00e0 la livraison est une m\u00e9thode de paiement o\u00f9 vous payez votre commande en esp\u00e8ces lors de sa livraison \u00e0 votre porte :&nbsp;<\/p>\n\n\n\n<p><strong>Paiement \u00e0 la Livraison :&nbsp;<\/strong><\/p>\n\n\n\n<p>Vous paierez au livreur le montant total de la commande en esp\u00e8ces lorsque votre colis arrivera.&nbsp;<\/p>\n\n\n\n<p><strong>V\u00e9rification :&nbsp;<\/strong><\/p>\n\n\n\n<p>Le livreur peut v\u00e9rifier votre identit\u00e9 et v\u00e9rifier les d\u00e9tails de la commande avant d&rsquo;accepter le paiement.&nbsp;<\/p>\n\n\n\n<p><strong>Monnaie Exacte :&nbsp;<\/strong><\/p>\n\n\n\n<p>Il est pr\u00e9f\u00e9rable d&rsquo;avoir le montant exact pr\u00eat en esp\u00e8ces pour faciliter la transaction. <strong>Politique de Retour :&nbsp;<\/strong><\/p>\n\n\n\n<p>Une politique de retour d\u00e9crit les conditions pour retourner des produits si vous n&rsquo;\u00eates pas satisfait de votre achat :&nbsp;<\/p>\n\n\n\n<p><strong>D\u00e9lai :&nbsp;<\/strong><\/p>\n\n\n\n<p>Vous pouvez retourner les commandes dans un d\u00e9lai de 3 jours, sinon votre demande de retour ne sera pas accept\u00e9e.&nbsp;<\/p>\n\n\n\n<p><strong>\u00c9tat :&nbsp;<\/strong><\/p>\n\n\n\n<p>Les produits doivent \u00eatre dans leur \u00e9tat d&rsquo;origine, non ouverts et non utilis\u00e9s pour \u00eatre \u00e9ligibles au retour.&nbsp;<\/p>\n\n\n\n<p><strong>Remboursement ou \u00c9change :<\/strong><\/p>\n\n\n\n<p>Vous avez le choix entre recevoir un remboursement ou opter pour un \u00e9change lors du retour des produits.&nbsp;<\/p>\n\n\n\n<p><strong>Frais de Retour :&nbsp;<\/strong><\/p>\n\n\n\n<p>Selon la politique de la marque, vous \u00eates responsable des frais de retour. <strong>Articles Endommag\u00e9s ou Incorrects :&nbsp;<\/strong>Si vous recevez des articles endommag\u00e9s ou incorrects, vous devez nous contacter imm\u00e9diatement pour un \u00e9change.<\/p>\n","protected":false},"excerpt":{"rendered":"<p>D\u00e9lai de Livraison :&nbsp; Les commandes sont livr\u00e9es dans un d\u00e9lai de 1 \u00e0 3 jours apr\u00e8s confirmation de la<\/p>\n","protected":false},"author":18,"featured_media":0,"parent":0,"menu_order":0,"comment_status":"closed","ping_status":"closed","template":"","meta":{"footnotes":""},"class_list":["post-16827","page","type-page","status-publish","hentry"],"_links":{"self":[{"href":"https:\/\/akcharcosmetics.com\/fr\/wp-json\/wp\/v2\/pages\/16827","targetHints":{"allow":["GET"]}}],"collection":[{"href":"https:\/\/akcharcosmetics.com\/fr\/wp-json\/wp\/v2\/pages"}],"about":[{"href":"https:\/\/akcharcosmetics.com\/fr\/wp-json\/wp\/v2\/types\/page"}],"author":[{"embeddable":true,"href":"https:\/\/akcharcosmetics.com\/fr\/wp-json\/wp\/v2\/users\/18"}],"replies":[{"embeddable":true,"href":"https:\/\/akcharcosmetics.com\/fr\/wp-json\/wp\/v2\/comments?post=16827"}],"version-history":[{"count":0,"href":"https:\/\/akcharcosmetics.com\/fr\/wp-json\/wp\/v2\/pages\/16827\/revisions"}],"wp:attachment":[{"href":"https:\/\/akcharcosmetics.com\/fr\/wp-json\/wp\/v2\/media?parent=16827"}],"curies":[{"name":"wp","href":"https:\/\/api.w.org\/{rel}","templated":true}]}}