{"id":16825,"date":"2023-09-26T12:25:22","date_gmt":"2023-09-26T12:25:22","guid":{"rendered":"https:\/\/akcharcosmetics.com\/?page_id=16825"},"modified":"2023-11-15T11:53:38","modified_gmt":"2023-11-15T11:53:38","slug":"conditions-dutilisation","status":"publish","type":"page","link":"https:\/\/akcharcosmetics.com\/fr\/conditions-dutilisation\/","title":{"rendered":"Conditions g\u00e9n\u00e9rales"},"content":{"rendered":"\n<p><strong>1- Acceptation des conditions&nbsp;<\/strong><\/p>\n\n\n\n<p>En acc\u00e9dant ou en utilisant le site web d&rsquo;Akchar Beauty Cosmetics, Natural Products, and Dietary Supplements, vous acceptez de vous conformer et d&rsquo;\u00eatre li\u00e9 par les pr\u00e9sentes Conditions g\u00e9n\u00e9rales. Si vous n&rsquo;acceptez pas ces conditions, veuillez ne pas utiliser notre site web.&nbsp;<\/p>\n\n\n\n<p><strong>2- Utilisation du site web<\/strong><\/p>\n\n\n\n<p>2.1. Vous acceptez d&rsquo;utiliser notre site web uniquement \u00e0 des fins l\u00e9gales et en conformit\u00e9 avec toutes les lois et r\u00e9glementations applicables.&nbsp;<\/p>\n\n\n\n<p>2.2. Nous nous r\u00e9servons le droit de modifier ou de suspendre tout aspect de notre site web \u00e0 tout moment, sans pr\u00e9avis.&nbsp;<\/p>\n\n\n\n<p><strong>3- Propri\u00e9t\u00e9 intellectuelle&nbsp;<\/strong><\/p>\n\n\n\n<p>3.1. Tout le contenu de ce site web, y compris, mais sans s&rsquo;y limiter, le texte, les graphiques, les logos, les images, les descriptions de produits et les marques, est la propri\u00e9t\u00e9 d&rsquo;Akchar et est prot\u00e9g\u00e9 par le droit d&rsquo;auteur et d&rsquo;autres lois sur la propri\u00e9t\u00e9 intellectuelle.&nbsp;<\/p>\n\n\n\n<p>3.2. Vous ne pouvez pas reproduire, distribuer, modifier ou cr\u00e9er des \u0153uvres d\u00e9riv\u00e9es \u00e0 partir de tout contenu de ce site web sans notre consentement \u00e9crit pr\u00e9alable.&nbsp;<\/p>\n\n\n\n<p><strong>4- Informations sur les produits&nbsp;<\/strong><\/p>\n\n\n\n<p>Avant d&rsquo;utiliser l&rsquo;un de nos produits, consultez un professionnel de la sant\u00e9, en particulier si vous avez des probl\u00e8mes m\u00e9dicaux sous-jacents, des allergies, ou si vous \u00eates enceinte ou que vous allaitez.&nbsp;<\/p>\n\n\n\n<p><strong>5- Politique de confidentialit\u00e9&nbsp;<\/strong><\/p>\n\n\n\n<p>Notre Politique de confidentialit\u00e9 r\u00e9git la collecte, l&rsquo;utilisation et la divulgation des informations personnelles fournies par les utilisateurs de notre site web. Vous pouvez consulter notre Politique de confidentialit\u00e9 ici.&nbsp;<\/p>\n\n\n\n<p><strong>6- Limitation de responsabilit\u00e9&nbsp;<\/strong><\/p>\n\n\n\n<p>6.1. Akchar n&rsquo;est pas responsable de tout dommage, direct ou indirect, r\u00e9sultant de l&rsquo;utilisation ou de l&rsquo;incapacit\u00e9 \u00e0 utiliser notre site web, y compris, mais sans s&rsquo;y limiter, les erreurs, les inexactitudes, les omissions ou les interruptions.&nbsp;<\/p>\n\n\n\n<p>6.2. En aucun cas, Akchar ne saurait \u00eatre tenu responsable de tout dommage indirect, sp\u00e9cial, accessoire ou cons\u00e9cutif d\u00e9coulant de votre utilisation de nos produits ou de notre site web.&nbsp;<\/p>\n\n\n\n<p><strong>7- Loi applicable&nbsp;<\/strong><\/p>\n\n\n\n<p>Les pr\u00e9sentes Conditions g\u00e9n\u00e9rales seront r\u00e9gies par et interpr\u00e9t\u00e9es conform\u00e9ment aux lois du Tribunal de commerce marocain.<\/p>\n\n\n\n<p><strong>8- Modifications des conditions g\u00e9n\u00e9rales&nbsp;<\/strong><\/p>\n\n\n\n<p>Nous nous r\u00e9servons le droit de mettre \u00e0 jour ou de r\u00e9viser ces Conditions g\u00e9n\u00e9rales \u00e0 tout moment. Toute modification sera effective imm\u00e9diatement apr\u00e8s sa publication sur notre site web. Vous \u00eates responsable de consulter r\u00e9guli\u00e8rement ces conditions.&nbsp;<\/p>\n\n\n\n<p><strong>9- Informations de contact&nbsp;<\/strong><\/p>\n\n\n\n<p>Si vous avez des questions ou des pr\u00e9occupations concernant ces Conditions g\u00e9n\u00e9rales, veuillez nous contacter \u00e0 l&rsquo;adresse contact@akcharbeauty.com.&nbsp;<\/p>\n","protected":false},"excerpt":{"rendered":"<p>1- Acceptation des conditions&nbsp; En acc\u00e9dant ou en utilisant le site web d&rsquo;Akchar Beauty Cosmetics, Natural Products, and Dietary Supplements,<\/p>\n","protected":false},"author":18,"featured_media":0,"parent":0,"menu_order":0,"comment_status":"closed","ping_status":"closed","template":"","meta":{"footnotes":""},"class_list":["post-16825","page","type-page","status-publish","hentry"],"_links":{"self":[{"href":"https:\/\/akcharcosmetics.com\/fr\/wp-json\/wp\/v2\/pages\/16825","targetHints":{"allow":["GET"]}}],"collection":[{"href":"https:\/\/akcharcosmetics.com\/fr\/wp-json\/wp\/v2\/pages"}],"about":[{"href":"https:\/\/akcharcosmetics.com\/fr\/wp-json\/wp\/v2\/types\/page"}],"author":[{"embeddable":true,"href":"https:\/\/akcharcosmetics.com\/fr\/wp-json\/wp\/v2\/users\/18"}],"replies":[{"embeddable":true,"href":"https:\/\/akcharcosmetics.com\/fr\/wp-json\/wp\/v2\/comments?post=16825"}],"version-history":[{"count":0,"href":"https:\/\/akcharcosmetics.com\/fr\/wp-json\/wp\/v2\/pages\/16825\/revisions"}],"wp:attachment":[{"href":"https:\/\/akcharcosmetics.com\/fr\/wp-json\/wp\/v2\/media?parent=16825"}],"curies":[{"name":"wp","href":"https:\/\/api.w.org\/{rel}","templated":true}]}}