{"id":18937,"date":"2023-09-22T16:01:17","date_gmt":"2023-09-22T16:01:17","guid":{"rendered":"https:\/\/akcharcosmetics.com\/product\/pack-anti-cellulite-maman-confidente\/"},"modified":"2024-02-29T17:25:23","modified_gmt":"2024-02-29T17:25:23","slug":"pack-anti-cellulite-maman-confidente","status":"publish","type":"product","link":"https:\/\/akcharcosmetics.com\/en\/pack-anti-cellulite-maman-confidente\/","title":{"rendered":"Anti-Cellulite Pack: Confident Mom"},"content":{"rendered":"\t\t<div data-elementor-type=\"wp-post\" data-elementor-id=\"18937\" class=\"elementor elementor-18937 elementor-16772\" data-elementor-post-type=\"product\">\n\t\t\t\t<div class=\"wd-negative-gap elementor-element elementor-element-5b8320d e-flex e-con-boxed e-con e-parent\" data-id=\"5b8320d\" data-element_type=\"container\">\n\t\t\t\t\t<div class=\"e-con-inner\">\n\t\t<div class=\"elementor-element elementor-element-05534a7 e-con-full e-flex e-con e-child\" data-id=\"05534a7\" data-element_type=\"container\">\n\t\t\t\t<div class=\"elementor-element elementor-element-185e81e elementor-widget elementor-widget-image\" data-id=\"185e81e\" data-element_type=\"widget\" data-widget_type=\"image.default\">\n\t\t\t\t<div class=\"elementor-widget-container\">\n\t\t\t\t\t\t\t\t\t\t\t\t\t\t\t<img loading=\"lazy\" decoding=\"async\" width=\"783\" height=\"800\" src=\"https:\/\/akcharcosmetics.com\/wp-content\/uploads\/2023\/09\/cream-6-783x800.png\" class=\"attachment-large size-large wp-image-19218\" alt=\"\" srcset=\"https:\/\/akcharcosmetics.com\/wp-content\/uploads\/2023\/09\/cream-6-783x800.png 783w, https:\/\/akcharcosmetics.com\/wp-content\/uploads\/2023\/09\/cream-6-294x300.png 294w, https:\/\/akcharcosmetics.com\/wp-content\/uploads\/2023\/09\/cream-6-768x784.png 768w, https:\/\/akcharcosmetics.com\/wp-content\/uploads\/2023\/09\/cream-6-1504x1536.png 1504w, https:\/\/akcharcosmetics.com\/wp-content\/uploads\/2023\/09\/cream-6-2006x2048.png 2006w, https:\/\/akcharcosmetics.com\/wp-content\/uploads\/2023\/09\/cream-6-860x878.png 860w, https:\/\/akcharcosmetics.com\/wp-content\/uploads\/2023\/09\/cream-6-430x439.png 430w, https:\/\/akcharcosmetics.com\/wp-content\/uploads\/2023\/09\/cream-6-700x715.png 700w, https:\/\/akcharcosmetics.com\/wp-content\/uploads\/2023\/09\/cream-6-150x153.png 150w\" sizes=\"auto, (max-width: 783px) 100vw, 783px\" title=\"\">\t\t\t\t\t\t\t\t\t\t\t\t\t\t\t<\/div>\n\t\t\t\t<\/div>\n\t\t\t\t<\/div>\n\t\t<div class=\"elementor-element elementor-element-82c0c9b e-con-full e-flex e-con e-child\" data-id=\"82c0c9b\" data-element_type=\"container\">\n\t\t\t\t<div class=\"elementor-element elementor-element-9c7f097 elementor-widget elementor-widget-heading\" data-id=\"9c7f097\" data-element_type=\"widget\" data-widget_type=\"heading.default\">\n\t\t\t\t<div class=\"elementor-widget-container\">\n\t\t\t\t\t<h2 class=\"elementor-heading-title elementor-size-default\">1-Cr\u00e8me Anti-Cellulite au Beurre de Karit\u00e9 et \u00e0 l'Huile d'Orange <\/h2>\t\t\t\t<\/div>\n\t\t\t\t<\/div>\n\t\t\t\t<div class=\"elementor-element elementor-element-3b15679 color-scheme-inherit text-left elementor-widget elementor-widget-text-editor\" data-id=\"3b15679\" data-element_type=\"widget\" data-widget_type=\"text-editor.default\">\n\t\t\t\t<div class=\"elementor-widget-container\">\n\t\t\t\t\t\t\t\t\t<p><span style=\"font-weight: 400;\">Formul\u00e9e avec des ingr\u00e9dients naturels de la plus haute efficacit\u00e9. Cette cr\u00e8me est con\u00e7ue pour vous aider \u00e0 r\u00e9duire progressivement l&#8217;apparence de la cellulite. Il vous suffit de l&#8217;appliquer sur les zones concern\u00e9es et de masser doucement.<\/span><\/p>\n\t\t\t\t\t\t\t\t<\/div>\n\t\t\t\t<\/div>\n\t\t\t\t<\/div>\n\t\t\t\t\t<\/div>\n\t\t\t\t<\/div>\n\t\t<div class=\"wd-negative-gap elementor-element elementor-element-5854efe e-flex e-con-boxed e-con e-parent\" data-id=\"5854efe\" data-element_type=\"container\">\n\t\t\t\t\t<div class=\"e-con-inner\">\n\t\t<div class=\"elementor-element elementor-element-315e9bc e-con-full e-flex e-con e-child\" data-id=\"315e9bc\" data-element_type=\"container\">\n\t\t\t\t<div class=\"elementor-element elementor-element-10902e1 elementor-widget elementor-widget-heading\" data-id=\"10902e1\" data-element_type=\"widget\" data-widget_type=\"heading.default\">\n\t\t\t\t<div class=\"elementor-widget-container\">\n\t\t\t\t\t<h2 class=\"elementor-heading-title elementor-size-default\"> 2-Lait Hydratant au Beurre de Karit\u00e9 :<\/h2>\t\t\t\t<\/div>\n\t\t\t\t<\/div>\n\t\t\t\t<div class=\"elementor-element elementor-element-576132e color-scheme-inherit text-left elementor-widget elementor-widget-text-editor\" data-id=\"576132e\" data-element_type=\"widget\" data-widget_type=\"text-editor.default\">\n\t\t\t\t<div class=\"elementor-widget-container\">\n\t\t\t\t\t\t\t\t\t<p><span style=\"font-weight: 400;\">Apr\u00e8s l&#8217;accouchement, votre peau a besoin d&#8217;une hydratation intense. Notre lait hydratant au beurre de karit\u00e9 offre une hydratation profonde et durable, apaisant et adoucissant votre peau tout en la laissant douce et souple.\u00a0<\/span><\/p>\n\t\t\t\t\t\t\t\t<\/div>\n\t\t\t\t<\/div>\n\t\t\t\t<\/div>\n\t\t<div class=\"elementor-element elementor-element-f991543 e-con-full e-flex e-con e-child\" data-id=\"f991543\" data-element_type=\"container\">\n\t\t\t\t<div class=\"elementor-element elementor-element-286b771 elementor-widget elementor-widget-image\" data-id=\"286b771\" data-element_type=\"widget\" data-widget_type=\"image.default\">\n\t\t\t\t<div class=\"elementor-widget-container\">\n\t\t\t\t\t\t\t\t\t\t\t\t\t\t\t<img loading=\"lazy\" decoding=\"async\" width=\"783\" height=\"800\" src=\"https:\/\/akcharcosmetics.com\/wp-content\/uploads\/2023\/09\/Poster-test-2-783x800.png\" class=\"attachment-large size-large wp-image-19221\" alt=\"\" srcset=\"https:\/\/akcharcosmetics.com\/wp-content\/uploads\/2023\/09\/Poster-test-2-783x800.png 783w, https:\/\/akcharcosmetics.com\/wp-content\/uploads\/2023\/09\/Poster-test-2-294x300.png 294w, https:\/\/akcharcosmetics.com\/wp-content\/uploads\/2023\/09\/Poster-test-2-768x784.png 768w, https:\/\/akcharcosmetics.com\/wp-content\/uploads\/2023\/09\/Poster-test-2-1504x1536.png 1504w, https:\/\/akcharcosmetics.com\/wp-content\/uploads\/2023\/09\/Poster-test-2-2006x2048.png 2006w, https:\/\/akcharcosmetics.com\/wp-content\/uploads\/2023\/09\/Poster-test-2-860x878.png 860w, https:\/\/akcharcosmetics.com\/wp-content\/uploads\/2023\/09\/Poster-test-2-430x439.png 430w, https:\/\/akcharcosmetics.com\/wp-content\/uploads\/2023\/09\/Poster-test-2-700x715.png 700w, https:\/\/akcharcosmetics.com\/wp-content\/uploads\/2023\/09\/Poster-test-2-150x153.png 150w\" sizes=\"auto, (max-width: 783px) 100vw, 783px\" title=\"\">\t\t\t\t\t\t\t\t\t\t\t\t\t\t\t<\/div>\n\t\t\t\t<\/div>\n\t\t\t\t<\/div>\n\t\t\t\t\t<\/div>\n\t\t\t\t<\/div>\n\t\t<div class=\"wd-negative-gap elementor-element elementor-element-3da3320 e-flex e-con-boxed e-con e-parent\" data-id=\"3da3320\" data-element_type=\"container\">\n\t\t\t\t\t<div class=\"e-con-inner\">\n\t\t<div class=\"elementor-element elementor-element-0fa9179 e-con-full e-flex e-con e-child\" data-id=\"0fa9179\" data-element_type=\"container\">\n\t\t\t\t<div class=\"elementor-element elementor-element-4403163 elementor-widget elementor-widget-image\" data-id=\"4403163\" data-element_type=\"widget\" data-widget_type=\"image.default\">\n\t\t\t\t<div class=\"elementor-widget-container\">\n\t\t\t\t\t\t\t\t\t\t\t\t\t\t\t<img loading=\"lazy\" decoding=\"async\" width=\"783\" height=\"800\" src=\"https:\/\/akcharcosmetics.com\/wp-content\/uploads\/2023\/09\/oil_-6-783x800.png\" class=\"attachment-large size-large wp-image-19224\" alt=\"\" srcset=\"https:\/\/akcharcosmetics.com\/wp-content\/uploads\/2023\/09\/oil_-6-783x800.png 783w, https:\/\/akcharcosmetics.com\/wp-content\/uploads\/2023\/09\/oil_-6-294x300.png 294w, https:\/\/akcharcosmetics.com\/wp-content\/uploads\/2023\/09\/oil_-6-768x784.png 768w, https:\/\/akcharcosmetics.com\/wp-content\/uploads\/2023\/09\/oil_-6-1504x1536.png 1504w, https:\/\/akcharcosmetics.com\/wp-content\/uploads\/2023\/09\/oil_-6-2006x2048.png 2006w, https:\/\/akcharcosmetics.com\/wp-content\/uploads\/2023\/09\/oil_-6-860x878.png 860w, https:\/\/akcharcosmetics.com\/wp-content\/uploads\/2023\/09\/oil_-6-430x439.png 430w, https:\/\/akcharcosmetics.com\/wp-content\/uploads\/2023\/09\/oil_-6-700x715.png 700w, https:\/\/akcharcosmetics.com\/wp-content\/uploads\/2023\/09\/oil_-6-150x153.png 150w\" sizes=\"auto, (max-width: 783px) 100vw, 783px\" title=\"\">\t\t\t\t\t\t\t\t\t\t\t\t\t\t\t<\/div>\n\t\t\t\t<\/div>\n\t\t\t\t<\/div>\n\t\t<div class=\"elementor-element elementor-element-5dbd6a2 e-con-full e-flex e-con e-child\" data-id=\"5dbd6a2\" data-element_type=\"container\">\n\t\t\t\t<div class=\"elementor-element elementor-element-94d6efe elementor-widget elementor-widget-heading\" data-id=\"94d6efe\" data-element_type=\"widget\" data-widget_type=\"heading.default\">\n\t\t\t\t<div class=\"elementor-widget-container\">\n\t\t\t\t\t<h2 class=\"elementor-heading-title elementor-size-default\">3-S\u00e9rum Anti-Taches \u00e0 la Vitamine E <\/h2>\t\t\t\t<\/div>\n\t\t\t\t<\/div>\n\t\t\t\t<div class=\"elementor-element elementor-element-55218f3 color-scheme-inherit text-left elementor-widget elementor-widget-text-editor\" data-id=\"55218f3\" data-element_type=\"widget\" data-widget_type=\"text-editor.default\">\n\t\t\t\t<div class=\"elementor-widget-container\">\n\t\t\t\t\t\t\t\t\t<p><span style=\"font-weight: 400;\">Les taches cutan\u00e9es sont fr\u00e9quentes apr\u00e8s la grossesse. Notre s\u00e9rum anti-taches \u00e0 la vitamine E est con\u00e7u pour \u00e9claircir et uniformiser votre teint. Il contient des antioxydants puissants qui aident \u00e0 r\u00e9duire les taches de cellulite sombres et \u00e0 prot\u00e9ger votre peau contre les dommages futurs.\u00a0<\/span><\/p>\n\t\t\t\t\t\t\t\t<\/div>\n\t\t\t\t<\/div>\n\t\t\t\t<\/div>\n\t\t\t\t\t<\/div>\n\t\t\t\t<\/div>\n\t\t<div class=\"wd-negative-gap elementor-element elementor-element-82ce5e3 e-flex e-con-boxed e-con e-parent\" data-id=\"82ce5e3\" data-element_type=\"container\">\n\t\t\t\t\t<div class=\"e-con-inner\">\n\t\t\t\t<div class=\"elementor-element elementor-element-3754ef6 elementor-widget elementor-widget-heading\" data-id=\"3754ef6\" data-element_type=\"widget\" data-widget_type=\"heading.default\">\n\t\t\t\t<div class=\"elementor-widget-container\">\n\t\t\t\t\t<h2 class=\"elementor-heading-title elementor-size-default\">Pourquoi choisir le Pack Anti-Cellulite: Maman Confidente :\n<\/h2>\t\t\t\t<\/div>\n\t\t\t\t<\/div>\n\t\t\t\t\t<\/div>\n\t\t\t\t<\/div>\n\t\t<div class=\"wd-negative-gap elementor-element elementor-element-46adc3e e-flex e-con-boxed e-con e-parent\" data-id=\"46adc3e\" data-element_type=\"container\">\n\t\t\t\t\t<div class=\"e-con-inner\">\n\t\t\t\t<div class=\"elementor-element elementor-element-9234bad elementor-view-default elementor-position-top elementor-mobile-position-top elementor-widget elementor-widget-icon-box\" data-id=\"9234bad\" data-element_type=\"widget\" data-widget_type=\"icon-box.default\">\n\t\t\t\t<div class=\"elementor-widget-container\">\n\t\t\t\t\t\t\t<div class=\"elementor-icon-box-wrapper\">\n\n\t\t\t\t\t\t<div class=\"elementor-icon-box-icon\">\n\t\t\t\t<span  class=\"elementor-icon\">\n\t\t\t\t<svg xmlns=\"http:\/\/www.w3.org\/2000\/svg\" width=\"800px\" height=\"800px\" viewBox=\"0 0 24 24\" fill=\"none\"><g id=\"SVGRepo_bgCarrier\" stroke-width=\"0\"><\/g><g id=\"SVGRepo_tracerCarrier\" stroke-linecap=\"round\" stroke-linejoin=\"round\"><\/g><g id=\"SVGRepo_iconCarrier\"><path d=\"M12 2C6.47715 2 2 6.47715 2 12C2 12.4447 2.02903 12.8826 2.0853 13.312C2.61321 17.3405 5.53889 20.6144 9.38261 21.654C10.2169 21.8796 11.0944 22 12 22C16.8786 22 20.9413 18.5064 21.8227 13.8845C21.9391 13.2742 22 12.6442 22 12C22 8.87326 20.565 6.08169 18.3176 4.24796C16.5954 2.84273 14.3961 2 12 2Z\" stroke=\"#0033ff\" stroke-width=\"1.5\"><\/path><path opacity=\"0.5\" d=\"M2.08545 13.312C2.68675 13.1097 3.33065 13 4.00015 13C7.31386 13 10.0002 15.6863 10.0002 19C10.0002 19.9529 9.77804 20.8538 9.38276 21.654\" stroke=\"#0033ff\" stroke-width=\"1.5\"><\/path><path opacity=\"0.5\" d=\"M21.8227 13.8846C19.0727 13.3375 17 10.9108 17 8.00008C17 6.58023 17.4932 5.27556 18.3176 4.24805\" stroke=\"#0033ff\" stroke-width=\"1.5\"><\/path><path d=\"M16 16C16 16.5523 15.5523 17 15 17C14.4477 17 14 16.5523 14 16C14 15.4477 14.4477 15 15 15C15.5523 15 16 15.4477 16 16Z\" stroke=\"#0033ff\" stroke-width=\"1.5\"><\/path><path d=\"M13 8.5C13 9.88071 11.8807 11 10.5 11C9.11929 11 8 9.88071 8 8.5C8 7.11929 9.11929 6 10.5 6C11.8807 6 13 7.11929 13 8.5Z\" stroke=\"#0033ff\" stroke-width=\"1.5\"><\/path><\/g><\/svg>\t\t\t\t<\/span>\n\t\t\t<\/div>\n\t\t\t\n\t\t\t\t\t\t<div class=\"elementor-icon-box-content\">\n\n\t\t\t\t\t\t\t\t\t<h3 class=\"elementor-icon-box-title\">\n\t\t\t\t\t\t<span  >\n\t\t\t\t\t\t\tNaturel et sans produits chimiques nocifs\t\t\t\t\t\t<\/span>\n\t\t\t\t\t<\/h3>\n\t\t\t\t\n\t\t\t\t\t\t\t\t\t<p class=\"elementor-icon-box-description\">\n\t\t\t\t\t\tNos produits sont fabriqu\u00e9s \u00e0 partir d'ingr\u00e9dients naturels, sans parab\u00e8nes ni produits chimiques agressifs, pour une utilisation en toute s\u00e9curit\u00e9 apr\u00e8s l'accouchement.\n\t\t\t\t\t<\/p>\n\t\t\t\t\n\t\t\t<\/div>\n\t\t\t\n\t\t<\/div>\n\t\t\t\t\t\t<\/div>\n\t\t\t\t<\/div>\n\t\t\t\t<div class=\"elementor-element elementor-element-1840ca1 elementor-view-default elementor-position-top elementor-mobile-position-top elementor-widget elementor-widget-icon-box\" data-id=\"1840ca1\" data-element_type=\"widget\" data-widget_type=\"icon-box.default\">\n\t\t\t\t<div class=\"elementor-widget-container\">\n\t\t\t\t\t\t\t<div class=\"elementor-icon-box-wrapper\">\n\n\t\t\t\t\t\t<div class=\"elementor-icon-box-icon\">\n\t\t\t\t<span  class=\"elementor-icon\">\n\t\t\t\t<svg xmlns=\"http:\/\/www.w3.org\/2000\/svg\" width=\"800px\" height=\"800px\" viewBox=\"0 0 24 24\" fill=\"none\"><g id=\"SVGRepo_bgCarrier\" stroke-width=\"0\"><\/g><g id=\"SVGRepo_tracerCarrier\" stroke-linecap=\"round\" stroke-linejoin=\"round\"><\/g><g id=\"SVGRepo_iconCarrier\"><path d=\"M9 13.4L10.7143 15L15 11\" stroke=\"#003cff\" stroke-width=\"1.5\" stroke-linecap=\"round\" stroke-linejoin=\"round\"><\/path><path d=\"M21 16.0002C21 18.8286 21 20.2429 20.1213 21.1215C19.2426 22.0002 17.8284 22.0002 15 22.0002H9C6.17157 22.0002 4.75736 22.0002 3.87868 21.1215C3 20.2429 3 18.8286 3 16.0002V13.0002M16 4.00195C18.175 4.01406 19.3529 4.11051 20.1213 4.87889C21 5.75757 21 7.17179 21 10.0002V12.0002M8 4.00195C5.82497 4.01406 4.64706 4.11051 3.87868 4.87889C3.11032 5.64725 3.01385 6.82511 3.00174 9\" stroke=\"#003cff\" stroke-width=\"1.5\" stroke-linecap=\"round\"><\/path><path d=\"M8 3.5C8 2.67157 8.67157 2 9.5 2H14.5C15.3284 2 16 2.67157 16 3.5V4.5C16 5.32843 15.3284 6 14.5 6H9.5C8.67157 6 8 5.32843 8 4.5V3.5Z\" stroke=\"#003cff\" stroke-width=\"1.5\"><\/path><\/g><\/svg>\t\t\t\t<\/span>\n\t\t\t<\/div>\n\t\t\t\n\t\t\t\t\t\t<div class=\"elementor-icon-box-content\">\n\n\t\t\t\t\t\t\t\t\t<h3 class=\"elementor-icon-box-title\">\n\t\t\t\t\t\t<span  >\n\t\t\t\t\t\t\tEfficacit\u00e9 prouv\u00e9e\t\t\t\t\t\t<\/span>\n\t\t\t\t\t<\/h3>\n\t\t\t\t\n\t\t\t\t\t\t\t\t\t<p class=\"elementor-icon-box-description\">\n\t\t\t\t\t\tNotre pack a \u00e9t\u00e9 d\u00e9velopp\u00e9 avec soin pour cibler les probl\u00e8mes courants de la peau apr\u00e8s la grossesse, tels que la cellulite et les taches cutan\u00e9es, afin de vous aider \u00e0 retrouver une peau radieuse.\n\t\t\t\t\t<\/p>\n\t\t\t\t\n\t\t\t<\/div>\n\t\t\t\n\t\t<\/div>\n\t\t\t\t\t\t<\/div>\n\t\t\t\t<\/div>\n\t\t\t\t<div class=\"elementor-element elementor-element-c8210d1 elementor-view-default elementor-position-top elementor-mobile-position-top elementor-widget elementor-widget-icon-box\" data-id=\"c8210d1\" data-element_type=\"widget\" data-widget_type=\"icon-box.default\">\n\t\t\t\t<div class=\"elementor-widget-container\">\n\t\t\t\t\t\t\t<div class=\"elementor-icon-box-wrapper\">\n\n\t\t\t\t\t\t<div class=\"elementor-icon-box-icon\">\n\t\t\t\t<span  class=\"elementor-icon\">\n\t\t\t\t<svg xmlns=\"http:\/\/www.w3.org\/2000\/svg\" width=\"800px\" height=\"800px\" viewBox=\"0 0 24 24\" fill=\"none\"><g id=\"SVGRepo_bgCarrier\" stroke-width=\"0\"><\/g><g id=\"SVGRepo_tracerCarrier\" stroke-linecap=\"round\" stroke-linejoin=\"round\"><\/g><g id=\"SVGRepo_iconCarrier\"><path d=\"M10 16L12 16\" stroke=\"#0036e6\" stroke-width=\"1.5\" stroke-linecap=\"round\"><\/path><path d=\"M14 12.5C14 13.3284 13.5523 14 13 14C12.4477 14 12 13.3284 12 12.5C12 11.6716 12.4477 11 13 11C13.5523 11 14 11.6716 14 12.5Z\" fill=\"#0036e6\"><\/path><ellipse cx=\"9\" cy=\"12.5\" rx=\"1\" ry=\"1.5\" fill=\"#0036e6\"><\/ellipse><path d=\"M17 7L15 9\" stroke=\"#0036e6\" stroke-width=\"1.5\" stroke-linecap=\"round\"><\/path><path d=\"M17.9811 2.35316C18.1668 1.88228 18.8332 1.88228 19.0189 2.35316L19.6733 4.01242C19.73 4.15618 19.8438 4.26998 19.9876 4.32668L21.6468 4.98108C22.1177 5.16679 22.1177 5.83321 21.6468 6.01892L19.9876 6.67332C19.8438 6.73002 19.73 6.84382 19.6733 6.98758L19.0189 8.64684C18.8332 9.11772 18.1668 9.11772 17.9811 8.64684L17.3267 6.98758C17.27 6.84382 17.1562 6.73002 17.0124 6.67332L15.3532 6.01892C14.8823 5.83321 14.8823 5.16679 15.3532 4.98108L17.0124 4.32668C17.1562 4.26998 17.27 4.15618 17.3267 4.01242L17.9811 2.35316Z\" stroke=\"#0036e6\" stroke-width=\"1.5\"><\/path><path d=\"M5.75 8.00337C6.85315 7.36523 8.13392 7 9.5 7C13.6421 7 17 10.3579 17 14.5C17 18.6421 13.6421 22 9.5 22C5.35786 22 2 18.6421 2 14.5C2 13.1339 2.36523 11.8532 3.00337 10.75\" stroke=\"#0036e6\" stroke-width=\"1.5\" stroke-linecap=\"round\"><\/path><\/g><\/svg>\t\t\t\t<\/span>\n\t\t\t<\/div>\n\t\t\t\n\t\t\t\t\t\t<div class=\"elementor-icon-box-content\">\n\n\t\t\t\t\t\t\t\t\t<h3 class=\"elementor-icon-box-title\">\n\t\t\t\t\t\t<span  >\n\t\t\t\t\t\t\tConfiance retrouv\u00e9e\t\t\t\t\t\t<\/span>\n\t\t\t\t\t<\/h3>\n\t\t\t\t\n\t\t\t\t\t\t\t\t\t<p class=\"elementor-icon-box-description\">\n\t\t\t\t\t\tNous comprenons \u00e0 quel point il est important pour vous de vous sentir bien dans votre peau apr\u00e8s l'accouchement. Notre pack vous aide \u00e0 regagner votre confiance en vous en prenant soin de votre corps et de votre peau.\n\t\t\t\t\t<\/p>\n\t\t\t\t\n\t\t\t<\/div>\n\t\t\t\n\t\t<\/div>\n\t\t\t\t\t\t<\/div>\n\t\t\t\t<\/div>\n\t\t\t\t\t<\/div>\n\t\t\t\t<\/div>\n\t\t<div class=\"wd-negative-gap elementor-element elementor-element-b83c71e e-flex e-con-boxed e-con e-parent\" data-id=\"b83c71e\" data-element_type=\"container\">\n\t\t\t\t\t<div class=\"e-con-inner\">\n\t\t\t\t<div class=\"elementor-element elementor-element-de3d258 color-scheme-inherit text-left elementor-widget elementor-widget-text-editor\" data-id=\"de3d258\" data-element_type=\"widget\" data-widget_type=\"text-editor.default\">\n\t\t\t\t<div class=\"elementor-widget-container\">\n\t\t\t\t\t\t\t\t\t<p><span style=\"font-weight: 400;\">Prenez soin de vous avec le Pack Anti-Cellulite Maman Confidente et retrouvez une peau \u00e9clatante et une confiance en vous renouvel\u00e9e. Commandez d\u00e8s aujourd&#8217;hui et commencez votre voyage vers une meilleure version de vous-m\u00eame !<\/span><\/p>\n\t\t\t\t\t\t\t\t<\/div>\n\t\t\t\t<\/div>\n\t\t\t\t\t<\/div>\n\t\t\t\t<\/div>\n\t\t\t\t<\/div>\n\t\t","protected":false},"excerpt":{"rendered":"<p><span style=\"font-weight: 400;\">We are delighted to present our exclusive package: the &#8216;Anti-Cellulite Pack.&#8217; Specially designed for women who want to regain their confidence after giving birth. Our pack is a carefully crafted combination of natural products to help reduce cellulite and take care of your skin.<\/span><\/p>\n","protected":false},"featured_media":22590,"comment_status":"open","ping_status":"closed","template":"","meta":[],"product_brand":[],"product_cat":[196],"product_tag":[],"class_list":{"0":"post-18937","1":"product","2":"type-product","3":"status-publish","4":"has-post-thumbnail","6":"product_cat-packs","8":"first","9":"instock","10":"taxable","11":"shipping-taxable","12":"purchasable","13":"product-type-simple"},"_links":{"self":[{"href":"https:\/\/akcharcosmetics.com\/en\/wp-json\/wp\/v2\/product\/18937","targetHints":{"allow":["GET"]}}],"collection":[{"href":"https:\/\/akcharcosmetics.com\/en\/wp-json\/wp\/v2\/product"}],"about":[{"href":"https:\/\/akcharcosmetics.com\/en\/wp-json\/wp\/v2\/types\/product"}],"replies":[{"embeddable":true,"href":"https:\/\/akcharcosmetics.com\/en\/wp-json\/wp\/v2\/comments?post=18937"}],"version-history":[{"count":11,"href":"https:\/\/akcharcosmetics.com\/en\/wp-json\/wp\/v2\/product\/18937\/revisions"}],"predecessor-version":[{"id":22610,"href":"https:\/\/akcharcosmetics.com\/en\/wp-json\/wp\/v2\/product\/18937\/revisions\/22610"}],"wp:featuredmedia":[{"embeddable":true,"href":"https:\/\/akcharcosmetics.com\/en\/wp-json\/wp\/v2\/media\/22590"}],"wp:attachment":[{"href":"https:\/\/akcharcosmetics.com\/en\/wp-json\/wp\/v2\/media?parent=18937"}],"wp:term":[{"taxonomy":"product_brand","embeddable":true,"href":"https:\/\/akcharcosmetics.com\/en\/wp-json\/wp\/v2\/product_brand?post=18937"},{"taxonomy":"product_cat","embeddable":true,"href":"https:\/\/akcharcosmetics.com\/en\/wp-json\/wp\/v2\/product_cat?post=18937"},{"taxonomy":"product_tag","embeddable":true,"href":"https:\/\/akcharcosmetics.com\/en\/wp-json\/wp\/v2\/product_tag?post=18937"}],"curies":[{"name":"wp","href":"https:\/\/api.w.org\/{rel}","templated":true}]}}