{"id":16674,"date":"2023-09-15T09:37:06","date_gmt":"2023-09-15T09:37:06","guid":{"rendered":"https:\/\/akcharcosmetics.com\/product\/pack-anti-melasma-pour-femmes-enceintes\/"},"modified":"2026-01-05T22:47:42","modified_gmt":"2026-01-05T22:47:42","slug":"pack-anti-melasma-pour-femmes-enceintes","status":"publish","type":"product","link":"https:\/\/akcharcosmetics.com\/en\/pack-anti-melasma-pour-femmes-enceintes\/","title":{"rendered":"MomGlow: Harmonious Anti-Melasma Facial Care"},"content":{"rendered":"\t\t<div data-elementor-type=\"wp-post\" data-elementor-id=\"16674\" class=\"elementor elementor-16674 elementor-15740\" data-elementor-post-type=\"product\">\n\t\t\t\t<div class=\"wd-negative-gap elementor-element elementor-element-77864d1 e-flex e-con-boxed e-con e-parent\" data-id=\"77864d1\" data-element_type=\"container\">\n\t\t\t\t\t<div class=\"e-con-inner\">\n\t\t<div class=\"elementor-element elementor-element-b475880 e-con-full e-flex e-con e-child\" data-id=\"b475880\" data-element_type=\"container\">\n\t\t\t\t<div class=\"elementor-element elementor-element-1fd9675 elementor-widget elementor-widget-image\" data-id=\"1fd9675\" data-element_type=\"widget\" data-widget_type=\"image.default\">\n\t\t\t\t<div class=\"elementor-widget-container\">\n\t\t\t\t\t\t\t\t\t\t\t\t\t\t\t<img loading=\"lazy\" decoding=\"async\" width=\"1080\" height=\"1080\" src=\"https:\/\/akcharcosmetics.com\/wp-content\/uploads\/2023\/09\/gel-test-2.png\" class=\"attachment-full size-full wp-image-19245\" alt=\"\" srcset=\"https:\/\/akcharcosmetics.com\/wp-content\/uploads\/2023\/09\/gel-test-2.png 1080w, https:\/\/akcharcosmetics.com\/wp-content\/uploads\/2023\/09\/gel-test-2-300x300.png 300w, https:\/\/akcharcosmetics.com\/wp-content\/uploads\/2023\/09\/gel-test-2-800x800.png 800w, https:\/\/akcharcosmetics.com\/wp-content\/uploads\/2023\/09\/gel-test-2-150x150.png 150w, https:\/\/akcharcosmetics.com\/wp-content\/uploads\/2023\/09\/gel-test-2-768x768.png 768w, https:\/\/akcharcosmetics.com\/wp-content\/uploads\/2023\/09\/gel-test-2-860x860.png 860w, https:\/\/akcharcosmetics.com\/wp-content\/uploads\/2023\/09\/gel-test-2-430x430.png 430w, https:\/\/akcharcosmetics.com\/wp-content\/uploads\/2023\/09\/gel-test-2-700x700.png 700w\" sizes=\"auto, (max-width: 1080px) 100vw, 1080px\" title=\"\">\t\t\t\t\t\t\t\t\t\t\t\t\t\t\t<\/div>\n\t\t\t\t<\/div>\n\t\t\t\t<\/div>\n\t\t<div class=\"elementor-element elementor-element-42eb5b0 e-con-full e-flex e-con e-child\" data-id=\"42eb5b0\" data-element_type=\"container\">\n\t\t\t\t<div class=\"elementor-element elementor-element-484dce7 elementor-widget elementor-widget-heading\" data-id=\"484dce7\" data-element_type=\"widget\" data-widget_type=\"heading.default\">\n\t\t\t\t<div class=\"elementor-widget-container\">\n\t\t\t\t\t<h2 class=\"elementor-heading-title elementor-size-default\">Gel d'Aloe Vera pour le Traitement du M\u00e9lasma<\/h2>\t\t\t\t<\/div>\n\t\t\t\t<\/div>\n\t\t\t\t<div class=\"elementor-element elementor-element-d9fc978 color-scheme-inherit text-left elementor-widget elementor-widget-text-editor\" data-id=\"d9fc978\" data-element_type=\"widget\" data-widget_type=\"text-editor.default\">\n\t\t\t\t<div class=\"elementor-widget-container\">\n\t\t\t\t\t\t\t\t\t<p><span style=\"font-weight: 400;\">Notre gel d&#8217;Aloe Vera sp\u00e9cialement con\u00e7u pour les femmes enceintes est une \u00e9tape essentielle dans votre routine de soins contre le m\u00e9lasma. Il contient de l&#8217;Aloe Vera pur, reconnu pour ses propri\u00e9t\u00e9s apaisantes et hydratantes. Ce gel l\u00e9ger aide \u00e0 att\u00e9nuer les taches pigmentaires et \u00e0 unifier votre teint tout en apaisant la peau irrit\u00e9e.\u00a0<\/span><\/p>\n\t\t\t\t\t\t\t\t<\/div>\n\t\t\t\t<\/div>\n\t\t\t\t<\/div>\n\t\t\t\t\t<\/div>\n\t\t\t\t<\/div>\n\t\t<div class=\"wd-negative-gap elementor-element elementor-element-270c15a e-flex e-con-boxed e-con e-parent\" data-id=\"270c15a\" data-element_type=\"container\">\n\t\t\t\t\t<div class=\"e-con-inner\">\n\t\t<div class=\"elementor-element elementor-element-bf083d7 e-con-full e-flex e-con e-child\" data-id=\"bf083d7\" data-element_type=\"container\">\n\t\t\t\t<div class=\"elementor-element elementor-element-217e5bd elementor-widget elementor-widget-heading\" data-id=\"217e5bd\" data-element_type=\"widget\" data-widget_type=\"heading.default\">\n\t\t\t\t<div class=\"elementor-widget-container\">\n\t\t\t\t\t<h2 class=\"elementor-heading-title elementor-size-default\">Cr\u00e8me Hydratante au Beurre de Karit\u00e9 pour le Traitement du M\u00e9lasma<\/h2>\t\t\t\t<\/div>\n\t\t\t\t<\/div>\n\t\t\t\t<div class=\"elementor-element elementor-element-95d7021 color-scheme-inherit text-left elementor-widget elementor-widget-text-editor\" data-id=\"95d7021\" data-element_type=\"widget\" data-widget_type=\"text-editor.default\">\n\t\t\t\t<div class=\"elementor-widget-container\">\n\t\t\t\t\t\t\t\t\t<p><span style=\"font-weight: 400;\">Notre cr\u00e8me hydratante est enrichie en beurre de karit\u00e9, qui est connu pour ses propri\u00e9t\u00e9s nourrissantes et apaisantes. Cette cr\u00e8me sp\u00e9cialement formul\u00e9e pour les femmes enceintes aide \u00e0 r\u00e9duire l&#8217;apparence des taches de m\u00e9lasma tout en maintenant votre peau douce et souple. Elle est douce et s\u00fbre pour un usage quotidien pendant la grossesse.\u00a0<\/span><\/p>\n\t\t\t\t\t\t\t\t<\/div>\n\t\t\t\t<\/div>\n\t\t\t\t<\/div>\n\t\t<div class=\"elementor-element elementor-element-725e38f e-con-full e-flex e-con e-child\" data-id=\"725e38f\" data-element_type=\"container\">\n\t\t\t\t<div class=\"elementor-element elementor-element-745a684 elementor-widget elementor-widget-image\" data-id=\"745a684\" data-element_type=\"widget\" data-widget_type=\"image.default\">\n\t\t\t\t<div class=\"elementor-widget-container\">\n\t\t\t\t\t\t\t\t\t\t\t\t\t\t\t<img loading=\"lazy\" decoding=\"async\" width=\"1080\" height=\"1080\" src=\"https:\/\/akcharcosmetics.com\/wp-content\/uploads\/2023\/09\/cream-7.png\" class=\"attachment-full size-full wp-image-19239\" alt=\"\" srcset=\"https:\/\/akcharcosmetics.com\/wp-content\/uploads\/2023\/09\/cream-7.png 1080w, https:\/\/akcharcosmetics.com\/wp-content\/uploads\/2023\/09\/cream-7-300x300.png 300w, https:\/\/akcharcosmetics.com\/wp-content\/uploads\/2023\/09\/cream-7-800x800.png 800w, https:\/\/akcharcosmetics.com\/wp-content\/uploads\/2023\/09\/cream-7-150x150.png 150w, https:\/\/akcharcosmetics.com\/wp-content\/uploads\/2023\/09\/cream-7-768x768.png 768w, https:\/\/akcharcosmetics.com\/wp-content\/uploads\/2023\/09\/cream-7-860x860.png 860w, https:\/\/akcharcosmetics.com\/wp-content\/uploads\/2023\/09\/cream-7-430x430.png 430w, https:\/\/akcharcosmetics.com\/wp-content\/uploads\/2023\/09\/cream-7-700x700.png 700w\" sizes=\"auto, (max-width: 1080px) 100vw, 1080px\" title=\"\">\t\t\t\t\t\t\t\t\t\t\t\t\t\t\t<\/div>\n\t\t\t\t<\/div>\n\t\t\t\t<\/div>\n\t\t\t\t\t<\/div>\n\t\t\t\t<\/div>\n\t\t<div class=\"wd-negative-gap elementor-element elementor-element-81e1f29 e-flex e-con-boxed e-con e-parent\" data-id=\"81e1f29\" data-element_type=\"container\">\n\t\t\t\t\t<div class=\"e-con-inner\">\n\t\t<div class=\"elementor-element elementor-element-ad26a66 e-con-full e-flex e-con e-child\" data-id=\"ad26a66\" data-element_type=\"container\">\n\t\t\t\t<div class=\"elementor-element elementor-element-60daf69 elementor-widget elementor-widget-image\" data-id=\"60daf69\" data-element_type=\"widget\" data-widget_type=\"image.default\">\n\t\t\t\t<div class=\"elementor-widget-container\">\n\t\t\t\t\t\t\t\t\t\t\t\t\t\t\t<img loading=\"lazy\" decoding=\"async\" width=\"1080\" height=\"1080\" src=\"https:\/\/akcharcosmetics.com\/wp-content\/uploads\/2023\/09\/oil_-7.png\" class=\"attachment-full size-full wp-image-19242\" alt=\"\" srcset=\"https:\/\/akcharcosmetics.com\/wp-content\/uploads\/2023\/09\/oil_-7.png 1080w, https:\/\/akcharcosmetics.com\/wp-content\/uploads\/2023\/09\/oil_-7-300x300.png 300w, https:\/\/akcharcosmetics.com\/wp-content\/uploads\/2023\/09\/oil_-7-800x800.png 800w, https:\/\/akcharcosmetics.com\/wp-content\/uploads\/2023\/09\/oil_-7-150x150.png 150w, https:\/\/akcharcosmetics.com\/wp-content\/uploads\/2023\/09\/oil_-7-768x768.png 768w, https:\/\/akcharcosmetics.com\/wp-content\/uploads\/2023\/09\/oil_-7-860x860.png 860w, https:\/\/akcharcosmetics.com\/wp-content\/uploads\/2023\/09\/oil_-7-430x430.png 430w, https:\/\/akcharcosmetics.com\/wp-content\/uploads\/2023\/09\/oil_-7-700x700.png 700w\" sizes=\"auto, (max-width: 1080px) 100vw, 1080px\" title=\"\">\t\t\t\t\t\t\t\t\t\t\t\t\t\t\t<\/div>\n\t\t\t\t<\/div>\n\t\t\t\t<\/div>\n\t\t<div class=\"elementor-element elementor-element-b087e4f e-con-full e-flex e-con e-child\" data-id=\"b087e4f\" data-element_type=\"container\">\n\t\t\t\t<div class=\"elementor-element elementor-element-c375382 elementor-widget elementor-widget-heading\" data-id=\"c375382\" data-element_type=\"widget\" data-widget_type=\"heading.default\">\n\t\t\t\t<div class=\"elementor-widget-container\">\n\t\t\t\t\t<h2 class=\"elementor-heading-title elementor-size-default\">S\u00e9rum d'Argan et Vitamine E pour le Traitement du M\u00e9lasma<\/h2>\t\t\t\t<\/div>\n\t\t\t\t<\/div>\n\t\t\t\t<div class=\"elementor-element elementor-element-8b9cd7f color-scheme-inherit text-left elementor-widget elementor-widget-text-editor\" data-id=\"8b9cd7f\" data-element_type=\"widget\" data-widget_type=\"text-editor.default\">\n\t\t\t\t<div class=\"elementor-widget-container\">\n\t\t\t\t\t\t\t\t\t<p><span style=\"font-weight: 400;\">Notre s\u00e9rum d&#8217;Argan et Vitamine E est sp\u00e9cialement con\u00e7u pour les femmes enceintes qui luttent contre le m\u00e9lasma. Il combine les bienfaits de l&#8217;huile d&#8217;argan, riche en acides gras essentiels, avec les propri\u00e9t\u00e9s antioxydantes de la vitamine E. Ce s\u00e9rum l\u00e9ger et doux aide \u00e0 att\u00e9nuer les taches pigmentaires du m\u00e9lasma tout en favorisant un teint plus uniforme.\u00a0<\/span><\/p>\n\t\t\t\t\t\t\t\t<\/div>\n\t\t\t\t<\/div>\n\t\t\t\t<\/div>\n\t\t\t\t\t<\/div>\n\t\t\t\t<\/div>\n\t\t<div class=\"wd-negative-gap elementor-element elementor-element-8f4ee4d e-flex e-con-boxed e-con e-parent\" data-id=\"8f4ee4d\" data-element_type=\"container\">\n\t\t\t\t\t<div class=\"e-con-inner\">\n\t\t\t\t<div class=\"elementor-element elementor-element-c410268 elementor-view-stacked elementor-shape-circle elementor-widget elementor-widget-icon\" data-id=\"c410268\" data-element_type=\"widget\" data-widget_type=\"icon.default\">\n\t\t\t\t<div class=\"elementor-widget-container\">\n\t\t\t\t\t\t\t<div class=\"elementor-icon-wrapper\">\n\t\t\t<div class=\"elementor-icon\">\n\t\t\t<svg xmlns=\"http:\/\/www.w3.org\/2000\/svg\" xmlns:xlink=\"http:\/\/www.w3.org\/1999\/xlink\" fill=\"#000000\" height=\"800px\" width=\"800px\" id=\"Layer_1\" viewBox=\"0 0 256 256\" xml:space=\"preserve\"><path d=\"M59.2,133C38,129.9,23.3,110.2,26.4,89c3.1-21.2,22.7-35.9,43.9-32.8c21.2,3.1,35.9,22.7,32.8,43.9 C100.1,121.3,80.4,136,59.2,133z M244.5,187.5c-18.3,39.4-57.5,62.6-98.4,62.6c-15.3,0-30.8-3.2-45.6-10.1 c-20.3-9.4-28.7-36.3-34.9-55.9c-2.3-7.4-5.8-18.5-8.1-20.2c-34.8-16.2-67-48.2-53.2-89.7c4.9-14.7,15.9-26.4,31-32.9 C52.5,33.9,72.9,34.2,90,42c2,0.3,8.7-1.1,14.2-2.2c20.7-4.1,55.2-11.1,87.3,3.8c26.3,12.2,46.3,33.9,56.3,61 C257.8,131.9,256.6,161.3,244.5,187.5z M236.5,108.8c-6.1-16.5-16.3-30.7-29.6-41.5c6.6,16.5,1.1,23-1.2,24.9 c-4.5,3.6-11.1,2.6-15.7-2.3c-11.8-12.5-20-15.4-23.8-13.9c-2.5,1-3,4.1-3,5.9c-0.2,7.9,6.2,18.9,18.8,24.5 c11.5,5.1,18.5,15.6,15.7,23.4c-1.6,4.5-7.5,11.1-28.7,5c-6.8-1.9-16.9,16.3-22.5,31.6c1.7,2.3,3.3,4.5,5,6.8 c1.5-4.4,3.1-8.3,4.6-12.6c2.4-6.6,6.5-10.1,11.6-10.7c1.1-0.3,2.6-0.2,4.2,0.2l36.4-14c5.7-2.2,12,0.6,14.2,6.3 c2.2,5.7-0.6,12-6.3,14.2l-14.6,5.6c6.9,3,13.8,5.9,20.7,8.8c15.5,6.8,5.1,30.4-10.3,23.6c-10.4-4.3-20.6-8.9-30.6-13.1 c-3.8,10.1-7,19.6-10.7,29.6c-0.6,0.8-3,11.5-10.7,17.2c-11.3,8.4-27.9,6.1-36.3-5.2c-12.6-16.9-25.2-33.8-37.9-50.7 c-7.4-9.3-7-22-0.1-31.1c0.7-1.2,2.3-2.8,3.8-4c10.2-7.6,26.1-19.1,38.9-28.7c-3.9-5.2-7.6-10.2-11.5-15.4c-10-13.3,11-29.1,21-15.8 c3.8,5.6,16.5,22.1,18.8,25.2c4.3,5.2,5.4,13.6-1.8,18.9c-5.6,4.3-21,15.8-27.1,19.9c3,3.9,6.7,8.6,9.7,12.6l-9.7,25.8l4.3,1.8 c0,0,8.8-22.9,8.9-22.7c5.4-13.4,16.5-35.6,30.3-31.7c12.6,3.6,18.2,2,18.9,0c1-2.9-3.3-9.8-11.4-13.4c-16.6-7.4-23.9-21.7-23.6-32 c0.2-6.4,3.2-11.3,8.1-13.2c5.8-2.2,16.1-1.3,32.5,15.9c1.7,1.8,3.8,2.5,4.9,1.6c1.8-1.4,3.8-9.5-7.6-28c-2.2-1.2-4.4-2.4-6.7-3.5 c-28.5-13.2-60.7-6.8-79.9-2.9c-11,2.2-17,3.4-21.3,1.4c-7.3-3.4-15.4-5.1-23.5-5.1c-7.4,0-14.9,1.5-21.7,4.4 C28.2,57.4,19.5,66.6,15.7,78c-5.4,16-2.7,31.4,8.1,45.6c11.7,15.4,29.3,25,38.8,29.4c6.8,3.2,10,13.3,14.4,27.5 c5.8,18.5,13,41.5,28.5,48.6c48.3,22.4,105.7,1.5,128-46.7C244.4,159.1,245.4,133,236.5,108.8z\"><\/path><\/svg>\t\t\t<\/div>\n\t\t<\/div>\n\t\t\t\t\t\t<\/div>\n\t\t\t\t<\/div>\n\t\t\t\t<div class=\"elementor-element elementor-element-287389b text-center color-scheme-inherit elementor-widget elementor-widget-text-editor\" data-id=\"287389b\" data-element_type=\"widget\" data-widget_type=\"text-editor.default\">\n\t\t\t\t<div class=\"elementor-widget-container\">\n\t\t\t\t\t\t\t\t\t<p><span style=\"font-weight: 400;\">Nos produits sont sp\u00e9cialement formul\u00e9s pour r\u00e9pondre aux besoins des femmes enceintes qui luttent contre le m\u00e9lasma. Ils sont naturels, s\u00fbrs et efficaces, et nous sommes d\u00e9termin\u00e9s \u00e0 vous aider \u00e0 retrouver un teint plus uniforme et une peau rayonnante pendant cette p\u00e9riode sp\u00e9ciale de votre vie. <\/span><\/p>\n\t\t\t\t\t\t\t\t<\/div>\n\t\t\t\t<\/div>\n\t\t\t\t\t<\/div>\n\t\t\t\t<\/div>\n\t\t<div class=\"wd-negative-gap elementor-element elementor-element-22d7604 e-flex e-con-boxed e-con e-parent\" data-id=\"22d7604\" data-element_type=\"container\">\n\t\t\t\t\t<div class=\"e-con-inner\">\n\t\t\t\t<div class=\"elementor-element elementor-element-8d328eb text-center color-scheme-inherit elementor-widget elementor-widget-text-editor\" data-id=\"8d328eb\" data-element_type=\"widget\" data-widget_type=\"text-editor.default\">\n\t\t\t\t<div class=\"elementor-widget-container\">\n\t\t\t\t\t\t\t\t\t<p><span style=\"font-weight: 400;\">N&#8217;h\u00e9sitez pas \u00e0 explorer davantage chaque produit pour en savoir plus sur leurs bienfaits et \u00e0 nous contacter si vous avez des questions ou avez besoin de conseils personnalis\u00e9s.\u00a0<\/span><\/p>\n<p><span style=\"font-weight: 400;\">Prenez soin de votre peau tout en prot\u00e9geant votre b\u00e9b\u00e9 \u00e0 na\u00eetre avec notre gamme de produits sp\u00e9cialement con\u00e7us pour traiter le m\u00e9lasma chez les femmes enceintes.\u00a0<\/span><\/p>\n\t\t\t\t\t\t\t\t<\/div>\n\t\t\t\t<\/div>\n\t\t\t\t<div class=\"elementor-element elementor-element-9ba8c35 elementor-widget elementor-widget-heading\" data-id=\"9ba8c35\" data-element_type=\"widget\" data-widget_type=\"heading.default\">\n\t\t\t\t<div class=\"elementor-widget-container\">\n\t\t\t\t\t<h2 class=\"elementor-heading-title elementor-size-default\">Et n'oublie pas que tu seras la meilleure maman du monde!\ud83d\udc96\n<\/h2>\t\t\t\t<\/div>\n\t\t\t\t<\/div>\n\t\t\t\t\t<\/div>\n\t\t\t\t<\/div>\n\t\t\t\t<\/div>\n\t\t","protected":false},"excerpt":{"rendered":"<p><span style=\"font-weight: 400;\">We are pleased to introduce our exclusive Anti-Melasma pack, designed specifically for pregnant women. We understand how concerning melasma can be during pregnancy, which is why we have developed a series of natural products specially formulated to help address this skin pigmentation issue while being safe for both you and your unborn baby.<\/span><\/p>\n","protected":false},"featured_media":22572,"comment_status":"open","ping_status":"closed","template":"","meta":[],"product_brand":[],"product_cat":[196],"product_tag":[],"class_list":{"0":"post-16674","1":"product","2":"type-product","3":"status-publish","4":"has-post-thumbnail","6":"product_cat-packs","8":"first","9":"instock","10":"taxable","11":"shipping-taxable","12":"purchasable","13":"product-type-simple"},"_links":{"self":[{"href":"https:\/\/akcharcosmetics.com\/en\/wp-json\/wp\/v2\/product\/16674","targetHints":{"allow":["GET"]}}],"collection":[{"href":"https:\/\/akcharcosmetics.com\/en\/wp-json\/wp\/v2\/product"}],"about":[{"href":"https:\/\/akcharcosmetics.com\/en\/wp-json\/wp\/v2\/types\/product"}],"replies":[{"embeddable":true,"href":"https:\/\/akcharcosmetics.com\/en\/wp-json\/wp\/v2\/comments?post=16674"}],"version-history":[{"count":11,"href":"https:\/\/akcharcosmetics.com\/en\/wp-json\/wp\/v2\/product\/16674\/revisions"}],"predecessor-version":[{"id":22587,"href":"https:\/\/akcharcosmetics.com\/en\/wp-json\/wp\/v2\/product\/16674\/revisions\/22587"}],"wp:featuredmedia":[{"embeddable":true,"href":"https:\/\/akcharcosmetics.com\/en\/wp-json\/wp\/v2\/media\/22572"}],"wp:attachment":[{"href":"https:\/\/akcharcosmetics.com\/en\/wp-json\/wp\/v2\/media?parent=16674"}],"wp:term":[{"taxonomy":"product_brand","embeddable":true,"href":"https:\/\/akcharcosmetics.com\/en\/wp-json\/wp\/v2\/product_brand?post=16674"},{"taxonomy":"product_cat","embeddable":true,"href":"https:\/\/akcharcosmetics.com\/en\/wp-json\/wp\/v2\/product_cat?post=16674"},{"taxonomy":"product_tag","embeddable":true,"href":"https:\/\/akcharcosmetics.com\/en\/wp-json\/wp\/v2\/product_tag?post=16674"}],"curies":[{"name":"wp","href":"https:\/\/api.w.org\/{rel}","templated":true}]}}