{"id":16870,"date":"2023-09-26T12:26:10","date_gmt":"2023-09-26T12:26:10","guid":{"rendered":"https:\/\/akcharcosmetics.com\/politique-de-livraison\/"},"modified":"2023-11-22T15:02:35","modified_gmt":"2023-11-22T15:02:35","slug":"politique-de-livraison","status":"publish","type":"page","link":"https:\/\/akcharcosmetics.com\/en\/politique-de-livraison\/","title":{"rendered":"Shipping Policy"},"content":{"rendered":"\n<p><strong>D\u00e9lai de Livraison :\u00a0<\/strong><\/p>\n\n<p>Les commandes sont livr\u00e9es dans un d\u00e9lai de 1 \u00e0 3 jours apr\u00e8s confirmation de la commande.\u00a0<\/p>\n\n<p><strong>Frais de Livraison :\u00a0<\/strong><\/p>\n\n<p>La livraison gratuite est disponible lorsque la commande d\u00e9passe 500 dirhams et \u00e9galement dans le cadre de certaines offres sp\u00e9ciales.\u00a0<\/p>\n\n<p><strong>Zone de Livraison :<\/strong><\/p>\n\n<p>Nous envoyons les commandes avec le livreur \u00e0 votre adresse domicile. Vous pouvez \u00e9galement v\u00e9rifier votre commande avant de la payer.\u00a0<\/p>\n\n<p><strong>Confirmation de Livraison :\u00a0<\/strong><\/p>\n\n<p>Vous devriez recevoir une confirmation par e-mail avec les d\u00e9tails de la livraison une fois que votre commande a \u00e9t\u00e9 exp\u00e9di\u00e9e.\u00a0<\/p>\n\n<p><strong>Politique de Paiement \u00e0 la Livraison (PPL) :\u00a0<\/strong><\/p>\n\n<p>Le paiement \u00e0 la livraison est une m\u00e9thode de paiement o\u00f9 vous payez votre commande en esp\u00e8ces lors de sa livraison \u00e0 votre porte :\u00a0<\/p>\n\n<p>Cash on delivery<\/p>\n\n<p>Vous paierez au livreur le montant total de la commande en esp\u00e8ces lorsque votre colis arrivera.\u00a0<\/p>\n\n<p><strong>V\u00e9rification :\u00a0<\/strong><\/p>\n\n<p>Le livreur peut v\u00e9rifier votre identit\u00e9 et v\u00e9rifier les d\u00e9tails de la commande avant d&#8217;accepter le paiement.\u00a0<\/p>\n\n<p><strong>Monnaie Exacte :\u00a0<\/strong><\/p>\n\n<p>Il est pr\u00e9f\u00e9rable d&#8217;avoir le montant exact pr\u00eat en esp\u00e8ces pour faciliter la transaction. <strong>Politique de Retour :\u00a0<\/strong><\/p>\n\n<p>Une politique de retour d\u00e9crit les conditions pour retourner des produits si vous n&#8217;\u00eates pas satisfait de votre achat :\u00a0<\/p>\n\n<p><strong>D\u00e9lai :\u00a0<\/strong><\/p>\n\n<p>Vous pouvez retourner les commandes dans un d\u00e9lai de 3 jours, sinon votre demande de retour ne sera pas accept\u00e9e.\u00a0<\/p>\n\n<p><strong>\u00c9tat :\u00a0<\/strong><\/p>\n\n<p>Les produits doivent \u00eatre dans leur \u00e9tat d&#8217;origine, non ouverts et non utilis\u00e9s pour \u00eatre \u00e9ligibles au retour.\u00a0<\/p>\n\n<p><strong>Remboursement ou \u00c9change :<\/strong><\/p>\n\n<p>Vous avez le choix entre recevoir un remboursement ou opter pour un \u00e9change lors du retour des produits.\u00a0<\/p>\n\n<p><strong>Frais de Retour :\u00a0<\/strong><\/p>\n\n<p>Selon la politique de la marque, vous \u00eates responsable des frais de retour. <strong>Articles Endommag\u00e9s ou Incorrects :\u00a0<\/strong>Si vous recevez des articles endommag\u00e9s ou incorrects, vous devez nous contacter imm\u00e9diatement pour un \u00e9change.<\/p>\n","protected":false},"excerpt":{"rendered":"<p>D\u00e9lai de Livraison :\u00a0 Les commandes sont livr\u00e9es dans un d\u00e9lai de 1 \u00e0 3 jours apr\u00e8s confirmation de la<\/p>\n","protected":false},"author":18,"featured_media":0,"parent":0,"menu_order":0,"comment_status":"closed","ping_status":"closed","template":"","meta":{"footnotes":""},"class_list":["post-16870","page","type-page","status-publish","hentry"],"_links":{"self":[{"href":"https:\/\/akcharcosmetics.com\/en\/wp-json\/wp\/v2\/pages\/16870","targetHints":{"allow":["GET"]}}],"collection":[{"href":"https:\/\/akcharcosmetics.com\/en\/wp-json\/wp\/v2\/pages"}],"about":[{"href":"https:\/\/akcharcosmetics.com\/en\/wp-json\/wp\/v2\/types\/page"}],"author":[{"embeddable":true,"href":"https:\/\/akcharcosmetics.com\/en\/wp-json\/wp\/v2\/users\/18"}],"replies":[{"embeddable":true,"href":"https:\/\/akcharcosmetics.com\/en\/wp-json\/wp\/v2\/comments?post=16870"}],"version-history":[{"count":1,"href":"https:\/\/akcharcosmetics.com\/en\/wp-json\/wp\/v2\/pages\/16870\/revisions"}],"predecessor-version":[{"id":19050,"href":"https:\/\/akcharcosmetics.com\/en\/wp-json\/wp\/v2\/pages\/16870\/revisions\/19050"}],"wp:attachment":[{"href":"https:\/\/akcharcosmetics.com\/en\/wp-json\/wp\/v2\/media?parent=16870"}],"curies":[{"name":"wp","href":"https:\/\/api.w.org\/{rel}","templated":true}]}}